{"id":4269,"date":"2024-10-23T15:41:40","date_gmt":"2024-10-23T13:41:40","guid":{"rendered":"http:\/\/billigtrikots.com\/?post_type=product&#038;p=4269"},"modified":"2024-10-23T15:43:52","modified_gmt":"2024-10-23T13:43:52","slug":"manchester-united-ausweichtrikot-2021-22-langarm-trikotsatz-mit-aufdruck-blind-17","status":"publish","type":"product","link":"https:\/\/www.billigtrikotde.com\/sl\/manchester-united-ausweichtrikot-2021-22-langarm-trikotsatz-mit-aufdruck-blind-17\/","title":{"rendered":"Manchester United komplet 2021\/22 majica z dolgimi rokavi in potiskom Blind 17"},"content":{"rendered":"<p>Nasveti za tiskanje: \u010ce sta ime in \u0161tevilka na sliki to\u010dno tak\u0161na, kot ju \u017eelite, ju ni treba ponovno vnesti. \u010ce ni tako, vnesite \u017eeleno ime in \u0161tevilko.<\/p>\n<p>Nasveti za pranje: Priporo\u010dljivo je, da nogometne majice perete ro\u010dno. \u010ce \u017eelite uporabiti pralni stroj, ne pozabite nogometne majice obrniti narobe in jih nato oprati.<\/p>","protected":false},"excerpt":{"rendered":"<p>Nasveti za tiskanje: \u010ce se ime in \u0161tevilka na sliki natan\u010dno ujemata z va\u0161imi \u017eeljami, ju ni treba znova vna\u0161ati. \u010ce ne, vnesite \u017eeleno ime in \u0161tevilko. Nasveti za pranje: Priporo\u010damo ro\u010dno pranje nogometnih dresov. \u010ce \u017eelite uporabiti pralni stroj, pomnite, da obrnite nogometne dresove na glavo [\u2026]<\/p>","protected":false},"featured_media":4310,"comment_status":"open","ping_status":"closed","template":"","meta":[],"product_brand":[],"product_cat":[50],"product_tag":[20,38,43,21,22,24,53,52],"class_list":{"0":"post-4269","1":"product","2":"type-product","3":"status-publish","4":"has-post-thumbnail","6":"product_cat-manchester-united","7":"product_tag-coole-fussballtrikots","8":"product_tag-fussball-trikot-langarm","9":"product_tag-fussballkleidung","10":"product_tag-fussballtrikot-fuer-herren","11":"product_tag-fussballtrikot-guenstig-kaufen","12":"product_tag-guenstiges-fussballtrikot","13":"product_tag-manchester-united-ausweichtrikot","14":"product_tag-manchester-united-trikots","16":"first","17":"instock","18":"shipping-taxable","19":"purchasable","20":"product-type-variable"},"_links":{"self":[{"href":"https:\/\/www.billigtrikotde.com\/sl\/wp-json\/wp\/v2\/product\/4269","targetHints":{"allow":["GET"]}}],"collection":[{"href":"https:\/\/www.billigtrikotde.com\/sl\/wp-json\/wp\/v2\/product"}],"about":[{"href":"https:\/\/www.billigtrikotde.com\/sl\/wp-json\/wp\/v2\/types\/product"}],"replies":[{"embeddable":true,"href":"https:\/\/www.billigtrikotde.com\/sl\/wp-json\/wp\/v2\/comments?post=4269"}],"wp:featuredmedia":[{"embeddable":true,"href":"https:\/\/www.billigtrikotde.com\/sl\/wp-json\/wp\/v2\/media\/4310"}],"wp:attachment":[{"href":"https:\/\/www.billigtrikotde.com\/sl\/wp-json\/wp\/v2\/media?parent=4269"}],"wp:term":[{"taxonomy":"product_brand","embeddable":true,"href":"https:\/\/www.billigtrikotde.com\/sl\/wp-json\/wp\/v2\/product_brand?post=4269"},{"taxonomy":"product_cat","embeddable":true,"href":"https:\/\/www.billigtrikotde.com\/sl\/wp-json\/wp\/v2\/product_cat?post=4269"},{"taxonomy":"product_tag","embeddable":true,"href":"https:\/\/www.billigtrikotde.com\/sl\/wp-json\/wp\/v2\/product_tag?post=4269"}],"curies":[{"name":"wp","href":"https:\/\/api.w.org\/{rel}","templated":true}]}}