{"id":4233,"date":"2024-10-23T15:39:47","date_gmt":"2024-10-23T13:39:47","guid":{"rendered":"http:\/\/billigtrikots.com\/?post_type=product&#038;p=4233"},"modified":"2024-10-23T15:42:10","modified_gmt":"2024-10-23T13:42:10","slug":"los-angeles-galaxy-2022-auswaertstrikot-weiss-mit-herbalife-nutrition-aufdruck","status":"publish","type":"product","link":"https:\/\/www.billigtrikotde.com\/sl\/los-angeles-galaxy-2022-auswaertstrikot-weiss-mit-herbalife-nutrition-aufdruck\/","title":{"rendered":"Los Angeles Galaxy 2022 gostujo\u010da majica bela s potiskom Herbalife Nutrition"},"content":{"rendered":"<p>Majica ima dizajn Quasar in je bila izdana kot majica \u00bbCity of Dreams\u00ab. Na oznaki Jock stojita besedi \u00bbSolo un La\u00ab (obstaja le en LA). Herbalife \u0161e vedno je na sprednji strani majice, z Honey na rokavu.<br \/>\nNasveti za tiskanje: \u010ce sta ime in \u0161tevilka na sliki to\u010dno tak\u0161na, kot ju \u017eelite, ju ni treba ponovno vnesti. \u010ce ni tako, vnesite \u017eeleno ime in \u0161tevilko.<\/p>\n<p>Nasveti za pranje: Priporo\u010dljivo je, da nogometne majice perete ro\u010dno. \u010ce \u017eelite uporabiti pralni stroj, ne pozabite nogometne majice obrniti narobe in jih nato oprati. Stroj napolnite s hladno vodo in uporabite ob\u010dutljiv cikel, da bolje za\u0161\u010ditite barve.<\/p>","protected":false},"excerpt":{"rendered":"<p>Majica nosi dizajn kvazarja in je bila izre\u010dena kot \u201eCity of Dreams\u201c majica. Na jock-tag pi\u0161e besede \u201eSolo un La\u201c (obstaja le en LA). Herbalife se \u0161e naprej pojavlja na sprednji strani majice, z Honey na rokavu. Nasveti za tiskanje: \u010ce je ime in \u0161tevilka na sliki to\u010dno tak\u0161na, kot \u017eelite [\u2026]<\/p>","protected":false},"featured_media":4267,"comment_status":"open","ping_status":"closed","template":"","meta":[],"product_brand":[],"product_cat":[182],"product_tag":[20,21,22,23,24,183,184],"class_list":{"0":"post-4233","1":"product","2":"type-product","3":"status-publish","4":"has-post-thumbnail","6":"product_cat-la-galaxy","7":"product_tag-coole-fussballtrikots","8":"product_tag-fussballtrikot-fuer-herren","9":"product_tag-fussballtrikot-guenstig-kaufen","10":"product_tag-fussballtrikot-kurzarm","11":"product_tag-guenstiges-fussballtrikot","12":"product_tag-la-galaxy-away-shirt","13":"product_tag-la-galaxy-trikots","15":"first","16":"instock","17":"shipping-taxable","18":"purchasable","19":"product-type-variable"},"_links":{"self":[{"href":"https:\/\/www.billigtrikotde.com\/sl\/wp-json\/wp\/v2\/product\/4233","targetHints":{"allow":["GET"]}}],"collection":[{"href":"https:\/\/www.billigtrikotde.com\/sl\/wp-json\/wp\/v2\/product"}],"about":[{"href":"https:\/\/www.billigtrikotde.com\/sl\/wp-json\/wp\/v2\/types\/product"}],"replies":[{"embeddable":true,"href":"https:\/\/www.billigtrikotde.com\/sl\/wp-json\/wp\/v2\/comments?post=4233"}],"wp:featuredmedia":[{"embeddable":true,"href":"https:\/\/www.billigtrikotde.com\/sl\/wp-json\/wp\/v2\/media\/4267"}],"wp:attachment":[{"href":"https:\/\/www.billigtrikotde.com\/sl\/wp-json\/wp\/v2\/media?parent=4233"}],"wp:term":[{"taxonomy":"product_brand","embeddable":true,"href":"https:\/\/www.billigtrikotde.com\/sl\/wp-json\/wp\/v2\/product_brand?post=4233"},{"taxonomy":"product_cat","embeddable":true,"href":"https:\/\/www.billigtrikotde.com\/sl\/wp-json\/wp\/v2\/product_cat?post=4233"},{"taxonomy":"product_tag","embeddable":true,"href":"https:\/\/www.billigtrikotde.com\/sl\/wp-json\/wp\/v2\/product_tag?post=4233"}],"curies":[{"name":"wp","href":"https:\/\/api.w.org\/{rel}","templated":true}]}}