{"id":4186,"date":"2024-10-23T15:37:30","date_gmt":"2024-10-23T13:37:30","guid":{"rendered":"http:\/\/billigtrikots.com\/?post_type=product&#038;p=4186"},"modified":"2025-06-16T16:03:52","modified_gmt":"2025-06-16T14:03:52","slug":"juventus-turin-herren-auswaertstrikot-2021-22-schwarz-weiss-mit-aufdruck-de-sciglio-2","status":"publish","type":"product","link":"https:\/\/www.billigtrikotde.com\/sl\/juventus-turin-herren-auswaertstrikot-2021-22-schwarz-weiss-mit-aufdruck-de-sciglio-2\/","title":{"rendered":"Juventus Torino Mo\u0161ka gostujo\u010da majica 2021\/22 \u010drno-bela s potiskom De Sciglio 2"},"content":{"rendered":"<p>Tako kot vedno ima tudi nova mo\u0161ka gostujo\u010da majica Juventus Torino ponosno klubsko zna\u010dko na sr\u010dni strani, krasijo pa jo adidasov logotip, zasnova s tremi \u010drtami in uradni napis sponzorja.<\/p>\n<p>Nova majica JUVE za mo\u0161ke je narejena iz mehkega materiala Aeroready in zagotavlja optimalno uravnavanje toplote in vlage, tako da boste ves \u010das suhi in udobni. Z rebrastim ovratnikom in nekoliko \u0161ir\u0161im krojem od samega igralskega dresa vam ponuja tudi najve\u010djo svobodo gibanja v vseh smereh, tako da lahko vedno odli\u010dno opravljate svoje delo - na igri\u0161\u010du, v prostem \u010dasu ali na treningu.<\/p>\n<p>Nasveti za tiskanje: \u010ce sta ime in \u0161tevilka na sliki to\u010dno tak\u0161na, kot ju \u017eelite, ju ni treba ponovno vnesti. \u010ce ni tako, vnesite \u017eeleno ime in \u0161tevilko.<\/p>\n<p>Nasveti za pranje: Priporo\u010dljivo je, da nogometne majice perete ro\u010dno. \u010ce \u017eelite uporabiti pralni stroj, ne pozabite nogometne majice obrniti narobe in jih nato oprati.<\/p>","protected":false},"excerpt":{"rendered":"<p>Nova mo\u0161ka doma\u010da gostujo\u010da majica Juventusa iz Torina nosi, kot vedno, ponosni klubovski znak na sr\u010dni strani in je okra\u0161ena z logotipom adidas, dizajnom 3 \u010drt in uradnim napisom sponzorja. Izdelana iz mehkega materiala Aeroready, nova MO\u0160KA majica JUVE nudi optimalno zadr\u017eevanje toplote in vlage ter s tem vedno [\u2026]<\/p>","protected":false},"featured_media":4227,"comment_status":"open","ping_status":"closed","template":"","meta":[],"product_brand":[],"product_cat":[59],"product_tag":[20,38,21,24,150,61],"class_list":{"0":"post-4186","1":"product","2":"type-product","3":"status-publish","4":"has-post-thumbnail","6":"product_cat-juventus","7":"product_tag-coole-fussballtrikots","8":"product_tag-fussball-trikot-langarm","9":"product_tag-fussballtrikot-fuer-herren","10":"product_tag-guenstiges-fussballtrikot","11":"product_tag-juventus-auswaertstrikot","12":"product_tag-juventus-trikots","14":"first","15":"instock","16":"shipping-taxable","17":"purchasable","18":"product-type-variable"},"_links":{"self":[{"href":"https:\/\/www.billigtrikotde.com\/sl\/wp-json\/wp\/v2\/product\/4186","targetHints":{"allow":["GET"]}}],"collection":[{"href":"https:\/\/www.billigtrikotde.com\/sl\/wp-json\/wp\/v2\/product"}],"about":[{"href":"https:\/\/www.billigtrikotde.com\/sl\/wp-json\/wp\/v2\/types\/product"}],"replies":[{"embeddable":true,"href":"https:\/\/www.billigtrikotde.com\/sl\/wp-json\/wp\/v2\/comments?post=4186"}],"wp:featuredmedia":[{"embeddable":true,"href":"https:\/\/www.billigtrikotde.com\/sl\/wp-json\/wp\/v2\/media\/4227"}],"wp:attachment":[{"href":"https:\/\/www.billigtrikotde.com\/sl\/wp-json\/wp\/v2\/media?parent=4186"}],"wp:term":[{"taxonomy":"product_brand","embeddable":true,"href":"https:\/\/www.billigtrikotde.com\/sl\/wp-json\/wp\/v2\/product_brand?post=4186"},{"taxonomy":"product_cat","embeddable":true,"href":"https:\/\/www.billigtrikotde.com\/sl\/wp-json\/wp\/v2\/product_cat?post=4186"},{"taxonomy":"product_tag","embeddable":true,"href":"https:\/\/www.billigtrikotde.com\/sl\/wp-json\/wp\/v2\/product_tag?post=4186"}],"curies":[{"name":"wp","href":"https:\/\/api.w.org\/{rel}","templated":true}]}}