{"id":4124,"date":"2024-10-23T15:34:48","date_gmt":"2024-10-23T13:34:48","guid":{"rendered":"http:\/\/billigtrikots.com\/?post_type=product&#038;p=4124"},"modified":"2024-10-23T15:36:51","modified_gmt":"2024-10-23T13:36:51","slug":"guenstige-boca-juniors-2021-22-auswaertstrikot-kaufen-mit-eigenem-namen","status":"publish","type":"product","link":"https:\/\/www.billigtrikotde.com\/sl\/guenstige-boca-juniors-2021-22-auswaertstrikot-kaufen-mit-eigenem-namen\/","title":{"rendered":"Kupi poceni dres Boca Juniors 2021\/22 s svojim imenom"},"content":{"rendered":"<p>To barvo nosijo fantje Boca Juniors redkeje, vendar takoj spomni na slavne trenutke klubske zgodovine. Na gostovanjih v sezoni 21\/22 so zvezde Boca Juniors vidne v sivih dresih adidas, kot je ta. Tehnologija AEROREADY, ki absorbira vlago, in mehak material poskrbita za prijeten ob\u010dutek tudi pri navija\u010dih. Logotip kluba se izstopa od subtilnega allover tiska in poka\u017ee vsem, za katero ekipo ti srce brusi. Ta izdelek je Primegreen: izdelan z razli\u010dno funkcionalnimi recikliranimi materiali.<\/p>\n<p>Nasveti za tiskanje: \u010ce sta ime in \u0161tevilka na sliki to\u010dno tak\u0161na, kot ju \u017eelite, ju ni treba ponovno vnesti. \u010ce ni tako, vnesite \u017eeleno ime in \u0161tevilko.<\/p>\n<p>Nasveti za pranje: Priporo\u010dljivo je, da nogometne majice perete ro\u010dno. \u010ce \u017eelite uporabiti pralni stroj, ne pozabite nogometne majice obrniti narobe in jih nato oprati. Stroj napolnite s hladno vodo in uporabite ob\u010dutljiv cikel, da bolje za\u0161\u010ditite barve.<\/p>","protected":false},"excerpt":{"rendered":"<p>Diese Farbe tragen die Jungs der Boca Juniors selten, aber sie erinnert sofort an ruhmreiche Momente der Vereinsgeschichte. Bei Ausw\u00e4rtsspielen in der Saison 21\/22 sind die Stars von Boca Juniors in grauen adidas Trikots wie diesem zu sehen. Die feuchtigkeitsabsorbierende AEROREADY Technologie und das weiche Material sorgen auch bei den Fans f\u00fcr ein angenehmes Tragegef\u00fchl. [&hellip;]<\/p>","protected":false},"featured_media":4168,"comment_status":"open","ping_status":"closed","template":"","meta":[],"product_brand":[],"product_cat":[15],"product_tag":[20,206,207,21,22,23,24],"class_list":{"0":"post-4124","1":"product","2":"type-product","3":"status-publish","4":"has-post-thumbnail","6":"product_cat-unkategorisiert","7":"product_tag-coole-fussballtrikots","8":"product_tag-boca-juniors-auswaertstrikot","9":"product_tag-boca-juniors-trikots","10":"product_tag-fussballtrikot-fuer-herren","11":"product_tag-fussballtrikot-guenstig-kaufen","12":"product_tag-fussballtrikot-kurzarm","13":"product_tag-guenstiges-fussballtrikot","15":"first","16":"instock","17":"shipping-taxable","18":"purchasable","19":"product-type-variable"},"_links":{"self":[{"href":"https:\/\/www.billigtrikotde.com\/sl\/wp-json\/wp\/v2\/product\/4124","targetHints":{"allow":["GET"]}}],"collection":[{"href":"https:\/\/www.billigtrikotde.com\/sl\/wp-json\/wp\/v2\/product"}],"about":[{"href":"https:\/\/www.billigtrikotde.com\/sl\/wp-json\/wp\/v2\/types\/product"}],"replies":[{"embeddable":true,"href":"https:\/\/www.billigtrikotde.com\/sl\/wp-json\/wp\/v2\/comments?post=4124"}],"wp:featuredmedia":[{"embeddable":true,"href":"https:\/\/www.billigtrikotde.com\/sl\/wp-json\/wp\/v2\/media\/4168"}],"wp:attachment":[{"href":"https:\/\/www.billigtrikotde.com\/sl\/wp-json\/wp\/v2\/media?parent=4124"}],"wp:term":[{"taxonomy":"product_brand","embeddable":true,"href":"https:\/\/www.billigtrikotde.com\/sl\/wp-json\/wp\/v2\/product_brand?post=4124"},{"taxonomy":"product_cat","embeddable":true,"href":"https:\/\/www.billigtrikotde.com\/sl\/wp-json\/wp\/v2\/product_cat?post=4124"},{"taxonomy":"product_tag","embeddable":true,"href":"https:\/\/www.billigtrikotde.com\/sl\/wp-json\/wp\/v2\/product_tag?post=4124"}],"curies":[{"name":"wp","href":"https:\/\/api.w.org\/{rel}","templated":true}]}}