{"id":4068,"date":"2024-10-23T15:32:02","date_gmt":"2024-10-23T13:32:02","guid":{"rendered":"http:\/\/billigtrikots.com\/?post_type=product&#038;p=4068"},"modified":"2024-10-23T15:34:11","modified_gmt":"2024-10-23T13:34:11","slug":"fussball-trikotsatz-atletico-madrid-2021-22-heimtrikot-in-rot-mit-aufdruck-griezmann-8","status":"publish","type":"product","link":"https:\/\/www.billigtrikotde.com\/sl\/fussball-trikotsatz-atletico-madrid-2021-22-heimtrikot-in-rot-mit-aufdruck-griezmann-8\/","title":{"rendered":"Nogometni komplet Atletico Madrid 2021\/22 doma\u010da majica v rde\u010di barvi s potiskom GRIEZMANN 8"},"content":{"rendered":"<p>Z rde\u010dim dresom Nike predstavlja izdelek, s katerim lahko svojo najljub\u0161o ekipo podpira\u0161 v dobrih in slabih \u010dasih z vsem srcem in predanostjo. Vsak zagret navija\u010d Atletica Madrid potrebuje ta doma\u010di dres, saj ga nosijo tudi igralci v Primeri Division. Je zra\u010den, udoben in lahek. Odli\u010den videz tega \u0161portnega topa je poudarjen z klubskim grbom na prsih. S tem \u0161portnim topom si popolnoma pripravljen za vsak trening in tekmo. S tem rde\u010dim \u0161portnim topom v \u010drtastem vzorcu poudari\u0161 svoj stil.<\/p>\n<p>Nasveti za tiskanje: \u010ce sta ime in \u0161tevilka na sliki to\u010dno tak\u0161na, kot ju \u017eelite, ju ni treba ponovno vnesti. \u010ce ni tako, vnesite \u017eeleno ime in \u0161tevilko.<\/p>\n<p>Nasveti za pranje: Priporo\u010dljivo je, da nogometne majice perete ro\u010dno. \u010ce \u017eelite uporabiti pralni stroj, ne pozabite nogometne majice obrniti narobe in jih nato oprati. Stroj napolnite s hladno vodo in uporabite ob\u010dutljiv cikel, da bolje za\u0161\u010ditite barve.<\/p>","protected":false},"excerpt":{"rendered":"<p>Mit dem Trikot in Rot bringt Nike ein Produkt an den Start, mit dem du deinen Lieblingsverein in guten wie in schlechten Zeiten mit Herzblut und Hingabe unterst\u00fctzen kannst. Jeder eingefleischte Atletico Madrid-Supporter braucht dieses Heim-Trikot, denn auch die Spieler tragen es in der Primera Division. Es ist atmungsaktiv, bequem und leicht. Die tolle Optik [&hellip;]<\/p>","protected":false},"featured_media":4109,"comment_status":"open","ping_status":"closed","template":"","meta":[],"product_brand":[],"product_cat":[88],"product_tag":[89,90,20,21,22,23,24],"class_list":{"0":"post-4068","1":"product","2":"type-product","3":"status-publish","4":"has-post-thumbnail","6":"product_cat-atletico-madrid","7":"product_tag-atletico-madrid-heimtrikot","8":"product_tag-atletico-madrid-trikots","9":"product_tag-coole-fussballtrikots","10":"product_tag-fussballtrikot-fuer-herren","11":"product_tag-fussballtrikot-guenstig-kaufen","12":"product_tag-fussballtrikot-kurzarm","13":"product_tag-guenstiges-fussballtrikot","15":"first","16":"instock","17":"shipping-taxable","18":"purchasable","19":"product-type-variable"},"_links":{"self":[{"href":"https:\/\/www.billigtrikotde.com\/sl\/wp-json\/wp\/v2\/product\/4068","targetHints":{"allow":["GET"]}}],"collection":[{"href":"https:\/\/www.billigtrikotde.com\/sl\/wp-json\/wp\/v2\/product"}],"about":[{"href":"https:\/\/www.billigtrikotde.com\/sl\/wp-json\/wp\/v2\/types\/product"}],"replies":[{"embeddable":true,"href":"https:\/\/www.billigtrikotde.com\/sl\/wp-json\/wp\/v2\/comments?post=4068"}],"wp:featuredmedia":[{"embeddable":true,"href":"https:\/\/www.billigtrikotde.com\/sl\/wp-json\/wp\/v2\/media\/4109"}],"wp:attachment":[{"href":"https:\/\/www.billigtrikotde.com\/sl\/wp-json\/wp\/v2\/media?parent=4068"}],"wp:term":[{"taxonomy":"product_brand","embeddable":true,"href":"https:\/\/www.billigtrikotde.com\/sl\/wp-json\/wp\/v2\/product_brand?post=4068"},{"taxonomy":"product_cat","embeddable":true,"href":"https:\/\/www.billigtrikotde.com\/sl\/wp-json\/wp\/v2\/product_cat?post=4068"},{"taxonomy":"product_tag","embeddable":true,"href":"https:\/\/www.billigtrikotde.com\/sl\/wp-json\/wp\/v2\/product_tag?post=4068"}],"curies":[{"name":"wp","href":"https:\/\/api.w.org\/{rel}","templated":true}]}}