{"id":3992,"date":"2024-10-23T15:28:30","date_gmt":"2024-10-23T13:28:30","guid":{"rendered":"http:\/\/billigtrikots.com\/?post_type=product&#038;p=3992"},"modified":"2024-10-23T15:30:44","modified_gmt":"2024-10-23T13:30:44","slug":"los-angeles-fc-lafc-2021-black-gold-replica-jersey-wright-phillips-66","status":"publish","type":"product","link":"https:\/\/www.billigtrikotde.com\/sl\/los-angeles-fc-lafc-2021-black-gold-replica-jersey-wright-phillips-66\/","title":{"rendered":"Los Angeles FC LAFC 2021 Black Gold replika dresa Wright-Phillips 66"},"content":{"rendered":"<p>Ljubi gledati LAFC na igri\u0161\u010du, zato poskrbite, da bodo primerno opremljeni z zgrabljanjem tega 2021 primarne replike igral\u010devega dresa Bradley Wright-Phillips! Ta adidas dres vsebuje jasne grafike ekipe, ki ponosno prikazujejo navija\u0161tvo va\u0161ega najstniha LAFC. Tehnologija AEROREADY bo ohranjala va\u0161ega mladega navija\u010da videti najbolje, ko bo navijal za svojo ekipo [\u2026]<\/p>\n<p>\u017delimo, da obo\u017eevalci praznujejo svoj fandom s prilagajanjem in personalizacijo dolo\u010denih izdelkov. Pri teh izdelkih, ki jih je mogo\u010de prilagoditi, vklju\u010dno z dresi, stranke pozivamo, da nam povedo, kako bi \u017eeleli, da je prikazano njihovo \u017eeleno ime ali drugo besedilo, tako da to besedilo vnesejo v navedeno polje.<\/p>","protected":false},"excerpt":{"rendered":"<p>Ljubi gledati LAFC na igri\u0161\u010du, zato poskrbite, da bodo primerno opremljeni z zgrabljanjem tega 2021 primarne replike igral\u010devega dresa Bradley Wright-Phillips! Ta adidas dres vsebuje jasne grafike ekipe, ki ponosno prikazujejo navija\u0161tvo va\u0161ega najstniha LAFC. Tehnologija AEROREADY bo ohranjala va\u0161ega mladega navija\u010da videti najbolje, ko bo navijal za svojo ekipo [\u2026]<\/p>","protected":false},"featured_media":4034,"comment_status":"open","ping_status":"closed","template":"","meta":[],"product_brand":[],"product_cat":[196],"product_tag":[20,21,22,23,24,197,198,199],"class_list":{"0":"post-3992","1":"product","2":"type-product","3":"status-publish","4":"has-post-thumbnail","6":"product_cat-los-angeles-fc","7":"product_tag-coole-fussballtrikots","8":"product_tag-fussballtrikot-fuer-herren","9":"product_tag-fussballtrikot-guenstig-kaufen","10":"product_tag-fussballtrikot-kurzarm","11":"product_tag-guenstiges-fussballtrikot","12":"product_tag-lafc-jerseys","13":"product_tag-los-angeles-fc-home-replica-jersey","14":"product_tag-replica-jersey","16":"first","17":"instock","18":"shipping-taxable","19":"purchasable","20":"product-type-variable"},"_links":{"self":[{"href":"https:\/\/www.billigtrikotde.com\/sl\/wp-json\/wp\/v2\/product\/3992","targetHints":{"allow":["GET"]}}],"collection":[{"href":"https:\/\/www.billigtrikotde.com\/sl\/wp-json\/wp\/v2\/product"}],"about":[{"href":"https:\/\/www.billigtrikotde.com\/sl\/wp-json\/wp\/v2\/types\/product"}],"replies":[{"embeddable":true,"href":"https:\/\/www.billigtrikotde.com\/sl\/wp-json\/wp\/v2\/comments?post=3992"}],"wp:featuredmedia":[{"embeddable":true,"href":"https:\/\/www.billigtrikotde.com\/sl\/wp-json\/wp\/v2\/media\/4034"}],"wp:attachment":[{"href":"https:\/\/www.billigtrikotde.com\/sl\/wp-json\/wp\/v2\/media?parent=3992"}],"wp:term":[{"taxonomy":"product_brand","embeddable":true,"href":"https:\/\/www.billigtrikotde.com\/sl\/wp-json\/wp\/v2\/product_brand?post=3992"},{"taxonomy":"product_cat","embeddable":true,"href":"https:\/\/www.billigtrikotde.com\/sl\/wp-json\/wp\/v2\/product_cat?post=3992"},{"taxonomy":"product_tag","embeddable":true,"href":"https:\/\/www.billigtrikotde.com\/sl\/wp-json\/wp\/v2\/product_tag?post=3992"}],"curies":[{"name":"wp","href":"https:\/\/api.w.org\/{rel}","templated":true}]}}