{"id":3990,"date":"2024-10-23T15:28:29","date_gmt":"2024-10-23T13:28:29","guid":{"rendered":"http:\/\/billigtrikots.com\/?post_type=product&#038;p=3990"},"modified":"2024-10-23T15:30:43","modified_gmt":"2024-10-23T13:30:43","slug":"los-angeles-fc-lafc-2021-black-gold-primary-replica-player-jersey-moon-hwan-33","status":"publish","type":"product","link":"https:\/\/www.billigtrikotde.com\/sl\/los-angeles-fc-lafc-2021-black-gold-primary-replica-player-jersey-moon-hwan-33\/","title":{"rendered":"Los Angeles FC LAFC 2021 Black Gold Primary Replika igralec Jersey Moon-HWAN 33"},"content":{"rendered":"<p>Prepri\u010dajte se, da so ustrezno opremljeni z grabbing this Moon-hwan 2021 Primary Replica Player Jersey! Vzdu\u0161je je razburljivo, biti zvest navija\u010d LAFC in biti najve\u010dji med vsemi v tem adidas dresu, ki ponuja ostre grafike ekipe z AEROREADY tehnologijo, ki jih bo dr\u017eala udobno, dokler navijajo za zmago mo\u0161tva.<\/p>\n<p>\u017delimo, da obo\u017eevalci praznujejo svoj fandom s prilagajanjem in personalizacijo dolo\u010denih izdelkov. Pri teh izdelkih, ki jih je mogo\u010de prilagoditi, vklju\u010dno z dresi, stranke pozivamo, da nam povedo, kako bi \u017eeleli, da je prikazano njihovo \u017eeleno ime ali drugo besedilo, tako da to besedilo vnesejo v navedeno polje.<\/p>","protected":false},"excerpt":{"rendered":"<p>Be sure they are outfitted properly by grabbing this Moon-hwan 2021 Primary Replica Player Jersey! It\u2019s exciting being a devout LAFC fan and you will be the biggest one around in this adidas jersey, featuring crisp team graphics with AEROREADY technology that will keep them comfortable as they cheer the squad to a victory. We [&hellip;]<\/p>","protected":false},"featured_media":4025,"comment_status":"open","ping_status":"closed","template":"","meta":[],"product_brand":[],"product_cat":[196],"product_tag":[20,21,22,23,24,197,198,199],"class_list":{"0":"post-3990","1":"product","2":"type-product","3":"status-publish","4":"has-post-thumbnail","6":"product_cat-los-angeles-fc","7":"product_tag-coole-fussballtrikots","8":"product_tag-fussballtrikot-fuer-herren","9":"product_tag-fussballtrikot-guenstig-kaufen","10":"product_tag-fussballtrikot-kurzarm","11":"product_tag-guenstiges-fussballtrikot","12":"product_tag-lafc-jerseys","13":"product_tag-los-angeles-fc-home-replica-jersey","14":"product_tag-replica-jersey","16":"first","17":"instock","18":"shipping-taxable","19":"purchasable","20":"product-type-variable"},"_links":{"self":[{"href":"https:\/\/www.billigtrikotde.com\/sl\/wp-json\/wp\/v2\/product\/3990","targetHints":{"allow":["GET"]}}],"collection":[{"href":"https:\/\/www.billigtrikotde.com\/sl\/wp-json\/wp\/v2\/product"}],"about":[{"href":"https:\/\/www.billigtrikotde.com\/sl\/wp-json\/wp\/v2\/types\/product"}],"replies":[{"embeddable":true,"href":"https:\/\/www.billigtrikotde.com\/sl\/wp-json\/wp\/v2\/comments?post=3990"}],"wp:featuredmedia":[{"embeddable":true,"href":"https:\/\/www.billigtrikotde.com\/sl\/wp-json\/wp\/v2\/media\/4025"}],"wp:attachment":[{"href":"https:\/\/www.billigtrikotde.com\/sl\/wp-json\/wp\/v2\/media?parent=3990"}],"wp:term":[{"taxonomy":"product_brand","embeddable":true,"href":"https:\/\/www.billigtrikotde.com\/sl\/wp-json\/wp\/v2\/product_brand?post=3990"},{"taxonomy":"product_cat","embeddable":true,"href":"https:\/\/www.billigtrikotde.com\/sl\/wp-json\/wp\/v2\/product_cat?post=3990"},{"taxonomy":"product_tag","embeddable":true,"href":"https:\/\/www.billigtrikotde.com\/sl\/wp-json\/wp\/v2\/product_tag?post=3990"}],"curies":[{"name":"wp","href":"https:\/\/api.w.org\/{rel}","templated":true}]}}