{"id":3984,"date":"2024-10-23T15:28:00","date_gmt":"2024-10-23T13:28:00","guid":{"rendered":"http:\/\/billigtrikots.com\/?post_type=product&#038;p=3984"},"modified":"2024-10-23T15:30:10","modified_gmt":"2024-10-23T13:30:10","slug":"los-angeles-fc-2021-lafc-black-gold-primary-replica-player-jersey-kaye-14","status":"publish","type":"product","link":"https:\/\/www.billigtrikotde.com\/sl\/los-angeles-fc-2021-lafc-black-gold-primary-replica-player-jersey-kaye-14\/","title":{"rendered":"Los Angeles FC 2021 LAFC \u010crna zlata primarna replika igralni dres Kaye 14"},"content":{"rendered":"<p>Si velik obo\u017eevalec LAFC, in kadar koli so na igri\u0161\u010du, si vklju\u010den. Poskrbi, da si ustrezno opremljen z nakupom te Mark-Anthony Kaye 2021 Primarne Replike Igralske Majice! Vznemirljivo je biti zvest obo\u017eevalec LAFC in v tej adidasovi majici bo\u0161 najve\u010dji med njimi, s \u010disto grafiko ekipe in tehnologijo AEROREADY, ki te bo ohranjala udobnega med navijanjem za zmago svoje ekipe.<\/p>\n<p>\u017delimo, da obo\u017eevalci praznujejo svoj fandom s prilagajanjem in personalizacijo dolo\u010denih izdelkov. Pri teh izdelkih, ki jih je mogo\u010de prilagoditi, vklju\u010dno z dresi, stranke pozivamo, da nam povedo, kako bi \u017eeleli, da je prikazano njihovo \u017eeleno ime ali drugo besedilo, tako da to besedilo vnesejo v navedeno polje.<\/p>","protected":false},"excerpt":{"rendered":"<p>Ste velik obo\u017eevalec LAFC in kadarkoli so na igri\u0161\u010du, ste priklju\u010deni. Poskrbite, da ste ustrezno opremljeni z nakupom te Diego Rossi 2021 Primarne Replike Igralske Majice! Vznemirljivo je biti zvest obo\u017eevalec LAFC in v tej adidas majici boste najve\u010dji med njimi, ki prikazuje ostre grafike ekipe z tehnologijo AEROREADY, ki [...]<\/p>","protected":false},"featured_media":4024,"comment_status":"open","ping_status":"closed","template":"","meta":[],"product_brand":[],"product_cat":[196],"product_tag":[20,21,22,23,24,197,198,199],"class_list":{"0":"post-3984","1":"product","2":"type-product","3":"status-publish","4":"has-post-thumbnail","6":"product_cat-los-angeles-fc","7":"product_tag-coole-fussballtrikots","8":"product_tag-fussballtrikot-fuer-herren","9":"product_tag-fussballtrikot-guenstig-kaufen","10":"product_tag-fussballtrikot-kurzarm","11":"product_tag-guenstiges-fussballtrikot","12":"product_tag-lafc-jerseys","13":"product_tag-los-angeles-fc-home-replica-jersey","14":"product_tag-replica-jersey","16":"first","17":"instock","18":"shipping-taxable","19":"purchasable","20":"product-type-variable"},"_links":{"self":[{"href":"https:\/\/www.billigtrikotde.com\/sl\/wp-json\/wp\/v2\/product\/3984","targetHints":{"allow":["GET"]}}],"collection":[{"href":"https:\/\/www.billigtrikotde.com\/sl\/wp-json\/wp\/v2\/product"}],"about":[{"href":"https:\/\/www.billigtrikotde.com\/sl\/wp-json\/wp\/v2\/types\/product"}],"replies":[{"embeddable":true,"href":"https:\/\/www.billigtrikotde.com\/sl\/wp-json\/wp\/v2\/comments?post=3984"}],"wp:featuredmedia":[{"embeddable":true,"href":"https:\/\/www.billigtrikotde.com\/sl\/wp-json\/wp\/v2\/media\/4024"}],"wp:attachment":[{"href":"https:\/\/www.billigtrikotde.com\/sl\/wp-json\/wp\/v2\/media?parent=3984"}],"wp:term":[{"taxonomy":"product_brand","embeddable":true,"href":"https:\/\/www.billigtrikotde.com\/sl\/wp-json\/wp\/v2\/product_brand?post=3984"},{"taxonomy":"product_cat","embeddable":true,"href":"https:\/\/www.billigtrikotde.com\/sl\/wp-json\/wp\/v2\/product_cat?post=3984"},{"taxonomy":"product_tag","embeddable":true,"href":"https:\/\/www.billigtrikotde.com\/sl\/wp-json\/wp\/v2\/product_tag?post=3984"}],"curies":[{"name":"wp","href":"https:\/\/api.w.org\/{rel}","templated":true}]}}