{"id":3982,"date":"2024-10-23T15:27:59","date_gmt":"2024-10-23T13:27:59","guid":{"rendered":"http:\/\/billigtrikots.com\/?post_type=product&#038;p=3982"},"modified":"2024-10-23T15:30:09","modified_gmt":"2024-10-23T13:30:09","slug":"los-angeles-fc-2021-lafc-black-gold-primary-replica-player-jersey-carlos-vela-10","status":"publish","type":"product","link":"https:\/\/www.billigtrikotde.com\/sl\/los-angeles-fc-2021-lafc-black-gold-primary-replica-player-jersey-carlos-vela-10\/","title":{"rendered":"Los Angeles FC 2021 LAFC \u010crna zlata primarna replika igralni dres Carlos Vela 10"},"content":{"rendered":"<p>Si velik obo\u017eevalec LAFC in kadar so na igri\u0161\u010du, si vedno povezan. Prepri\u010daj se, da si pravilno opremljen z nakupom tega igralnega dresa Carlos Vela 2021 Primary! To je vznemirljivo biti zvesti navija\u010d LAFC in v tem dresu adidas bo\u0161 najve\u010dji med njimi, z jasnimi grafi\u010dnimi znaki ekipe ter tehnologijo HEAT.RDY, ki ti bo omogo\u010dila udobje med navijanjem za zmago tvojega mo\u0161tva.<\/p>\n<p>\u017delimo, da obo\u017eevalci praznujejo svoj fandom s prilagajanjem in personalizacijo dolo\u010denih izdelkov. Pri teh izdelkih, ki jih je mogo\u010de prilagoditi, vklju\u010dno z dresi, stranke pozivamo, da nam povedo, kako bi \u017eeleli, da je prikazano njihovo \u017eeleno ime ali drugo besedilo, tako da to besedilo vnesejo v navedeno polje.<\/p>","protected":false},"excerpt":{"rendered":"<p>Si velik obo\u017eevalec LAFC in kadar koli so na igri\u0161\u010du, si vklju\u010den. Poskrbi, da si ustrezno opremljen z nakupom te Carlos Vela 2021 Primarne Igralske Majice! Vznemirljivo je biti zvest obo\u017eevalec LAFC in v tej adidasovi majici bo\u0161 najve\u010dji med njimi, s \u010distimi grafiki ekipe in tehnologijo HEAT.RDY, ki bo [...]<\/p>","protected":false},"featured_media":4023,"comment_status":"open","ping_status":"closed","template":"","meta":[],"product_brand":[],"product_cat":[196],"product_tag":[20,21,22,23,24,197,198,199],"class_list":{"0":"post-3982","1":"product","2":"type-product","3":"status-publish","4":"has-post-thumbnail","6":"product_cat-los-angeles-fc","7":"product_tag-coole-fussballtrikots","8":"product_tag-fussballtrikot-fuer-herren","9":"product_tag-fussballtrikot-guenstig-kaufen","10":"product_tag-fussballtrikot-kurzarm","11":"product_tag-guenstiges-fussballtrikot","12":"product_tag-lafc-jerseys","13":"product_tag-los-angeles-fc-home-replica-jersey","14":"product_tag-replica-jersey","16":"first","17":"instock","18":"shipping-taxable","19":"purchasable","20":"product-type-variable"},"_links":{"self":[{"href":"https:\/\/www.billigtrikotde.com\/sl\/wp-json\/wp\/v2\/product\/3982","targetHints":{"allow":["GET"]}}],"collection":[{"href":"https:\/\/www.billigtrikotde.com\/sl\/wp-json\/wp\/v2\/product"}],"about":[{"href":"https:\/\/www.billigtrikotde.com\/sl\/wp-json\/wp\/v2\/types\/product"}],"replies":[{"embeddable":true,"href":"https:\/\/www.billigtrikotde.com\/sl\/wp-json\/wp\/v2\/comments?post=3982"}],"wp:featuredmedia":[{"embeddable":true,"href":"https:\/\/www.billigtrikotde.com\/sl\/wp-json\/wp\/v2\/media\/4023"}],"wp:attachment":[{"href":"https:\/\/www.billigtrikotde.com\/sl\/wp-json\/wp\/v2\/media?parent=3982"}],"wp:term":[{"taxonomy":"product_brand","embeddable":true,"href":"https:\/\/www.billigtrikotde.com\/sl\/wp-json\/wp\/v2\/product_brand?post=3982"},{"taxonomy":"product_cat","embeddable":true,"href":"https:\/\/www.billigtrikotde.com\/sl\/wp-json\/wp\/v2\/product_cat?post=3982"},{"taxonomy":"product_tag","embeddable":true,"href":"https:\/\/www.billigtrikotde.com\/sl\/wp-json\/wp\/v2\/product_tag?post=3982"}],"curies":[{"name":"wp","href":"https:\/\/api.w.org\/{rel}","templated":true}]}}