{"id":3978,"date":"2024-10-23T15:27:55","date_gmt":"2024-10-23T13:27:55","guid":{"rendered":"http:\/\/billigtrikots.com\/?post_type=product&#038;p=3978"},"modified":"2024-10-23T15:30:08","modified_gmt":"2024-10-23T13:30:08","slug":"atlanta-united-fc-black-red-2022-home-replica-jersey","status":"publish","type":"product","link":"https:\/\/www.billigtrikotde.com\/sl\/atlanta-united-fc-black-red-2022-home-replica-jersey\/","title":{"rendered":"Atlanta United FC Black Red 2022 Doma\u010da replika dresa"},"content":{"rendered":"<p>Va\u0161 mladi navija\u010d je velik navija\u010d Atlanta United FC in kadar koli so na igri\u0161\u010du, je va\u0161 otrok v previsu. Preverite, da so ustrezno opremljeni, tako da si priskrbite to 2021 The BLVCK Kit Replica Jersey! Navdu\u0161ujo\u010de je biti zvesti navija\u010d Atlanta United FC in va\u0161 otrok bo najve\u010dji tukaj v tem adidas dresu, ki vsebuje \u017eive grafike ekipe z inovativno tehnologijo, ki bo ohranjala udobje, medtem ko navijate za zmago ekipe.<\/p>\n<p>\u017delimo, da bi navija\u010di proslavili svoje navdu\u0161enje z prilagajanjem in personalizacijo dolo\u010denih izdelkov. Za te prilagodljive izdelke, vklju\u010dno z majicami, vabimo kupce, naj povedo, kako bi \u017eeleli, da se njihovo najljub\u0161e ime ali drugo besedilo prika\u017ee v polju, ki je ozna\u010deno. Vendar pa to, da lahko kupec vpi\u0161e predlagano prilagoditev v polje in zaklju\u010di naro\u010dilo prek spletnega mesta, ne pomeni, da bo vsa predlagana prilagoditev sprejeta. Upo\u0161tevajte, da Fanatics lahko zavrne in prekine katerokoli naro\u010dilo za prilagoditev iz kakr\u0161nega koli razloga, vklju\u010dno z sporo\u010dili, ki so ocenjena kot \u017ealjiva ali neprimerna. Vam je v\u0161e\u010d gledanje Atlanta United FC na igri\u0161\u010du, zato si zagotovite ustrezno opremo zgrabiti to 2021 The BLVCK Kit Authentic Custom Jersey! Ta adidas dres vsebuje ostre grafike ekipe, ki ponosno prikazujejo va\u0161o navdu\u0161enost nad Atlanta United FC. Inovativna tehnologija vas bo ohranjala videti odli\u010dno, medtem ko boste navijali svojo ekipo do zmage.<\/p>","protected":false},"excerpt":{"rendered":"<p>Your young fan is a huge Atlanta United FC fan and whenever they\u2019re on the pitch, your kiddo is tuned in. Be sure they are outfitted properly by grabbing this 2021 The BLVCK Kit Replica Jersey! It\u2019s exciting being a devout Atlanta United FC fan and your youngster will be the biggest one around in [&hellip;]<\/p>","protected":false},"featured_media":4012,"comment_status":"open","ping_status":"closed","template":"","meta":[],"product_brand":[],"product_cat":[194],"product_tag":[195,20,21,22,23,24],"class_list":{"0":"post-3978","1":"product","2":"type-product","3":"status-publish","4":"has-post-thumbnail","6":"product_cat-atlanta-united","7":"product_tag-atlanta-united-fc-home-replica-jersey","8":"product_tag-coole-fussballtrikots","9":"product_tag-fussballtrikot-fuer-herren","10":"product_tag-fussballtrikot-guenstig-kaufen","11":"product_tag-fussballtrikot-kurzarm","12":"product_tag-guenstiges-fussballtrikot","14":"first","15":"instock","16":"shipping-taxable","17":"purchasable","18":"product-type-variable"},"_links":{"self":[{"href":"https:\/\/www.billigtrikotde.com\/sl\/wp-json\/wp\/v2\/product\/3978","targetHints":{"allow":["GET"]}}],"collection":[{"href":"https:\/\/www.billigtrikotde.com\/sl\/wp-json\/wp\/v2\/product"}],"about":[{"href":"https:\/\/www.billigtrikotde.com\/sl\/wp-json\/wp\/v2\/types\/product"}],"replies":[{"embeddable":true,"href":"https:\/\/www.billigtrikotde.com\/sl\/wp-json\/wp\/v2\/comments?post=3978"}],"wp:featuredmedia":[{"embeddable":true,"href":"https:\/\/www.billigtrikotde.com\/sl\/wp-json\/wp\/v2\/media\/4012"}],"wp:attachment":[{"href":"https:\/\/www.billigtrikotde.com\/sl\/wp-json\/wp\/v2\/media?parent=3978"}],"wp:term":[{"taxonomy":"product_brand","embeddable":true,"href":"https:\/\/www.billigtrikotde.com\/sl\/wp-json\/wp\/v2\/product_brand?post=3978"},{"taxonomy":"product_cat","embeddable":true,"href":"https:\/\/www.billigtrikotde.com\/sl\/wp-json\/wp\/v2\/product_cat?post=3978"},{"taxonomy":"product_tag","embeddable":true,"href":"https:\/\/www.billigtrikotde.com\/sl\/wp-json\/wp\/v2\/product_tag?post=3978"}],"curies":[{"name":"wp","href":"https:\/\/api.w.org\/{rel}","templated":true}]}}