{"id":3972,"date":"2024-10-23T15:27:26","date_gmt":"2024-10-23T13:27:26","guid":{"rendered":"http:\/\/billigtrikots.com\/?post_type=product&#038;p=3972"},"modified":"2024-10-23T15:29:34","modified_gmt":"2024-10-23T13:29:34","slug":"atlanta-united-fc-2021-22-home-shirt-black-kit-replica-jersey-martinez-7","status":"publish","type":"product","link":"https:\/\/www.billigtrikotde.com\/sl\/atlanta-united-fc-2021-22-home-shirt-black-kit-replica-jersey-martinez-7\/","title":{"rendered":"Atlanta United FC 2021\/22 doma\u010da majica \u010crna Kit replikarski dres Mart\u00ednez 7"},"content":{"rendered":"<p>Ti si velik navija\u010d Atlanta United FC in kadar so na igri\u0161\u010du, si vklopljen. Poskrbi, da bo\u0161 ustrezno opremljen z izbiro tega Josefa Mart\u00edneza 2021 The BLVCK Kit Replica Jersey! Vznemirljivo je biti predan navija\u010d Atlanta United FC in v tem adidas dresu bo\u0161 najve\u010dji med njimi, z binimi grafiki ekipe in inovativno tehnologijo, ki te bo ohranjala udobnega, ko bude\u0161 podpiral svojo ekipo do zmage.<\/p>\n<p>\u017delimo, da obo\u017eevalci praznujejo svoj fandom s prilagajanjem in personalizacijo dolo\u010denih izdelkov. Pri teh izdelkih, ki jih je mogo\u010de prilagoditi, vklju\u010dno z dresi, stranke pozivamo, da nam povedo, kako bi \u017eeleli, da je prikazano njihovo \u017eeleno ime ali drugo besedilo, tako da to besedilo vnesejo v navedeno polje.<\/p>","protected":false},"excerpt":{"rendered":"<p>You\u2019re a huge Atlanta United FC fan, and whenever they\u2019re on the pitch, you\u2019re tuned in. Be sure you\u2019re outfitted properly by grabbing this Josef Mart\u00ednez 2021 The BLVCK Kit Replica Jersey! It\u2019s exciting being a devout Atlanta United FC fan and you\u2019ll be the biggest one around in this adidas jersey, featuring crisp team [&hellip;]<\/p>","protected":false},"featured_media":4011,"comment_status":"open","ping_status":"closed","template":"","meta":[],"product_brand":[],"product_cat":[194],"product_tag":[195,20,21,22,23,24],"class_list":{"0":"post-3972","1":"product","2":"type-product","3":"status-publish","4":"has-post-thumbnail","6":"product_cat-atlanta-united","7":"product_tag-atlanta-united-fc-home-replica-jersey","8":"product_tag-coole-fussballtrikots","9":"product_tag-fussballtrikot-fuer-herren","10":"product_tag-fussballtrikot-guenstig-kaufen","11":"product_tag-fussballtrikot-kurzarm","12":"product_tag-guenstiges-fussballtrikot","14":"first","15":"instock","16":"shipping-taxable","17":"purchasable","18":"product-type-variable"},"_links":{"self":[{"href":"https:\/\/www.billigtrikotde.com\/sl\/wp-json\/wp\/v2\/product\/3972","targetHints":{"allow":["GET"]}}],"collection":[{"href":"https:\/\/www.billigtrikotde.com\/sl\/wp-json\/wp\/v2\/product"}],"about":[{"href":"https:\/\/www.billigtrikotde.com\/sl\/wp-json\/wp\/v2\/types\/product"}],"replies":[{"embeddable":true,"href":"https:\/\/www.billigtrikotde.com\/sl\/wp-json\/wp\/v2\/comments?post=3972"}],"wp:featuredmedia":[{"embeddable":true,"href":"https:\/\/www.billigtrikotde.com\/sl\/wp-json\/wp\/v2\/media\/4011"}],"wp:attachment":[{"href":"https:\/\/www.billigtrikotde.com\/sl\/wp-json\/wp\/v2\/media?parent=3972"}],"wp:term":[{"taxonomy":"product_brand","embeddable":true,"href":"https:\/\/www.billigtrikotde.com\/sl\/wp-json\/wp\/v2\/product_brand?post=3972"},{"taxonomy":"product_cat","embeddable":true,"href":"https:\/\/www.billigtrikotde.com\/sl\/wp-json\/wp\/v2\/product_cat?post=3972"},{"taxonomy":"product_tag","embeddable":true,"href":"https:\/\/www.billigtrikotde.com\/sl\/wp-json\/wp\/v2\/product_tag?post=3972"}],"curies":[{"name":"wp","href":"https:\/\/api.w.org\/{rel}","templated":true}]}}