{"id":3968,"date":"2024-10-23T15:27:23","date_gmt":"2024-10-23T13:27:23","guid":{"rendered":"http:\/\/billigtrikots.com\/?post_type=product&#038;p=3968"},"modified":"2024-10-23T15:29:33","modified_gmt":"2024-10-23T13:29:33","slug":"atlanta-united-fc-miles-robinson-12-black-2021-the-blvck-kit-replica-home-jersey","status":"publish","type":"product","link":"https:\/\/www.billigtrikotde.com\/sl\/atlanta-united-fc-miles-robinson-12-black-2021-the-blvck-kit-replica-home-jersey\/","title":{"rendered":"Atlanta United FC Miles Robinson 12 \u010crna 2021 BLVCK komplet replika doma\u010di dres"},"content":{"rendered":"<p>Ste velik navija\u010d nogometnega kluba Atlanta United FC in vedno, ko je ta na igri\u0161\u010du, ste pozorni na dogajanje. Prepri\u010dajte se, da ste primerno opremljeni, in si omislite to majico 2021 The BLVCK Kit Authentic! Biti zvest navija\u010d Atlanta United FC je vznemirljivo in v tem adidasovem dresu, ki ga odlikujejo ostre mo\u0161tvene grafike z inovativno tehnologijo, ki vam bo zagotavljala udobje, ko boste navijali za zmago svojega mo\u0161tva, boste najve\u010dji navija\u010d v okolici.<\/p>\n<p>\u017delimo, da obo\u017eevalci praznujejo svoj fandom s prilagajanjem in personalizacijo dolo\u010denih izdelkov. Pri teh izdelkih, ki jih je mogo\u010de prilagoditi, vklju\u010dno z dresi, stranke pozivamo, da nam povedo, kako bi \u017eeleli, da je prikazano njihovo \u017eeleno ime ali drugo besedilo, tako da to besedilo vnesejo v navedeno polje.<\/p>","protected":false},"excerpt":{"rendered":"<p>Si velik obo\u017eevalec Atlanta United FC in kadar koli so na igri\u0161\u010du, si vedno vklju\u010den. Poskrbi, da si ustrezno opremljen z nakupom te avtenti\u010dne majice The BLVCK Kit iz leta 2021! Vznemirljivo je biti zvest obo\u017eevalec Atlanta United FC in v tej adidas majici, ki prikazuje ostre grafike ekipe, bo\u0161 zagotovo najve\u010dji med njimi, saj si pravi navdu\u0161enec!<\/p>","protected":false},"featured_media":4009,"comment_status":"open","ping_status":"closed","template":"","meta":[],"product_brand":[],"product_cat":[194],"product_tag":[195,20,21,22,23,24],"class_list":{"0":"post-3968","1":"product","2":"type-product","3":"status-publish","4":"has-post-thumbnail","6":"product_cat-atlanta-united","7":"product_tag-atlanta-united-fc-home-replica-jersey","8":"product_tag-coole-fussballtrikots","9":"product_tag-fussballtrikot-fuer-herren","10":"product_tag-fussballtrikot-guenstig-kaufen","11":"product_tag-fussballtrikot-kurzarm","12":"product_tag-guenstiges-fussballtrikot","14":"first","15":"instock","16":"shipping-taxable","17":"purchasable","18":"product-type-variable"},"_links":{"self":[{"href":"https:\/\/www.billigtrikotde.com\/sl\/wp-json\/wp\/v2\/product\/3968","targetHints":{"allow":["GET"]}}],"collection":[{"href":"https:\/\/www.billigtrikotde.com\/sl\/wp-json\/wp\/v2\/product"}],"about":[{"href":"https:\/\/www.billigtrikotde.com\/sl\/wp-json\/wp\/v2\/types\/product"}],"replies":[{"embeddable":true,"href":"https:\/\/www.billigtrikotde.com\/sl\/wp-json\/wp\/v2\/comments?post=3968"}],"wp:featuredmedia":[{"embeddable":true,"href":"https:\/\/www.billigtrikotde.com\/sl\/wp-json\/wp\/v2\/media\/4009"}],"wp:attachment":[{"href":"https:\/\/www.billigtrikotde.com\/sl\/wp-json\/wp\/v2\/media?parent=3968"}],"wp:term":[{"taxonomy":"product_brand","embeddable":true,"href":"https:\/\/www.billigtrikotde.com\/sl\/wp-json\/wp\/v2\/product_brand?post=3968"},{"taxonomy":"product_cat","embeddable":true,"href":"https:\/\/www.billigtrikotde.com\/sl\/wp-json\/wp\/v2\/product_cat?post=3968"},{"taxonomy":"product_tag","embeddable":true,"href":"https:\/\/www.billigtrikotde.com\/sl\/wp-json\/wp\/v2\/product_tag?post=3968"}],"curies":[{"name":"wp","href":"https:\/\/api.w.org\/{rel}","templated":true}]}}