{"id":395,"date":"2024-10-23T12:17:01","date_gmt":"2024-10-23T10:17:01","guid":{"rendered":"http:\/\/billigtrikots.com\/?post_type=product&#038;p=395"},"modified":"2024-10-23T12:48:58","modified_gmt":"2024-10-23T10:48:58","slug":"fc-barcelona-herren-heimtrikot-21-22-blau-rot-mit-roberto-20-individualdruck-gelb","status":"publish","type":"product","link":"https:\/\/www.billigtrikotde.com\/sl\/fc-barcelona-herren-heimtrikot-21-22-blau-rot-mit-roberto-20-individualdruck-gelb\/","title":{"rendered":"FC Barcelona mo\u0161ka doma\u010da majica 21\/22 modra\/rde\u010da z ROBERTO 20 individualnim tiskom rumene barve"},"content":{"rendered":"<p>Tukaj je doma\u010di dres Nike FC Barcelona za mo\u0161ke za sezono 2021\/22, ki prina\u0161a klasi\u010den dizajn v novi podobi. Takoj ga vzemi in si priskrbi dres, ki te bo pribli\u017eal tvojim idolom!<\/p>\n<p>Z novim dresom v originalni podobi tvojih junakov Messija, Su\u00e1reza, Demb\u00e9l\u00e9ja in drugih, izkazuje\u0161 svojo ljubezen do najljub\u0161e ekipe. Dres je v tradicionalnih doma\u010dih barvah z uradnimi klubski detajli. Tako takoj poka\u017ee\u0161, za kateri klub srce bije. Seveda ne sme manjkati tudi legendarni Nike Swoosh, ki v ustrezni kontrastni barvi zagotavlja dodaten vizualni u\u010dinek.<\/p>\n<p>Ampak ne le dizajn je v celoti odli\u010den. Redni kroj je nekoliko \u0161ir\u0161i od igralnega dresa. Tako ti Stadium jersey nudi odli\u010den ob\u010dutek pri no\u0161enju, hkrati pa tudi popolno svobodo gibanja za vedno odli\u010dno predstavo. Zra\u010dno odvzemajo\u010da kakovost Dri-Fit ti zagotavlja vrhunsko udobje pri no\u0161enju in te ohranja suhe tudi v turbulentnih situacijah \u2013 ne glede na to, ali navija\u0161 z navdu\u0161enjem ali trenira\u0161 sam.<\/p>\n<p>Torej ne \u010dakaj ve\u010d in naro\u010di takoj! Dresa Nike FC Barcelona za mo\u0161ke za sezono 2021\/22 si nikakor ne sme\u0161 privo\u0161\u010diti zamuditi! Z njim vedno poka\u017ee\u0161 svojo prizadevnost in ponos do svoje ekipe!<\/p>\n<p>Nasveti za tiskanje: \u010ce sta ime in \u0161tevilka na sliki to\u010dno tak\u0161na, kot ju \u017eelite, ju ni treba ponovno vnesti. \u010ce ni tako, vnesite \u017eeleno ime in \u0161tevilko.<\/p>\n<p>Nasveti za pranje: Priporo\u010dljivo je, da nogometne majice perete ro\u010dno. \u010ce \u017eelite uporabiti pralni stroj, ne pozabite nogometne majice obrniti narobe in jih nato oprati. Stroj napolnite s hladno vodo in uporabite ob\u010dutljiv cikel, da bolje za\u0161\u010ditite barve.<\/p>","protected":false},"excerpt":{"rendered":"<p>Hier kommt das Nike FC Barcelona Herren Heim Trikot 2021\/22 und mit ihm ein klassisches Design im neuen Look. Greif gleich zu und hol dir das Trikot, das dich deinen Idolen ganz nah sein l\u00e4sst! Mit dem neuen Trikot im Original Look deiner Helden Messi, Su\u00e1rez, Demb\u00e9l\u00e9 und Co, zollst du deiner Lieblingself vollen Tribut. [&hellip;]<\/p>","protected":false},"featured_media":430,"comment_status":"open","ping_status":"closed","template":"","meta":[],"product_brand":[],"product_cat":[31],"product_tag":[32,20,33,21,22,23,24],"class_list":{"0":"post-395","1":"product","2":"type-product","3":"status-publish","4":"has-post-thumbnail","6":"product_cat-fc-barcelona","7":"product_tag-barcelona-heimtrikot","8":"product_tag-coole-fussballtrikots","9":"product_tag-fc-barcelona-trikots","10":"product_tag-fussballtrikot-fuer-herren","11":"product_tag-fussballtrikot-guenstig-kaufen","12":"product_tag-fussballtrikot-kurzarm","13":"product_tag-guenstiges-fussballtrikot","15":"first","16":"instock","17":"shipping-taxable","18":"purchasable","19":"product-type-variable"},"_links":{"self":[{"href":"https:\/\/www.billigtrikotde.com\/sl\/wp-json\/wp\/v2\/product\/395","targetHints":{"allow":["GET"]}}],"collection":[{"href":"https:\/\/www.billigtrikotde.com\/sl\/wp-json\/wp\/v2\/product"}],"about":[{"href":"https:\/\/www.billigtrikotde.com\/sl\/wp-json\/wp\/v2\/types\/product"}],"replies":[{"embeddable":true,"href":"https:\/\/www.billigtrikotde.com\/sl\/wp-json\/wp\/v2\/comments?post=395"}],"wp:featuredmedia":[{"embeddable":true,"href":"https:\/\/www.billigtrikotde.com\/sl\/wp-json\/wp\/v2\/media\/430"}],"wp:attachment":[{"href":"https:\/\/www.billigtrikotde.com\/sl\/wp-json\/wp\/v2\/media?parent=395"}],"wp:term":[{"taxonomy":"product_brand","embeddable":true,"href":"https:\/\/www.billigtrikotde.com\/sl\/wp-json\/wp\/v2\/product_brand?post=395"},{"taxonomy":"product_cat","embeddable":true,"href":"https:\/\/www.billigtrikotde.com\/sl\/wp-json\/wp\/v2\/product_cat?post=395"},{"taxonomy":"product_tag","embeddable":true,"href":"https:\/\/www.billigtrikotde.com\/sl\/wp-json\/wp\/v2\/product_tag?post=395"}],"curies":[{"name":"wp","href":"https:\/\/api.w.org\/{rel}","templated":true}]}}