{"id":3948,"date":"2024-10-23T15:26:16","date_gmt":"2024-10-23T13:26:16","guid":{"rendered":"http:\/\/billigtrikots.com\/?post_type=product&#038;p=3948"},"modified":"2024-10-23T15:28:25","modified_gmt":"2024-10-23T13:28:25","slug":"ssc-napoli-heimtrikot-trikotsatz-kit-blau-weiss-mit-aufdruck-insigne-24","status":"publish","type":"product","link":"https:\/\/www.billigtrikotde.com\/sl\/ssc-napoli-heimtrikot-trikotsatz-kit-blau-weiss-mit-aufdruck-insigne-24\/","title":{"rendered":"SSC Napoli doma\u010da majica komplet modra bela s potiskom INSIGNE 24"},"content":{"rendered":"<p>Nasveti za pranje: Priporo\u010dljivo je, da nogometne majice perete ro\u010dno. \u010ce \u017eelite uporabiti pralni stroj, ne pozabite nogometne majice obrniti narobe in jih nato oprati. Stroj napolnite s hladno vodo in uporabite ob\u010dutljiv cikel, da bolje za\u0161\u010ditite barve.<\/p>\n<p>Tisk na nogometne dresove na spletu<br \/>\nImate mo\u017enost, da oblikujete svoj nogometni dres. Ali izberete nogometa\u0161a va\u0161e najljub\u0161e ekipe ali pa izberete svoje ime z vklju\u010deno \u0161tevilko.<\/p>","protected":false},"excerpt":{"rendered":"<p>Nasveti za pranje: Priporo\u010damo ro\u010dno pranje nogometnih dresov. \u010ce \u017eelite uporabiti pralni stroj, imejte v mislih, da morate obrniti nogometne dresove in jih nato oprati. Napolnite stroj z mrzlo vodo in uporabljajte blag na\u010din pranja, da za\u0161\u010ditite barve. Potiskani nogometni dresi Online Tisk, imate mo\u017enost, da prilagodite svoje nogometne dresove. Vsako [\u2026]<\/p>","protected":false},"featured_media":3987,"comment_status":"open","ping_status":"closed","template":"","meta":[],"product_brand":[],"product_cat":[192],"product_tag":[20,21,22,23,24,193],"class_list":{"0":"post-3948","1":"product","2":"type-product","3":"status-publish","4":"has-post-thumbnail","6":"product_cat-ssc-napoli","7":"product_tag-coole-fussballtrikots","8":"product_tag-fussballtrikot-fuer-herren","9":"product_tag-fussballtrikot-guenstig-kaufen","10":"product_tag-fussballtrikot-kurzarm","11":"product_tag-guenstiges-fussballtrikot","12":"product_tag-napoli-kits","14":"first","15":"instock","16":"shipping-taxable","17":"purchasable","18":"product-type-variable"},"_links":{"self":[{"href":"https:\/\/www.billigtrikotde.com\/sl\/wp-json\/wp\/v2\/product\/3948","targetHints":{"allow":["GET"]}}],"collection":[{"href":"https:\/\/www.billigtrikotde.com\/sl\/wp-json\/wp\/v2\/product"}],"about":[{"href":"https:\/\/www.billigtrikotde.com\/sl\/wp-json\/wp\/v2\/types\/product"}],"replies":[{"embeddable":true,"href":"https:\/\/www.billigtrikotde.com\/sl\/wp-json\/wp\/v2\/comments?post=3948"}],"wp:featuredmedia":[{"embeddable":true,"href":"https:\/\/www.billigtrikotde.com\/sl\/wp-json\/wp\/v2\/media\/3987"}],"wp:attachment":[{"href":"https:\/\/www.billigtrikotde.com\/sl\/wp-json\/wp\/v2\/media?parent=3948"}],"wp:term":[{"taxonomy":"product_brand","embeddable":true,"href":"https:\/\/www.billigtrikotde.com\/sl\/wp-json\/wp\/v2\/product_brand?post=3948"},{"taxonomy":"product_cat","embeddable":true,"href":"https:\/\/www.billigtrikotde.com\/sl\/wp-json\/wp\/v2\/product_cat?post=3948"},{"taxonomy":"product_tag","embeddable":true,"href":"https:\/\/www.billigtrikotde.com\/sl\/wp-json\/wp\/v2\/product_tag?post=3948"}],"curies":[{"name":"wp","href":"https:\/\/api.w.org\/{rel}","templated":true}]}}