{"id":3946,"date":"2024-10-23T15:26:14","date_gmt":"2024-10-23T13:26:14","guid":{"rendered":"http:\/\/billigtrikots.com\/?post_type=product&#038;p=3946"},"modified":"2024-10-23T15:28:24","modified_gmt":"2024-10-23T13:28:24","slug":"ssc-napoli-2021-2022-fussballtrikot-marineblau-einen-aufdruck-von-maradona","status":"publish","type":"product","link":"https:\/\/www.billigtrikotde.com\/sl\/ssc-napoli-2021-2022-fussballtrikot-marineblau-einen-aufdruck-von-maradona\/","title":{"rendered":"SSC Napoli 2021-2022 Nogometna majica Navy Blue s potiskom Maradone"},"content":{"rendered":"<p>Osnovna barva nogometnega dresa EA7 Napoli Maradona 2021-2022 je mornarsko modra in vsebuje odtis Maradone v argentinski nogometni majici na spodnji strani. Ta odtis je oblikovan v podobi odtisa prsta. Odtis je navdihnjen z umetnino neapeljskega umetnika Guiseppe Klaina. Poleg tega ima dres tudi svetlo modre poudarke, navdihnjene z barvami kluba SSC Napoli. Pas na dnu rokavov je svetlo modre barve, enako kot kro\u017eni ovratnik in trak na ramenih. Logo \u0161portne obleke Emporio Armani se nahaja na desnem prsi, na levem prsi pa je klubov grb. Logotipi Lete in MSC so vidni na sredini dresa. Na levem rokavu dresa je logo sponzorskega rokava Amazon. Inicialke kluba so vgrajene v vratni del na hrbtni strani nogometnega dresa Napoli Maradona: SSCN.<\/p>\n<p>Nasveti za pranje: Priporo\u010dljivo je, da nogometne majice perete ro\u010dno. \u010ce \u017eelite uporabiti pralni stroj, ne pozabite nogometne majice obrniti narobe in jih nato oprati. Stroj napolnite s hladno vodo in uporabite ob\u010dutljiv cikel, da bolje za\u0161\u010ditite barve.<\/p>\n<p>Tisk na nogometne dresove na spletu<br \/>\nImate mo\u017enost, da oblikujete svoj nogometni dres. Ali izberete nogometa\u0161a va\u0161e najljub\u0161e ekipe ali pa izberete svoje ime z vklju\u010deno \u0161tevilko.<\/p>","protected":false},"excerpt":{"rendered":"<p>Die Grundfarbe des EA7 Napoli Maradona 2021-2022 Fu\u00dfballtrikots ist Marineblau und enth\u00e4lt einen Aufdruck von Maradona im argentinischen Fu\u00dfballtrikot auf der Unterseite. Dieser Druck ist in einem fingerabdruck\u00e4hnlichen Design verarbeitet. Der Druck ist von einem Kunstwerk des neapolitanischen K\u00fcnstlers Guiseppe Klain inspiriert. Dar\u00fcber hinaus enth\u00e4lt das Trikot auch hellblaue Akzente, inspiriert von den Vereinsfarben des [&hellip;]<\/p>","protected":false},"featured_media":3986,"comment_status":"open","ping_status":"closed","template":"","meta":[],"product_brand":[],"product_cat":[192],"product_tag":[20,21,22,23,24,193],"class_list":{"0":"post-3946","1":"product","2":"type-product","3":"status-publish","4":"has-post-thumbnail","6":"product_cat-ssc-napoli","7":"product_tag-coole-fussballtrikots","8":"product_tag-fussballtrikot-fuer-herren","9":"product_tag-fussballtrikot-guenstig-kaufen","10":"product_tag-fussballtrikot-kurzarm","11":"product_tag-guenstiges-fussballtrikot","12":"product_tag-napoli-kits","14":"first","15":"instock","16":"shipping-taxable","17":"purchasable","18":"product-type-variable"},"_links":{"self":[{"href":"https:\/\/www.billigtrikotde.com\/sl\/wp-json\/wp\/v2\/product\/3946","targetHints":{"allow":["GET"]}}],"collection":[{"href":"https:\/\/www.billigtrikotde.com\/sl\/wp-json\/wp\/v2\/product"}],"about":[{"href":"https:\/\/www.billigtrikotde.com\/sl\/wp-json\/wp\/v2\/types\/product"}],"replies":[{"embeddable":true,"href":"https:\/\/www.billigtrikotde.com\/sl\/wp-json\/wp\/v2\/comments?post=3946"}],"wp:featuredmedia":[{"embeddable":true,"href":"https:\/\/www.billigtrikotde.com\/sl\/wp-json\/wp\/v2\/media\/3986"}],"wp:attachment":[{"href":"https:\/\/www.billigtrikotde.com\/sl\/wp-json\/wp\/v2\/media?parent=3946"}],"wp:term":[{"taxonomy":"product_brand","embeddable":true,"href":"https:\/\/www.billigtrikotde.com\/sl\/wp-json\/wp\/v2\/product_brand?post=3946"},{"taxonomy":"product_cat","embeddable":true,"href":"https:\/\/www.billigtrikotde.com\/sl\/wp-json\/wp\/v2\/product_cat?post=3946"},{"taxonomy":"product_tag","embeddable":true,"href":"https:\/\/www.billigtrikotde.com\/sl\/wp-json\/wp\/v2\/product_tag?post=3946"}],"curies":[{"name":"wp","href":"https:\/\/api.w.org\/{rel}","templated":true}]}}