{"id":3917,"date":"2024-10-23T15:24:59","date_gmt":"2024-10-23T13:24:59","guid":{"rendered":"http:\/\/billigtrikots.com\/?post_type=product&#038;p=3917"},"modified":"2024-10-23T15:27:15","modified_gmt":"2024-10-23T13:27:15","slug":"fussballtrikots-sl-benfica-lissabon-heimtrikot-2021-22-rot-kurzarm-kurze-hosen","status":"publish","type":"product","link":"https:\/\/www.billigtrikotde.com\/sl\/fussballtrikots-sl-benfica-lissabon-heimtrikot-2021-22-rot-kurzarm-kurze-hosen\/","title":{"rendered":"Nogometne majice SL Benfica Lisbon Doma\u010da majica 2021\/22 rde\u010da Kratki rokavi + kratke hla\u010de"},"content":{"rendered":"<p>Skrivnostne obline njihovega svetovno znanega stadiona poudarjajo mehak material tega adidas Benfica nogometnega dresa. Na zadnji strani slovesna napisa \u201e1904 Benfica\u201c obele\u017euje za\u010detke kluba. Vezen znak na sprednji strani ka\u017ee va\u0161o podporo ekipi. Tehnologija AEROREADY odvaja znoj, da se po\u010dutite dobro na igri\u0161\u010du ali na tribunah.<\/p>\n<p>Ta izdelek je izdelan iz Primegreen, serije visoko kakovostnih recikliranih materialov.<\/p>\n<p>Nasveti za tiskanje: \u010ce sta ime in \u0161tevilka na sliki to\u010dno tak\u0161na, kot ju \u017eelite, ju ni treba ponovno vnesti. \u010ce ni tako, vnesite \u017eeleno ime in \u0161tevilko.<\/p>\n<p>Nasveti za pranje: Priporo\u010dljivo je, da nogometne majice perete ro\u010dno. \u010ce \u017eelite uporabiti pralni stroj, ne pozabite nogometne majice obrniti narobe in jih nato oprati. Stroj napolnite s hladno vodo in uporabite ob\u010dutljiv cikel, da bolje za\u0161\u010ditite barve.<\/p>","protected":false},"excerpt":{"rendered":"<p>Skrivnostne obline njihovega svetovno znanega stadiona poudarjajo mehak material tega adidas Benfica nogometnega dresa. Na zadnji strani slovesna napisa \u201e1904 Benfica\u201c obele\u017euje za\u010detke kluba. Vezen znak na sprednji strani ka\u017ee va\u0161o podporo ekipi. Tehnologija AEROREADY odvaja znoj, da se po\u010dutite dobro na igri\u0161\u010du ali na tribunah.<\/p>","protected":false},"featured_media":3952,"comment_status":"open","ping_status":"closed","template":"","meta":[],"product_brand":[],"product_cat":[188],"product_tag":[190,20,21,22,23,24,191],"class_list":{"0":"post-3917","1":"product","2":"type-product","3":"status-publish","4":"has-post-thumbnail","6":"product_cat-sl-benfica","7":"product_tag-benfica-trikots","8":"product_tag-coole-fussballtrikots","9":"product_tag-fussballtrikot-fuer-herren","10":"product_tag-fussballtrikot-guenstig-kaufen","11":"product_tag-fussballtrikot-kurzarm","12":"product_tag-guenstiges-fussballtrikot","13":"product_tag-heimtrikot-benfica","15":"first","16":"instock","17":"shipping-taxable","18":"purchasable","19":"product-type-variable"},"_links":{"self":[{"href":"https:\/\/www.billigtrikotde.com\/sl\/wp-json\/wp\/v2\/product\/3917","targetHints":{"allow":["GET"]}}],"collection":[{"href":"https:\/\/www.billigtrikotde.com\/sl\/wp-json\/wp\/v2\/product"}],"about":[{"href":"https:\/\/www.billigtrikotde.com\/sl\/wp-json\/wp\/v2\/types\/product"}],"replies":[{"embeddable":true,"href":"https:\/\/www.billigtrikotde.com\/sl\/wp-json\/wp\/v2\/comments?post=3917"}],"wp:featuredmedia":[{"embeddable":true,"href":"https:\/\/www.billigtrikotde.com\/sl\/wp-json\/wp\/v2\/media\/3952"}],"wp:attachment":[{"href":"https:\/\/www.billigtrikotde.com\/sl\/wp-json\/wp\/v2\/media?parent=3917"}],"wp:term":[{"taxonomy":"product_brand","embeddable":true,"href":"https:\/\/www.billigtrikotde.com\/sl\/wp-json\/wp\/v2\/product_brand?post=3917"},{"taxonomy":"product_cat","embeddable":true,"href":"https:\/\/www.billigtrikotde.com\/sl\/wp-json\/wp\/v2\/product_cat?post=3917"},{"taxonomy":"product_tag","embeddable":true,"href":"https:\/\/www.billigtrikotde.com\/sl\/wp-json\/wp\/v2\/product_tag?post=3917"}],"curies":[{"name":"wp","href":"https:\/\/api.w.org\/{rel}","templated":true}]}}