{"id":3911,"date":"2024-10-23T15:24:30","date_gmt":"2024-10-23T13:24:30","guid":{"rendered":"http:\/\/billigtrikots.com\/?post_type=product&#038;p=3911"},"modified":"2024-10-23T15:26:43","modified_gmt":"2024-10-23T13:26:43","slug":"benfica-auswaertstrikot-2021-22-in-weiss-herren-trikotsatz-kurze-hosen","status":"publish","type":"product","link":"https:\/\/www.billigtrikotde.com\/sl\/benfica-auswaertstrikot-2021-22-in-weiss-herren-trikotsatz-kurze-hosen\/","title":{"rendered":"Benfica izletni\u0161ki komplet 2021\/22 v beli barvi za mo\u0161ke (+ kratke hla\u010de)"},"content":{"rendered":"<p>\u010cista, ostranska bela se vra\u010da na dres Benfice. Ta Adidas nogometni dres poskrbi zaradi zmo\u017enega odvajanja vlage z AEROREADY in mehkih, gladkih materialov za prijetno nositev na igri\u0161\u010du in \u0161e dlje. Na zadnji strani spomin na podpis na leto ustanovitve kluba. Na sprednji strani potrdi va\u0161o zvestobo spletni od\u0161itek.<\/p>\n<p>Nasveti za tiskanje: \u010ce sta ime in \u0161tevilka na sliki to\u010dno tak\u0161na, kot ju \u017eelite, ju ni treba ponovno vnesti. \u010ce ni tako, vnesite \u017eeleno ime in \u0161tevilko.<\/p>\n<p>Nasveti za pranje: Priporo\u010dljivo je, da nogometne majice perete ro\u010dno. \u010ce \u017eelite uporabiti pralni stroj, ne pozabite nogometne majice obrniti narobe in jih nato oprati. Stroj napolnite s hladno vodo in uporabite ob\u010dutljiv cikel, da bolje za\u0161\u010ditite barve.<\/p>","protected":false},"excerpt":{"rendered":"<p>\u010cista, ostranska bela se vra\u010da na dres Benfice. Ta Adidas nogometni dres poskrbi zaradi zmo\u017enega odvajanja vlage z AEROREADY in mehkih, gladkih materialov za prijetno nositev na igri\u0161\u010du in \u0161e dlje. Na zadnji strani spomin na podpis na leto ustanovitve kluba. Na sprednji strani potrdi va\u0161o zvestobo spletni od\u0161itek.<\/p>","protected":false},"featured_media":3951,"comment_status":"open","ping_status":"closed","template":"","meta":[],"product_brand":[],"product_cat":[188],"product_tag":[189,190,20,21,22,23,24],"class_list":{"0":"post-3911","1":"product","2":"type-product","3":"status-publish","4":"has-post-thumbnail","6":"product_cat-sl-benfica","7":"product_tag-benfica-auswaertstrikot","8":"product_tag-benfica-trikots","9":"product_tag-coole-fussballtrikots","10":"product_tag-fussballtrikot-fuer-herren","11":"product_tag-fussballtrikot-guenstig-kaufen","12":"product_tag-fussballtrikot-kurzarm","13":"product_tag-guenstiges-fussballtrikot","15":"first","16":"instock","17":"shipping-taxable","18":"purchasable","19":"product-type-variable"},"_links":{"self":[{"href":"https:\/\/www.billigtrikotde.com\/sl\/wp-json\/wp\/v2\/product\/3911","targetHints":{"allow":["GET"]}}],"collection":[{"href":"https:\/\/www.billigtrikotde.com\/sl\/wp-json\/wp\/v2\/product"}],"about":[{"href":"https:\/\/www.billigtrikotde.com\/sl\/wp-json\/wp\/v2\/types\/product"}],"replies":[{"embeddable":true,"href":"https:\/\/www.billigtrikotde.com\/sl\/wp-json\/wp\/v2\/comments?post=3911"}],"wp:featuredmedia":[{"embeddable":true,"href":"https:\/\/www.billigtrikotde.com\/sl\/wp-json\/wp\/v2\/media\/3951"}],"wp:attachment":[{"href":"https:\/\/www.billigtrikotde.com\/sl\/wp-json\/wp\/v2\/media?parent=3911"}],"wp:term":[{"taxonomy":"product_brand","embeddable":true,"href":"https:\/\/www.billigtrikotde.com\/sl\/wp-json\/wp\/v2\/product_brand?post=3911"},{"taxonomy":"product_cat","embeddable":true,"href":"https:\/\/www.billigtrikotde.com\/sl\/wp-json\/wp\/v2\/product_cat?post=3911"},{"taxonomy":"product_tag","embeddable":true,"href":"https:\/\/www.billigtrikotde.com\/sl\/wp-json\/wp\/v2\/product_tag?post=3911"}],"curies":[{"name":"wp","href":"https:\/\/api.w.org\/{rel}","templated":true}]}}