{"id":3909,"date":"2024-10-23T15:24:28","date_gmt":"2024-10-23T13:24:28","guid":{"rendered":"http:\/\/billigtrikots.com\/?post_type=product&#038;p=3909"},"modified":"2024-10-23T15:26:42","modified_gmt":"2024-10-23T13:26:42","slug":"rb-leipzig-rbl-auswaertstrikot-2021-22-herren-schwarz-gelb-blau","status":"publish","type":"product","link":"https:\/\/www.billigtrikotde.com\/sl\/rb-leipzig-rbl-auswaertstrikot-2021-22-herren-schwarz-gelb-blau\/","title":{"rendered":"RB Leipzig RBL gostujo\u010di komplet 2021\/22 mo\u0161ki \u010drna\/rumena\/modra"},"content":{"rendered":"<p>Za\u010dutite energijo z dresom Nike RB Leipzig 21\/22 Stadium Away Jersey, navija\u0161ko razli\u010dico dresa, ki ga nosijo profesionalci, z nekoliko ohlapnej\u0161im krojem.<\/p>\n<p>Nike RB Leipzig 21\/22 Stadium Away Jersey je oblikovan z mislijo na navija\u010de in je izdelan iz lahke tkanine Nike Breathe, ki vas bo hladila in vam omogo\u010dala udobje, ne glede na to, ali spremljate svoje junake ali jih navijajte s tribun.<\/p>\n<p>Gostujo\u010da majica RB Leipzig 21\/22 ima enako obliko kot doma\u010da majica, tokrat v svetlih barvah, ki ustvarjajo povezavo z dirka\u0161ko ekipo F1 te znamke. Prilagojeni stranski trak RBL dopolnjuje videz, usmerjen v hitrost.<\/p>\n<p>Nasveti za tiskanje: \u010ce sta ime in \u0161tevilka na sliki to\u010dno tak\u0161na, kot ju \u017eelite, ju ni treba ponovno vnesti. \u010ce ni tako, vnesite \u017eeleno ime in \u0161tevilko.<\/p>\n<p>Nasveti za pranje: Priporo\u010dljivo je, da nogometne majice perete ro\u010dno. \u010ce \u017eelite uporabiti pralni stroj, ne pozabite nogometne majice obrniti narobe in jih nato oprati. Stroj napolnite s hladno vodo in uporabite ob\u010dutljiv cikel, da bolje za\u0161\u010ditite barve.<\/p>","protected":false},"excerpt":{"rendered":"<p>Sp\u00fcre die Energie mit dem Nike RB Leipzig 21\/22 Stadium Ausw\u00e4rtstrikot, einer Fan-Version des Trikots, das von den Profis getragen wird, mit einer etwas lockereren Passform. Das Nike RB Leipzig 21\/22 Stadium Ausw\u00e4rtstrikot wurde speziell f\u00fcr Fans entwickelt und besteht aus leichtem Nike Breathe-Material, das dich k\u00fchl und bequem h\u00e4lt, egal ob du deinen Helden [\u2026]<\/p>","protected":false},"featured_media":3950,"comment_status":"open","ping_status":"closed","template":"","meta":[],"product_brand":[],"product_cat":[185],"product_tag":[20,21,22,23,24,186,187],"class_list":{"0":"post-3909","1":"product","2":"type-product","3":"status-publish","4":"has-post-thumbnail","6":"product_cat-rb-leipzig","7":"product_tag-coole-fussballtrikots","8":"product_tag-fussballtrikot-fuer-herren","9":"product_tag-fussballtrikot-guenstig-kaufen","10":"product_tag-fussballtrikot-kurzarm","11":"product_tag-guenstiges-fussballtrikot","12":"product_tag-rb-leipzig-auswaertstrikot","13":"product_tag-rb-leipzig-trikots","15":"first","16":"instock","17":"shipping-taxable","18":"purchasable","19":"product-type-variable"},"_links":{"self":[{"href":"https:\/\/www.billigtrikotde.com\/sl\/wp-json\/wp\/v2\/product\/3909","targetHints":{"allow":["GET"]}}],"collection":[{"href":"https:\/\/www.billigtrikotde.com\/sl\/wp-json\/wp\/v2\/product"}],"about":[{"href":"https:\/\/www.billigtrikotde.com\/sl\/wp-json\/wp\/v2\/types\/product"}],"replies":[{"embeddable":true,"href":"https:\/\/www.billigtrikotde.com\/sl\/wp-json\/wp\/v2\/comments?post=3909"}],"wp:featuredmedia":[{"embeddable":true,"href":"https:\/\/www.billigtrikotde.com\/sl\/wp-json\/wp\/v2\/media\/3950"}],"wp:attachment":[{"href":"https:\/\/www.billigtrikotde.com\/sl\/wp-json\/wp\/v2\/media?parent=3909"}],"wp:term":[{"taxonomy":"product_brand","embeddable":true,"href":"https:\/\/www.billigtrikotde.com\/sl\/wp-json\/wp\/v2\/product_brand?post=3909"},{"taxonomy":"product_cat","embeddable":true,"href":"https:\/\/www.billigtrikotde.com\/sl\/wp-json\/wp\/v2\/product_cat?post=3909"},{"taxonomy":"product_tag","embeddable":true,"href":"https:\/\/www.billigtrikotde.com\/sl\/wp-json\/wp\/v2\/product_tag?post=3909"}],"curies":[{"name":"wp","href":"https:\/\/api.w.org\/{rel}","templated":true}]}}