{"id":3907,"date":"2024-10-23T15:24:26","date_gmt":"2024-10-23T13:24:26","guid":{"rendered":"http:\/\/billigtrikots.com\/?post_type=product&#038;p=3907"},"modified":"2024-10-23T15:26:41","modified_gmt":"2024-10-23T13:26:41","slug":"la-galaxy-away-shirt-2021-2022-jersey-black-tech-green","status":"publish","type":"product","link":"https:\/\/www.billigtrikotde.com\/sl\/la-galaxy-away-shirt-2021-2022-jersey-black-tech-green\/","title":{"rendered":"LA Galaxy srajca 2021\/2022 Black\/Tech Green"},"content":{"rendered":"<p>Dobi od\u0161krtno novo podobo in poka\u017ei svojo podporo Galaxyju s to 2021 Away Shirt iz adidas, ki izkori\u0161\u010da Aeroready tehnologijo, ki absorbira vlago in hitro su\u0161i za optimalno udobje. \u010crtasti dizajn dresa po\u010dasti mesto, kjer ni\u010d ni podano in mora\u0161 zaslu\u017eiti svoje \u010drte, medtem ko adidas blagovna znamka in grb kluba dopolnjujeta eleganten videz, popoln za katerega koli navija\u010da kluba.<\/p>\n<p>Nasveti za tiskanje: \u010ce sta ime in \u0161tevilka na sliki to\u010dno tak\u0161na, kot ju \u017eelite, ju ni treba ponovno vnesti. \u010ce ni tako, vnesite \u017eeleno ime in \u0161tevilko.<\/p>\n<p>Nasveti za pranje: Priporo\u010dljivo je, da nogometne majice perete ro\u010dno. \u010ce \u017eelite uporabiti pralni stroj, ne pozabite nogometne majice obrniti narobe in jih nato oprati. Stroj napolnite s hladno vodo in uporabite ob\u010dutljiv cikel, da bolje za\u0161\u010ditite barve.<\/p>","protected":false},"excerpt":{"rendered":"<p>Get a bold new look and showcase your support for The Galaxy with this 2021 Away Shirt from adidas which benefits from being developed with Aeroready technology which absorbs moisture and dries quickly for optimal comfort. The jersey\u2019s striped design pays tribute to the city where nothing is given and you have to earn your [&hellip;]<\/p>","protected":false},"featured_media":3949,"comment_status":"open","ping_status":"closed","template":"","meta":[],"product_brand":[],"product_cat":[182],"product_tag":[20,21,22,23,24,183,184],"class_list":{"0":"post-3907","1":"product","2":"type-product","3":"status-publish","4":"has-post-thumbnail","6":"product_cat-la-galaxy","7":"product_tag-coole-fussballtrikots","8":"product_tag-fussballtrikot-fuer-herren","9":"product_tag-fussballtrikot-guenstig-kaufen","10":"product_tag-fussballtrikot-kurzarm","11":"product_tag-guenstiges-fussballtrikot","12":"product_tag-la-galaxy-away-shirt","13":"product_tag-la-galaxy-trikots","15":"first","16":"instock","17":"shipping-taxable","18":"purchasable","19":"product-type-variable"},"_links":{"self":[{"href":"https:\/\/www.billigtrikotde.com\/sl\/wp-json\/wp\/v2\/product\/3907","targetHints":{"allow":["GET"]}}],"collection":[{"href":"https:\/\/www.billigtrikotde.com\/sl\/wp-json\/wp\/v2\/product"}],"about":[{"href":"https:\/\/www.billigtrikotde.com\/sl\/wp-json\/wp\/v2\/types\/product"}],"replies":[{"embeddable":true,"href":"https:\/\/www.billigtrikotde.com\/sl\/wp-json\/wp\/v2\/comments?post=3907"}],"wp:featuredmedia":[{"embeddable":true,"href":"https:\/\/www.billigtrikotde.com\/sl\/wp-json\/wp\/v2\/media\/3949"}],"wp:attachment":[{"href":"https:\/\/www.billigtrikotde.com\/sl\/wp-json\/wp\/v2\/media?parent=3907"}],"wp:term":[{"taxonomy":"product_brand","embeddable":true,"href":"https:\/\/www.billigtrikotde.com\/sl\/wp-json\/wp\/v2\/product_brand?post=3907"},{"taxonomy":"product_cat","embeddable":true,"href":"https:\/\/www.billigtrikotde.com\/sl\/wp-json\/wp\/v2\/product_cat?post=3907"},{"taxonomy":"product_tag","embeddable":true,"href":"https:\/\/www.billigtrikotde.com\/sl\/wp-json\/wp\/v2\/product_tag?post=3907"}],"curies":[{"name":"wp","href":"https:\/\/api.w.org\/{rel}","templated":true}]}}