{"id":3884,"date":"2024-10-23T15:23:18","date_gmt":"2024-10-23T13:23:18","guid":{"rendered":"http:\/\/billigtrikots.com\/?post_type=product&#038;p=3884"},"modified":"2024-10-23T15:25:30","modified_gmt":"2024-10-23T13:25:30","slug":"orlando-city-2021-22-home-thick-n-thin-kit-purple-gradient-design","status":"publish","type":"product","link":"https:\/\/www.billigtrikotde.com\/sl\/orlando-city-2021-22-home-thick-n-thin-kit-purple-gradient-design\/","title":{"rendered":"Orlando City 2021\/22 Doma\u010di komplet \"Thick N Thin\", vijoli\u010dna gradientna oblika"},"content":{"rendered":"<p>Doma\u010di dres Orlando City 2021 ima barvni gradient, ki zdru\u017euje dva odtenka vijoli\u010dne barve - zgoraj je temnej\u0161a, spodaj pa svetlej\u0161a in bolj nasi\u010dena.<\/p>\n<p>Dres Orlando City 2021 ima enak ovratnik kot doma\u010di dres Portland Timbers.<\/p>\n<p>\u017delimo, da obo\u017eevalci praznujejo svoje fandovstvo s prilagajanjem in personalizacijo dolo\u010denih izdelkov. Pri teh izdelkih, ki jih je mogo\u010de prilagoditi, vklju\u010dno z dresi, prosimo stranke, da nam sporo\u010dijo, kako \u017eelijo, da je prikazano njihovo \u017eeleno ime ali drugo besedilo, tako da to besedilo vpi\u0161ejo v predvideno polje. Vendar pa samo zato, ker lahko stranka v polje vnese predlagano besedilo za prilagajanje in zaklju\u010di naro\u010dilo prek spletnega mesta, vsa predlagana besedila za prilagajanje ne bodo sprejeta. Upo\u0161tevajte, da lahko dru\u017eba Fanatics zavrne in prekli\u010de vsako naro\u010dilo po meri iz katerega koli razloga, vklju\u010dno s sporo\u010dili, ki se zdijo \u017ealjiva ali neprimerna. Ste velik navija\u010d ekipe Orlando City SC in vedno, ko so na igri\u0161\u010du, ste vklopljeni. Poskrbite, da boste ustrezno opremljeni, tako da vzamete ta dres po meri 2021 Thick N Thin! Biti zagrizen navija\u010d Orlando City SC je vznemirljivo, v tem adidasovem dresu z izrazito mo\u0161tveno grafiko in inovativno tehnologijo pa boste najbolj\u0161i, da boste svojo ekipo spodbujali do zmage.<\/p>","protected":false},"excerpt":{"rendered":"<p>Das Orlando City 2021 Heimtrikot weist einen Farbverlauf auf, der zwei Lilat\u00f6ne kombiniert \u2013 es ist oben dunkler und im unteren Teil heller und ges\u00e4ttigter. In Bezug auf das Template hat das Orlando City 2021 Trikot den gleichen Kragen wie das Portland Timbers Heimtrikot. Wir m\u00f6chten, dass Fans ihr Fandom feiern, indem sie bestimmte Produkte [&hellip;]<\/p>","protected":false},"featured_media":3925,"comment_status":"open","ping_status":"closed","template":"","meta":[],"product_brand":[],"product_cat":[179],"product_tag":[20,21,22,23,24,180,181],"class_list":{"0":"post-3884","1":"product","2":"type-product","3":"status-publish","4":"has-post-thumbnail","6":"product_cat-orlando-city-sc","7":"product_tag-coole-fussballtrikots","8":"product_tag-fussballtrikot-fuer-herren","9":"product_tag-fussballtrikot-guenstig-kaufen","10":"product_tag-fussballtrikot-kurzarm","11":"product_tag-guenstiges-fussballtrikot","12":"product_tag-orlando-city-heimtrikot","13":"product_tag-orlando-city-trikots","15":"first","16":"instock","17":"shipping-taxable","18":"purchasable","19":"product-type-variable"},"_links":{"self":[{"href":"https:\/\/www.billigtrikotde.com\/sl\/wp-json\/wp\/v2\/product\/3884","targetHints":{"allow":["GET"]}}],"collection":[{"href":"https:\/\/www.billigtrikotde.com\/sl\/wp-json\/wp\/v2\/product"}],"about":[{"href":"https:\/\/www.billigtrikotde.com\/sl\/wp-json\/wp\/v2\/types\/product"}],"replies":[{"embeddable":true,"href":"https:\/\/www.billigtrikotde.com\/sl\/wp-json\/wp\/v2\/comments?post=3884"}],"wp:featuredmedia":[{"embeddable":true,"href":"https:\/\/www.billigtrikotde.com\/sl\/wp-json\/wp\/v2\/media\/3925"}],"wp:attachment":[{"href":"https:\/\/www.billigtrikotde.com\/sl\/wp-json\/wp\/v2\/media?parent=3884"}],"wp:term":[{"taxonomy":"product_brand","embeddable":true,"href":"https:\/\/www.billigtrikotde.com\/sl\/wp-json\/wp\/v2\/product_brand?post=3884"},{"taxonomy":"product_cat","embeddable":true,"href":"https:\/\/www.billigtrikotde.com\/sl\/wp-json\/wp\/v2\/product_cat?post=3884"},{"taxonomy":"product_tag","embeddable":true,"href":"https:\/\/www.billigtrikotde.com\/sl\/wp-json\/wp\/v2\/product_tag?post=3884"}],"curies":[{"name":"wp","href":"https:\/\/api.w.org\/{rel}","templated":true}]}}