{"id":3880,"date":"2024-10-23T15:23:14","date_gmt":"2024-10-23T13:23:14","guid":{"rendered":"http:\/\/billigtrikots.com\/?post_type=product&#038;p=3880"},"modified":"2024-10-23T15:25:28","modified_gmt":"2024-10-23T13:25:28","slug":"orlando-city-sc-dwyer-14-purple-2021-thick-n-thin-player-jersey","status":"publish","type":"product","link":"https:\/\/www.billigtrikotde.com\/sl\/orlando-city-sc-dwyer-14-purple-2021-thick-n-thin-player-jersey\/","title":{"rendered":"Orlando City SC DWYER 14 Vijoli\u010dna 2021 Debel in tanek igralni dres"},"content":{"rendered":"<p>Ste velik navija\u010d kluba Orlando City SC in vedno, ko so na igri\u0161\u010du, ste pozorni na dogajanje. Poskrbite, da boste ustrezno opremljeni, in si omislite to majico Nani 2021 Thick N Thin! Biti zagrizen navija\u010d Orlando City SC je vznemirljivo, v tem adidasovem dresu z izrazito mo\u0161tveno grafiko in inovativno tehnologijo pa boste najve\u010dji, da boste svojo ekipo spodbujali do zmage.<\/p>\n<p>\u017delimo, da obo\u017eevalci praznujejo svoje fandovstvo s prilagajanjem in personalizacijo dolo\u010denih izdelkov. Pri teh izdelkih, ki jih je mogo\u010de prilagoditi, vklju\u010dno z dresi, prosimo stranke, da nam sporo\u010dijo, kako \u017eelijo, da je prikazano njihovo \u017eeleno ime ali drugo besedilo, tako da to besedilo vpi\u0161ejo v predvideno polje. Vendar pa samo zato, ker lahko stranka v polje vnese predlagano besedilo za prilagajanje in zaklju\u010di naro\u010dilo prek spletnega mesta, vsa predlagana besedila za prilagajanje ne bodo sprejeta. Upo\u0161tevajte, da lahko dru\u017eba Fanatics zavrne in prekli\u010de vsako naro\u010dilo po meri iz katerega koli razloga, vklju\u010dno s sporo\u010dili, ki se zdijo \u017ealjiva ali neprimerna. Ste velik navija\u010d ekipe Orlando City SC in vedno, ko so na igri\u0161\u010du, ste vklopljeni. Poskrbite, da boste ustrezno opremljeni, tako da vzamete ta dres po meri 2021 Thick N Thin! Biti zagrizen navija\u010d Orlando City SC je vznemirljivo, v tem adidasovem dresu z izrazito mo\u0161tveno grafiko in inovativno tehnologijo pa boste najbolj\u0161i, da boste svojo ekipo spodbujali do zmage.<\/p>","protected":false},"excerpt":{"rendered":"<p>Ste ste velik obo\u017eevalec Orlando City SC in kadar koli so na igri\u0161\u010du, ste vedno navdu\u0161eni. Poskrbite, da boste pravilno opremljeni, tako da si priskrbite ta Nani 2021 Thick N Thin Player Jersey! \u010cudovito je biti zvest navija\u010d Orlando City SC, in v tem adidas dresu z ostreznimi detajli [\u2026]<\/p>","protected":false},"featured_media":3915,"comment_status":"open","ping_status":"closed","template":"","meta":[],"product_brand":[],"product_cat":[179],"product_tag":[20,21,22,23,24,180,181],"class_list":{"0":"post-3880","1":"product","2":"type-product","3":"status-publish","4":"has-post-thumbnail","6":"product_cat-orlando-city-sc","7":"product_tag-coole-fussballtrikots","8":"product_tag-fussballtrikot-fuer-herren","9":"product_tag-fussballtrikot-guenstig-kaufen","10":"product_tag-fussballtrikot-kurzarm","11":"product_tag-guenstiges-fussballtrikot","12":"product_tag-orlando-city-heimtrikot","13":"product_tag-orlando-city-trikots","15":"first","16":"instock","17":"shipping-taxable","18":"purchasable","19":"product-type-variable"},"_links":{"self":[{"href":"https:\/\/www.billigtrikotde.com\/sl\/wp-json\/wp\/v2\/product\/3880","targetHints":{"allow":["GET"]}}],"collection":[{"href":"https:\/\/www.billigtrikotde.com\/sl\/wp-json\/wp\/v2\/product"}],"about":[{"href":"https:\/\/www.billigtrikotde.com\/sl\/wp-json\/wp\/v2\/types\/product"}],"replies":[{"embeddable":true,"href":"https:\/\/www.billigtrikotde.com\/sl\/wp-json\/wp\/v2\/comments?post=3880"}],"wp:featuredmedia":[{"embeddable":true,"href":"https:\/\/www.billigtrikotde.com\/sl\/wp-json\/wp\/v2\/media\/3915"}],"wp:attachment":[{"href":"https:\/\/www.billigtrikotde.com\/sl\/wp-json\/wp\/v2\/media?parent=3880"}],"wp:term":[{"taxonomy":"product_brand","embeddable":true,"href":"https:\/\/www.billigtrikotde.com\/sl\/wp-json\/wp\/v2\/product_brand?post=3880"},{"taxonomy":"product_cat","embeddable":true,"href":"https:\/\/www.billigtrikotde.com\/sl\/wp-json\/wp\/v2\/product_cat?post=3880"},{"taxonomy":"product_tag","embeddable":true,"href":"https:\/\/www.billigtrikotde.com\/sl\/wp-json\/wp\/v2\/product_tag?post=3880"}],"curies":[{"name":"wp","href":"https:\/\/api.w.org\/{rel}","templated":true}]}}