{"id":3861,"date":"2024-10-23T15:22:13","date_gmt":"2024-10-23T13:22:13","guid":{"rendered":"http:\/\/billigtrikots.com\/?post_type=product&#038;p=3861"},"modified":"2024-10-23T15:24:20","modified_gmt":"2024-10-23T13:24:20","slug":"orlando-city-sc-nani-17-purple-2021-thick-n-thin-player-jersey","status":"publish","type":"product","link":"https:\/\/www.billigtrikotde.com\/sl\/orlando-city-sc-nani-17-purple-2021-thick-n-thin-player-jersey\/","title":{"rendered":"Orlando City SC Nani 17# Vijoli\u010dna 2021 Debel in tanek igralni dres"},"content":{"rendered":"<p>V vseh te\u017ekih in te\u017ekih razmerah. Ta adidasov nogometni dres v vijoli\u010dastih barvah, ki je zna\u010dilen za Orlando City, s svojim izbledelim dizajnom prikazuje trepetajo\u010de vzdu\u0161je na stadionu Camping World, ki je poln dima. Poleg poklona zvestim navija\u010dem kluba ga odlikujeta tudi tehnologija AEROREADY, ki odvaja znoj, in vrhunska tkana zna\u010dka.<\/p>\n<p>\u017delimo, da obo\u017eevalci praznujejo svoj fandom s prilagajanjem in personalizacijo dolo\u010denih izdelkov. Pri teh prilagodljivih izdelkih, vklju\u010dno z dresi, stranke pozivamo, da nam povedo, kako \u017eelijo, da je prikazano njihovo \u017eeleno ime ali drugo besedilo, tako da to besedilo vnesejo v navedeno polje. Vendar samo zato, ker lahko stranka v polje vnese predlagano besedilo za prilagoditev in lahko prek spletnega mesta zaklju\u010di naro\u010dilo, vsa predlagana besedila za prilagoditev ne bodo sprejeta. Upo\u0161tevajte, da lahko podjetje Fanatics zavrne in prekli\u010de vsako naro\u010dilo za prilagoditev iz katerega koli razloga, vklju\u010dno s sporo\u010dili, ki se zdijo \u017ealjiva ali neprimerna. ste velik navija\u010d Orlando City SC in kadar koli so na igri\u0161\u010du, ste pozorni nanje. Prepri\u010dajte se, da ste primerno opremljeni, tako da vzamete to majico po meri 2021 Thick N Thin! Biti zvest navija\u010d Orlando City SC je vznemirljivo in v tem adidasovem dresu, ki ga odlikujejo ostre mo\u0161tvene grafike z inovativno tehnologijo, ki vam bo zagotavljala udobje, ko boste navijali za zmago svojega mo\u0161tva, boste najve\u010dji navija\u010d v okolici.<\/p>","protected":false},"excerpt":{"rendered":"<p>Through thick and thin. Showing off Orlando City\u2019s signature purple colors, this adidas soccer jersey\u2019s faded design captures the crackling atmosphere of a smoke-filled Camping World Stadium. In addition to paying tribute to the club\u2019s loyal fans, it features sweat-wicking AEROREADY and a premium woven badge. We want fans to celebrate their fandom by customizing [\u2026]<\/p>","protected":false},"featured_media":3902,"comment_status":"open","ping_status":"closed","template":"","meta":[],"product_brand":[],"product_cat":[179],"product_tag":[20,21,22,23,24,180,181],"class_list":{"0":"post-3861","1":"product","2":"type-product","3":"status-publish","4":"has-post-thumbnail","6":"product_cat-orlando-city-sc","7":"product_tag-coole-fussballtrikots","8":"product_tag-fussballtrikot-fuer-herren","9":"product_tag-fussballtrikot-guenstig-kaufen","10":"product_tag-fussballtrikot-kurzarm","11":"product_tag-guenstiges-fussballtrikot","12":"product_tag-orlando-city-heimtrikot","13":"product_tag-orlando-city-trikots","15":"first","16":"instock","17":"shipping-taxable","18":"purchasable","19":"product-type-variable"},"_links":{"self":[{"href":"https:\/\/www.billigtrikotde.com\/sl\/wp-json\/wp\/v2\/product\/3861","targetHints":{"allow":["GET"]}}],"collection":[{"href":"https:\/\/www.billigtrikotde.com\/sl\/wp-json\/wp\/v2\/product"}],"about":[{"href":"https:\/\/www.billigtrikotde.com\/sl\/wp-json\/wp\/v2\/types\/product"}],"replies":[{"embeddable":true,"href":"https:\/\/www.billigtrikotde.com\/sl\/wp-json\/wp\/v2\/comments?post=3861"}],"wp:featuredmedia":[{"embeddable":true,"href":"https:\/\/www.billigtrikotde.com\/sl\/wp-json\/wp\/v2\/media\/3902"}],"wp:attachment":[{"href":"https:\/\/www.billigtrikotde.com\/sl\/wp-json\/wp\/v2\/media?parent=3861"}],"wp:term":[{"taxonomy":"product_brand","embeddable":true,"href":"https:\/\/www.billigtrikotde.com\/sl\/wp-json\/wp\/v2\/product_brand?post=3861"},{"taxonomy":"product_cat","embeddable":true,"href":"https:\/\/www.billigtrikotde.com\/sl\/wp-json\/wp\/v2\/product_cat?post=3861"},{"taxonomy":"product_tag","embeddable":true,"href":"https:\/\/www.billigtrikotde.com\/sl\/wp-json\/wp\/v2\/product_tag?post=3861"}],"curies":[{"name":"wp","href":"https:\/\/api.w.org\/{rel}","templated":true}]}}