{"id":3823,"date":"2024-10-23T15:20:29","date_gmt":"2024-10-23T13:20:29","guid":{"rendered":"http:\/\/billigtrikots.com\/?post_type=product&#038;p=3823"},"modified":"2024-10-23T15:22:37","modified_gmt":"2024-10-23T13:22:37","slug":"guenstige-fussballtrikots-liverpool-fc-herren-heimtrikot-2021-22-rot-weiss","status":"publish","type":"product","link":"https:\/\/www.billigtrikotde.com\/sl\/guenstige-fussballtrikots-liverpool-fc-herren-heimtrikot-2021-22-rot-weiss\/","title":{"rendered":"Poceni Nogometne majice Liverpool FC Mo\u0161ka doma\u010da majica 2021\/22 rde\u010da\/bela"},"content":{"rendered":"<p>Predstavite svojo ekipo s tem doma\u010dim stadion shirt Liverpool FC. Njegovo izjemno zra\u010dno tkanino odvajal sneg, da ostanete hladni in udobni na igri\u0161\u010du ali na tribuni. Ta izdelek je v celoti izdelan iz recikliranih poliestrskih vlaken.<\/p>\n<p>Nasveti za tiskanje: \u010ce sta ime in \u0161tevilka na sliki to\u010dno tak\u0161na, kot ju \u017eelite, ju ni treba ponovno vnesti. \u010ce ni tako, vnesite \u017eeleno ime in \u0161tevilko.<\/p>\n<p>Nasveti za pranje: Priporo\u010dljivo je, da nogometne majice perete ro\u010dno. \u010ce \u017eelite uporabiti pralni stroj, ne pozabite nogometne majice obrniti narobe in jih nato oprati. Stroj napolnite s hladno vodo in uporabite ob\u010dutljiv cikel, da bolje za\u0161\u010ditite barve.<\/p>","protected":false},"excerpt":{"rendered":"<p>Repr\u00e4sentieren Sie Ihr Team mit dem Liverpool FC Stadium Home Shirt. Sein ultra-atmungsaktives Gewebe leitet den Schwei\u00df ab, damit Sie auf dem Spielfeld oder auf der Trib\u00fcne k\u00fchl und komfortabel bleiben. Dieses Produkt ist vollst\u00e4ndig aus recycelten Polyesterfasern hergestellt. Tipps zum Drucken: Wenn der Name und die Nummer auf dem Bild genau Ihren W\u00fcnschen entsprechen, [&hellip;]<\/p>","protected":false},"featured_media":3864,"comment_status":"open","ping_status":"closed","template":"","meta":[],"product_brand":[],"product_cat":[176],"product_tag":[20,21,22,23,24,152],"class_list":{"0":"post-3823","1":"product","2":"type-product","3":"status-publish","4":"has-post-thumbnail","6":"product_cat-liverpool-fc","7":"product_tag-coole-fussballtrikots","8":"product_tag-fussballtrikot-fuer-herren","9":"product_tag-fussballtrikot-guenstig-kaufen","10":"product_tag-fussballtrikot-kurzarm","11":"product_tag-guenstiges-fussballtrikot","12":"product_tag-liverpool-heimtrikot","14":"first","15":"instock","16":"shipping-taxable","17":"purchasable","18":"product-type-variable"},"_links":{"self":[{"href":"https:\/\/www.billigtrikotde.com\/sl\/wp-json\/wp\/v2\/product\/3823","targetHints":{"allow":["GET"]}}],"collection":[{"href":"https:\/\/www.billigtrikotde.com\/sl\/wp-json\/wp\/v2\/product"}],"about":[{"href":"https:\/\/www.billigtrikotde.com\/sl\/wp-json\/wp\/v2\/types\/product"}],"replies":[{"embeddable":true,"href":"https:\/\/www.billigtrikotde.com\/sl\/wp-json\/wp\/v2\/comments?post=3823"}],"wp:featuredmedia":[{"embeddable":true,"href":"https:\/\/www.billigtrikotde.com\/sl\/wp-json\/wp\/v2\/media\/3864"}],"wp:attachment":[{"href":"https:\/\/www.billigtrikotde.com\/sl\/wp-json\/wp\/v2\/media?parent=3823"}],"wp:term":[{"taxonomy":"product_brand","embeddable":true,"href":"https:\/\/www.billigtrikotde.com\/sl\/wp-json\/wp\/v2\/product_brand?post=3823"},{"taxonomy":"product_cat","embeddable":true,"href":"https:\/\/www.billigtrikotde.com\/sl\/wp-json\/wp\/v2\/product_cat?post=3823"},{"taxonomy":"product_tag","embeddable":true,"href":"https:\/\/www.billigtrikotde.com\/sl\/wp-json\/wp\/v2\/product_tag?post=3823"}],"curies":[{"name":"wp","href":"https:\/\/api.w.org\/{rel}","templated":true}]}}