{"id":3762,"date":"2024-10-23T15:17:40","date_gmt":"2024-10-23T13:17:40","guid":{"rendered":"http:\/\/billigtrikots.com\/?post_type=product&#038;p=3762"},"modified":"2024-10-23T15:19:49","modified_gmt":"2024-10-23T13:19:49","slug":"personalisierbar-trikotsatz-liverpool-fc-stadium-ausweichtrikot-2021-22-gelb-rot","status":"publish","type":"product","link":"https:\/\/www.billigtrikotde.com\/sl\/personalisierbar-trikotsatz-liverpool-fc-stadium-ausweichtrikot-2021-22-gelb-rot\/","title":{"rendered":"Prilagodljiv komplet Liverpool FC Stadium 2021\/22 rumeno-rde\u010da"},"content":{"rendered":"<p>Predstavi svojo ekipo v zamenjavi Liverpool. Izjemno zra\u010dno material odvaja znoj od ko\u017ee in zagotavlja hladen ob\u010dutek med no\u0161enjem \u2014 ne glede na to, ali si na igri\u0161\u010du ali na tribuni.<\/p>\n<p>Suho udobje pri no\u0161enju<\/p>\n<p>Tehnologija Nike Dri-FIT odvaja pot od ko\u017ee, kar omogo\u010da hitro izparevanje in suho udobje med no\u0161enjem.<\/p>\n<p>Hladen ob\u010dutek pri no\u0161enju<\/p>\n<p>Material Nike Breathe je posebej zra\u010den in zagotavlja hladen ob\u010dutek med no\u0161enjem.<\/p>\n<p>Nasveti za tiskanje: \u010ce sta ime in \u0161tevilka na sliki to\u010dno tak\u0161na, kot ju \u017eelite, ju ni treba ponovno vnesti. \u010ce ni tako, vnesite \u017eeleno ime in \u0161tevilko.<\/p>\n<p>Nasveti za pranje: Priporo\u010dljivo je, da nogometne majice perete ro\u010dno. \u010ce \u017eelite uporabiti pralni stroj, ne pozabite nogometne majice obrniti narobe in jih nato oprati. Stroj napolnite s hladno vodo in uporabite ob\u010dutljiv cikel, da bolje za\u0161\u010ditite barve.<\/p>","protected":false},"excerpt":{"rendered":"<p>Predstavi svojo ekipo v Liverpoolovi doma\u010di pro\u017eni majici za ni\u010d. Izjemno zra\u010den material odvaja znoj s ko\u017ee in tako zagotavlja osve\u017eujo\u010d nosilec - ne glede na to, ali ste na igri\u0161\u010du ali na tribuni. Suhe nosilnost. Tehnologija Nike Dri-FIT odvaja znoj s ko\u017ee, kar ga hitro izpari in omogo\u010da suho nosilnost. Hladen nosilec To [\u2026]<\/p>","protected":false},"featured_media":3803,"comment_status":"open","ping_status":"closed","template":"","meta":[],"product_brand":[],"product_cat":[176],"product_tag":[20,21,22,23,24,177,153],"class_list":{"0":"post-3762","1":"product","2":"type-product","3":"status-publish","4":"has-post-thumbnail","6":"product_cat-liverpool-fc","7":"product_tag-coole-fussballtrikots","8":"product_tag-fussballtrikot-fuer-herren","9":"product_tag-fussballtrikot-guenstig-kaufen","10":"product_tag-fussballtrikot-kurzarm","11":"product_tag-guenstiges-fussballtrikot","12":"product_tag-liverpool-ausweichtrikot","13":"product_tag-liverpool-trikots","15":"first","16":"instock","17":"shipping-taxable","18":"purchasable","19":"product-type-variable"},"_links":{"self":[{"href":"https:\/\/www.billigtrikotde.com\/sl\/wp-json\/wp\/v2\/product\/3762","targetHints":{"allow":["GET"]}}],"collection":[{"href":"https:\/\/www.billigtrikotde.com\/sl\/wp-json\/wp\/v2\/product"}],"about":[{"href":"https:\/\/www.billigtrikotde.com\/sl\/wp-json\/wp\/v2\/types\/product"}],"replies":[{"embeddable":true,"href":"https:\/\/www.billigtrikotde.com\/sl\/wp-json\/wp\/v2\/comments?post=3762"}],"wp:featuredmedia":[{"embeddable":true,"href":"https:\/\/www.billigtrikotde.com\/sl\/wp-json\/wp\/v2\/media\/3803"}],"wp:attachment":[{"href":"https:\/\/www.billigtrikotde.com\/sl\/wp-json\/wp\/v2\/media?parent=3762"}],"wp:term":[{"taxonomy":"product_brand","embeddable":true,"href":"https:\/\/www.billigtrikotde.com\/sl\/wp-json\/wp\/v2\/product_brand?post=3762"},{"taxonomy":"product_cat","embeddable":true,"href":"https:\/\/www.billigtrikotde.com\/sl\/wp-json\/wp\/v2\/product_cat?post=3762"},{"taxonomy":"product_tag","embeddable":true,"href":"https:\/\/www.billigtrikotde.com\/sl\/wp-json\/wp\/v2\/product_tag?post=3762"}],"curies":[{"name":"wp","href":"https:\/\/api.w.org\/{rel}","templated":true}]}}