{"id":3667,"date":"2024-10-23T15:13:15","date_gmt":"2024-10-23T13:13:15","guid":{"rendered":"http:\/\/billigtrikots.com\/?post_type=product&#038;p=3667"},"modified":"2024-10-23T15:15:21","modified_gmt":"2024-10-23T13:15:21","slug":"personalisierbar-fc-liverpool-auswaertstrikot-2021-22-beige-mit-aufdruck-a-becker-1","status":"publish","type":"product","link":"https:\/\/www.billigtrikotde.com\/sl\/personalisierbar-fc-liverpool-auswaertstrikot-2021-22-beige-mit-aufdruck-a-becker-1\/","title":{"rendered":"Prilagodljiv gostujo\u010di komplet Liverpool FC 2021\/22 beige s potiskom A.BECKER 1"},"content":{"rendered":"<p>Tukaj je Nike majica v rde\u010di barvi, ki ti pomaga podpirati svoj najljub\u0161i klub v vseh razmerah in pokazati, za kaj ti je srce. Vsak pravi navija\u010d FC Liverpool potrebuje to gostujo\u010do majico, saj jo nosijo tudi igralci v Premier ligi. Lahek, znoju odvra\u010dajo\u010d, zra\u010den in izjemno udoben model navdu\u0161uje na vseh ravneh. Pona\u0161a se z vizualnim videzom s klubskim grbom na prsih. S to majico lahko postane\u0161 \u0161e zmogljivej\u0161i in se pripravi\u0161 na naslednjo tekmo.<\/p>\n<p>Nasveti za tiskanje: \u010ce sta ime in \u0161tevilka na sliki to\u010dno tak\u0161na, kot ju \u017eelite, ju ni treba ponovno vnesti. \u010ce ni tako, vnesite \u017eeleno ime in \u0161tevilko.<\/p>\n<p>Nasveti za pranje: Priporo\u010dljivo je, da nogometne majice perete ro\u010dno. \u010ce \u017eelite uporabiti pralni stroj, ne pozabite nogometne majice obrniti narobe in jih nato oprati. Stroj napolnite s hladno vodo in uporabite ob\u010dutljiv cikel, da bolje za\u0161\u010ditite barve.<\/p>","protected":false},"excerpt":{"rendered":"<p>Hier kommt das Nike Shirt in Rot, das dir hilft, deinen Lieblingsverein in jeder Lage zu unterst\u00fctzen und zu zeigen, wof\u00fcr dein Herz schl\u00e4gt. Jeder waschechte FC Liverpool-Supporter ben\u00f6tigt dieses Ausw\u00e4rts-Shirt, denn auch die Spieler tragen es in der Premier League. Das leichte, schwei\u00dfableitende, atmungsaktive und super bequeme Modell \u00fcberzeugt auf ganzer Linie. Es besticht [&hellip;]<\/p>","protected":false},"featured_media":3709,"comment_status":"open","ping_status":"closed","template":"","meta":[],"product_brand":[],"product_cat":[176],"product_tag":[20,21,22,23,24,156,153],"class_list":{"0":"post-3667","1":"product","2":"type-product","3":"status-publish","4":"has-post-thumbnail","6":"product_cat-liverpool-fc","7":"product_tag-coole-fussballtrikots","8":"product_tag-fussballtrikot-fuer-herren","9":"product_tag-fussballtrikot-guenstig-kaufen","10":"product_tag-fussballtrikot-kurzarm","11":"product_tag-guenstiges-fussballtrikot","12":"product_tag-liverpool-auswaertstrikot","13":"product_tag-liverpool-trikots","15":"first","16":"instock","17":"shipping-taxable","18":"purchasable","19":"product-type-variable"},"_links":{"self":[{"href":"https:\/\/www.billigtrikotde.com\/sl\/wp-json\/wp\/v2\/product\/3667","targetHints":{"allow":["GET"]}}],"collection":[{"href":"https:\/\/www.billigtrikotde.com\/sl\/wp-json\/wp\/v2\/product"}],"about":[{"href":"https:\/\/www.billigtrikotde.com\/sl\/wp-json\/wp\/v2\/types\/product"}],"replies":[{"embeddable":true,"href":"https:\/\/www.billigtrikotde.com\/sl\/wp-json\/wp\/v2\/comments?post=3667"}],"wp:featuredmedia":[{"embeddable":true,"href":"https:\/\/www.billigtrikotde.com\/sl\/wp-json\/wp\/v2\/media\/3709"}],"wp:attachment":[{"href":"https:\/\/www.billigtrikotde.com\/sl\/wp-json\/wp\/v2\/media?parent=3667"}],"wp:term":[{"taxonomy":"product_brand","embeddable":true,"href":"https:\/\/www.billigtrikotde.com\/sl\/wp-json\/wp\/v2\/product_brand?post=3667"},{"taxonomy":"product_cat","embeddable":true,"href":"https:\/\/www.billigtrikotde.com\/sl\/wp-json\/wp\/v2\/product_cat?post=3667"},{"taxonomy":"product_tag","embeddable":true,"href":"https:\/\/www.billigtrikotde.com\/sl\/wp-json\/wp\/v2\/product_tag?post=3667"}],"curies":[{"name":"wp","href":"https:\/\/api.w.org\/{rel}","templated":true}]}}