{"id":3665,"date":"2024-10-23T15:13:13","date_gmt":"2024-10-23T13:13:13","guid":{"rendered":"http:\/\/billigtrikots.com\/?post_type=product&#038;p=3665"},"modified":"2024-10-23T15:15:20","modified_gmt":"2024-10-23T13:15:20","slug":"personalisierbar-trikotsatz-fc-liverpool-torwarttrikot-2021-2022-gelb","status":"publish","type":"product","link":"https:\/\/www.billigtrikotde.com\/sl\/personalisierbar-trikotsatz-fc-liverpool-torwarttrikot-2021-2022-gelb\/","title":{"rendered":"Prilagodljiv vratarski komplet Liverpool FC 2021\/2022 rumena"},"content":{"rendered":"<p>Lahek model v rumeni barvi ti pomaga odli\u010dno podpreti svojo ekipo na naslednji tekmi. Nike z vratarskim dresom predstavlja absolutno edinstven izdelek. V nobeni navija\u0161ki kolekciji ne sme manjkati ta vratarski dres FC Liverpool. Lahka, udobna, zra\u010dna in odvajajo\u010da znoj funkcionalnost ga naredi prepri\u010dljivega. Vizualno se pona\u0161a z neslovenskim: klubskim grbom na prsih. Ta \u0161portna majica je optimalna za tvoj trening in tekmo ter ne sme manjkati v nobeni \u0161portni torbi. Pusti to rumeno \u0161portno majico s kro\u017enim vzorcem, da postane tvoj zvesti spremljevalec.<\/p>\n<p>Nasveti za tiskanje: \u010ce sta ime in \u0161tevilka na sliki to\u010dno tak\u0161na, kot ju \u017eelite, ju ni treba ponovno vnesti. \u010ce ni tako, vnesite \u017eeleno ime in \u0161tevilko.<\/p>\n<p>Nasveti za pranje: Priporo\u010dljivo je, da nogometne majice perete ro\u010dno. \u010ce \u017eelite uporabiti pralni stroj, ne pozabite nogometne majice obrniti narobe in jih nato oprati. Stroj napolnite s hladno vodo in uporabite ob\u010dutljiv cikel, da bolje za\u0161\u010ditite barve.<\/p>","protected":false},"excerpt":{"rendered":"<p>Das leichte Modell in Gelb hilft dir, dein Team beim n\u00e4chsten Spiel bestens zu unterst\u00fctzen. Nike ver\u00f6ffentlicht mit dem Torh\u00fcter-Trikot ein absolut einmaliges Produkt. In keiner Fan-Kollektion darf dieses FC Liverpool-Torh\u00fcter-Trikot fehlen. Die leichte, bequeme, atmungsaktive und schwei\u00dfableitende Funktionsweise l\u00e4sst es \u00fcberzeugen. Es besticht optisch mit einem Vereinswappen auf der Brust. Dieses Sportshirt ist optimal [&hellip;]<\/p>","protected":false},"featured_media":3708,"comment_status":"open","ping_status":"closed","template":"","meta":[],"product_brand":[],"product_cat":[176],"product_tag":[20,35,21,23,24,155],"class_list":{"0":"post-3665","1":"product","2":"type-product","3":"status-publish","4":"has-post-thumbnail","6":"product_cat-liverpool-fc","7":"product_tag-coole-fussballtrikots","8":"product_tag-fussball-torwarttrikots","9":"product_tag-fussballtrikot-fuer-herren","10":"product_tag-fussballtrikot-kurzarm","11":"product_tag-guenstiges-fussballtrikot","12":"product_tag-liverpool-torwarttrikot","14":"first","15":"instock","16":"shipping-taxable","17":"purchasable","18":"product-type-variable"},"_links":{"self":[{"href":"https:\/\/www.billigtrikotde.com\/sl\/wp-json\/wp\/v2\/product\/3665","targetHints":{"allow":["GET"]}}],"collection":[{"href":"https:\/\/www.billigtrikotde.com\/sl\/wp-json\/wp\/v2\/product"}],"about":[{"href":"https:\/\/www.billigtrikotde.com\/sl\/wp-json\/wp\/v2\/types\/product"}],"replies":[{"embeddable":true,"href":"https:\/\/www.billigtrikotde.com\/sl\/wp-json\/wp\/v2\/comments?post=3665"}],"wp:featuredmedia":[{"embeddable":true,"href":"https:\/\/www.billigtrikotde.com\/sl\/wp-json\/wp\/v2\/media\/3708"}],"wp:attachment":[{"href":"https:\/\/www.billigtrikotde.com\/sl\/wp-json\/wp\/v2\/media?parent=3665"}],"wp:term":[{"taxonomy":"product_brand","embeddable":true,"href":"https:\/\/www.billigtrikotde.com\/sl\/wp-json\/wp\/v2\/product_brand?post=3665"},{"taxonomy":"product_cat","embeddable":true,"href":"https:\/\/www.billigtrikotde.com\/sl\/wp-json\/wp\/v2\/product_cat?post=3665"},{"taxonomy":"product_tag","embeddable":true,"href":"https:\/\/www.billigtrikotde.com\/sl\/wp-json\/wp\/v2\/product_tag?post=3665"}],"curies":[{"name":"wp","href":"https:\/\/api.w.org\/{rel}","templated":true}]}}