{"id":3663,"date":"2024-10-23T15:13:12","date_gmt":"2024-10-23T13:13:12","guid":{"rendered":"http:\/\/billigtrikots.com\/?post_type=product&#038;p=3663"},"modified":"2024-10-23T15:15:20","modified_gmt":"2024-10-23T13:15:20","slug":"fc-liverpool-herren-fussball-torwarttrikot-2021-2022-gruen-kurzarm-kurze-hosen","status":"publish","type":"product","link":"https:\/\/www.billigtrikotde.com\/sl\/fc-liverpool-herren-fussball-torwarttrikot-2021-2022-gruen-kurzarm-kurze-hosen\/","title":{"rendered":"Mo\u0161ki nogometni vratarski komplet Liverpool FC 2021\/2022 zelen s kratkimi rokavi in kratkimi hla\u010dami"},"content":{"rendered":"<p>Z udobnim modelom v zeleno poka\u017ee\u0161 svojo brezpogojno ljubezen do svojega kluba. Nike predstavlja res edinstven izdelek s vratarjem-trikotnikom. Te\u017eko je dobiti ve\u010d podpore! S tem vratarjem-trikotnikom FC Liverpool raz\u0161irja\u0161 svojo zbirko navija\u0161kih predmetov. Znoju odvra\u010dajo\u010da, zra\u010dna, lahka in udobna funkcionalnost jo naredi prepri\u010dljivo. S tem trikotnikom si popolnoma pripravljen za naslednjo enoto. To je vratar-trikotnik, ki s klubskim grbom na prsih zagotovo lahko izstopa. Ne \u010dakaj ve\u010d z nakupom tega zelenega vratar-trikotnika s karo vzorcem!<\/p>\n<p>Nasveti za tiskanje: \u010ce sta ime in \u0161tevilka na sliki to\u010dno tak\u0161na, kot ju \u017eelite, ju ni treba ponovno vnesti. \u010ce ni tako, vnesite \u017eeleno ime in \u0161tevilko.<\/p>\n<p>Nasveti za pranje: Priporo\u010dljivo je, da nogometne majice perete ro\u010dno. \u010ce \u017eelite uporabiti pralni stroj, ne pozabite nogometne majice obrniti narobe in jih nato oprati. Stroj napolnite s hladno vodo in uporabite ob\u010dutljiv cikel, da bolje za\u0161\u010ditite barve.<\/p>","protected":false},"excerpt":{"rendered":"<p>Mit dem bequemen Modell in Gr\u00fcn zeigst du deine bedingungslose Liebe zu deinem Verein. Nike ver\u00f6ffentlicht mit dem Torh\u00fcter-Trikot ein wirklich einmaliges Produkt. Mehr Unterst\u00fctzung geht kaum! Mit diesem FC Liverpool-Torh\u00fcter-Trikot erweiterst du deine Fan-Sammlung. Die schwei\u00dfableitende, atmungsaktive, leichte und bequeme Funktionsweise l\u00e4sst es \u00fcberzeugen. Mit diesem Trikot bist du f\u00fcr die n\u00e4chste Einheit perfekt [&hellip;]<\/p>","protected":false},"featured_media":3707,"comment_status":"open","ping_status":"closed","template":"","meta":[],"product_brand":[],"product_cat":[176],"product_tag":[20,35,21,23,24,155],"class_list":{"0":"post-3663","1":"product","2":"type-product","3":"status-publish","4":"has-post-thumbnail","6":"product_cat-liverpool-fc","7":"product_tag-coole-fussballtrikots","8":"product_tag-fussball-torwarttrikots","9":"product_tag-fussballtrikot-fuer-herren","10":"product_tag-fussballtrikot-kurzarm","11":"product_tag-guenstiges-fussballtrikot","12":"product_tag-liverpool-torwarttrikot","14":"first","15":"instock","16":"shipping-taxable","17":"purchasable","18":"product-type-variable"},"_links":{"self":[{"href":"https:\/\/www.billigtrikotde.com\/sl\/wp-json\/wp\/v2\/product\/3663","targetHints":{"allow":["GET"]}}],"collection":[{"href":"https:\/\/www.billigtrikotde.com\/sl\/wp-json\/wp\/v2\/product"}],"about":[{"href":"https:\/\/www.billigtrikotde.com\/sl\/wp-json\/wp\/v2\/types\/product"}],"replies":[{"embeddable":true,"href":"https:\/\/www.billigtrikotde.com\/sl\/wp-json\/wp\/v2\/comments?post=3663"}],"wp:featuredmedia":[{"embeddable":true,"href":"https:\/\/www.billigtrikotde.com\/sl\/wp-json\/wp\/v2\/media\/3707"}],"wp:attachment":[{"href":"https:\/\/www.billigtrikotde.com\/sl\/wp-json\/wp\/v2\/media?parent=3663"}],"wp:term":[{"taxonomy":"product_brand","embeddable":true,"href":"https:\/\/www.billigtrikotde.com\/sl\/wp-json\/wp\/v2\/product_brand?post=3663"},{"taxonomy":"product_cat","embeddable":true,"href":"https:\/\/www.billigtrikotde.com\/sl\/wp-json\/wp\/v2\/product_cat?post=3663"},{"taxonomy":"product_tag","embeddable":true,"href":"https:\/\/www.billigtrikotde.com\/sl\/wp-json\/wp\/v2\/product_tag?post=3663"}],"curies":[{"name":"wp","href":"https:\/\/api.w.org\/{rel}","templated":true}]}}