{"id":3629,"date":"2024-10-23T15:11:33","date_gmt":"2024-10-23T13:11:33","guid":{"rendered":"http:\/\/billigtrikots.com\/?post_type=product&#038;p=3629"},"modified":"2024-10-23T15:13:43","modified_gmt":"2024-10-23T13:13:43","slug":"fc-bayern-muenchen-3rd-herren-trikot-21-22-ausweichtrikot-weiss-mit-aufdruck-nianzou-23","status":"publish","type":"product","link":"https:\/\/www.billigtrikotde.com\/sl\/fc-bayern-muenchen-3rd-herren-trikot-21-22-ausweichtrikot-weiss-mit-aufdruck-nianzou-23\/","title":{"rendered":"FC Bayern M\u00fcnchen 3. mo\u0161ki dres 21\/22 gostujo\u010di komplet bele barve s potiskom Nianzou 23"},"content":{"rendered":"<p>Iz M\u00fcnchna niso gore dale\u010d. Ni \u010dudno, da je izposoja izrek adidas FC Bayern M\u00fcnchen navdihnjena s Alpami. Navija\u0161ki dres prihaja z vla\u017enosti absorbiranjem AEROREADY tehnologijo za udoben ob\u010dutek no\u0161enja. Seveda ne sme manjkati tudi napis \u201eMia san mia\u201c na zadnjem delu vratu.<\/p>\n<p>Nasveti za tiskanje: \u010ce sta ime in \u0161tevilka na sliki to\u010dno tak\u0161na, kot ju \u017eelite, ju ni treba ponovno vnesti. \u010ce ni tako, vnesite \u017eeleno ime in \u0161tevilko.<\/p>\n<p>Nasveti za pranje: Priporo\u010dljivo je, da nogometne majice perete ro\u010dno. \u010ce \u017eelite uporabiti pralni stroj, ne pozabite nogometne majice obrniti narobe in jih nato oprati. Stroj napolnite s hladno vodo in uporabite ob\u010dutljiv cikel, da bolje za\u0161\u010ditite barve.<\/p>","protected":false},"excerpt":{"rendered":"<p>Iz M\u00fcnchnka niso dale\u010d gore. Ni \u010dudno, da so izredna oprema za izkaznico adidas FC Bayern M\u00fcnchen navdihnjena v Alpah. Navija\u0161ki dres prihaja z vla\u017enostiabsorbirajo\u010do tehnologijo AEROREADY za udoben ob\u010dutek pri no\u0161enju. Seveda ne sme manjkati tudi napis \u201eMia san mia\u201c na vratu. Nasveti za tiskanje: Ko je ime in \u0161tevilka na [\u2026]<\/p>","protected":false},"featured_media":3669,"comment_status":"open","ping_status":"closed","template":"","meta":[],"product_brand":[],"product_cat":[175],"product_tag":[139,137,20,21,22,23,24],"class_list":{"0":"post-3629","1":"product","2":"type-product","3":"status-publish","4":"has-post-thumbnail","6":"product_cat-bayern-munich","7":"product_tag-bayern-muenchen-ausweichtrikot","8":"product_tag-bayern-muenchen-trikots","9":"product_tag-coole-fussballtrikots","10":"product_tag-fussballtrikot-fuer-herren","11":"product_tag-fussballtrikot-guenstig-kaufen","12":"product_tag-fussballtrikot-kurzarm","13":"product_tag-guenstiges-fussballtrikot","15":"first","16":"instock","17":"shipping-taxable","18":"purchasable","19":"product-type-variable"},"_links":{"self":[{"href":"https:\/\/www.billigtrikotde.com\/sl\/wp-json\/wp\/v2\/product\/3629","targetHints":{"allow":["GET"]}}],"collection":[{"href":"https:\/\/www.billigtrikotde.com\/sl\/wp-json\/wp\/v2\/product"}],"about":[{"href":"https:\/\/www.billigtrikotde.com\/sl\/wp-json\/wp\/v2\/types\/product"}],"replies":[{"embeddable":true,"href":"https:\/\/www.billigtrikotde.com\/sl\/wp-json\/wp\/v2\/comments?post=3629"}],"wp:featuredmedia":[{"embeddable":true,"href":"https:\/\/www.billigtrikotde.com\/sl\/wp-json\/wp\/v2\/media\/3669"}],"wp:attachment":[{"href":"https:\/\/www.billigtrikotde.com\/sl\/wp-json\/wp\/v2\/media?parent=3629"}],"wp:term":[{"taxonomy":"product_brand","embeddable":true,"href":"https:\/\/www.billigtrikotde.com\/sl\/wp-json\/wp\/v2\/product_brand?post=3629"},{"taxonomy":"product_cat","embeddable":true,"href":"https:\/\/www.billigtrikotde.com\/sl\/wp-json\/wp\/v2\/product_cat?post=3629"},{"taxonomy":"product_tag","embeddable":true,"href":"https:\/\/www.billigtrikotde.com\/sl\/wp-json\/wp\/v2\/product_tag?post=3629"}],"curies":[{"name":"wp","href":"https:\/\/api.w.org\/{rel}","templated":true}]}}