{"id":3594,"date":"2024-10-23T15:09:55","date_gmt":"2024-10-23T13:09:55","guid":{"rendered":"http:\/\/billigtrikots.com\/?post_type=product&#038;p=3594"},"modified":"2024-10-23T15:12:00","modified_gmt":"2024-10-23T13:12:00","slug":"personalisierbar-dfb-deutschland-herren-adipro-20-torwarttrikot-grau","status":"publish","type":"product","link":"https:\/\/www.billigtrikotde.com\/sl\/personalisierbar-dfb-deutschland-herren-adipro-20-torwarttrikot-grau\/","title":{"rendered":"Prilagodljiva mo\u0161ka vratarska majica DFB Germany AdiPro 20 Goalkeeper Jersey Grey"},"content":{"rendered":"<p>AdiPro 20 vratarjska majica za mo\u0161ke te prepri\u010da z dihalnimi tehnologijami in visoko vzdr\u017eljivostjo. Hitro su\u0161e\u010de funkcionalno material s tehnologijo ClimaLite nudi neomejeno svobodo gibanja, da se lahko popolnoma osredoto\u010di\u0161 na \u017eogo. Tesno prilegajo\u010di rokavi ostanejo na mestu ob dosegu \u017eoge. V-izrez s ozkim stoje\u010dim ovratnikom ter tipi\u010dne adidas 3-\u010drte na ramenu popolnoma zaokro\u017eijo majico.<\/p>\n<p>Nasveti za tiskanje: \u010ce sta ime in \u0161tevilka na sliki to\u010dno tak\u0161na, kot ju \u017eelite, ju ni treba ponovno vnesti. \u010ce ni tako, vnesite \u017eeleno ime in \u0161tevilko.<\/p>\n<p>Nasveti za pranje: Priporo\u010dljivo je, da nogometne majice perete ro\u010dno. \u010ce \u017eelite uporabiti pralni stroj, ne pozabite nogometne majice obrniti narobe in jih nato oprati. Stroj napolnite s hladno vodo in uporabite ob\u010dutljiv cikel, da bolje za\u0161\u010ditite barve.<\/p>","protected":false},"excerpt":{"rendered":"<p>Das AdiPro 20 Torwarttrikot f\u00fcr Herren \u00fcberzeugt dich mit atmungsaktiven Technologien und hoher Strapazierf\u00e4higkeit. Das schnell trocknende Funktionsmaterial mit ClimaLite Technologie bietet uneingeschr\u00e4nkte Bewegungsfreiheit, damit du dich voll und ganz auf den Ball konzentrieren kannst. Die eng anliegenden \u00c4rmel bleiben beim Erreichen des Balls an Ort und Stelle. Der V-Ausschnitt mit schmalem Stehkragen sowie die [&hellip;]<\/p>","protected":false},"featured_media":3634,"comment_status":"open","ping_status":"closed","template":"","meta":[],"product_brand":[],"product_cat":[170],"product_tag":[20,171,172,21,22,23,24],"class_list":{"0":"post-3594","1":"product","2":"type-product","3":"status-publish","4":"has-post-thumbnail","6":"product_cat-deutschland-trikots","7":"product_tag-coole-fussballtrikots","8":"product_tag-deutschland-torwarttrikot","9":"product_tag-deutschland-trikots","10":"product_tag-fussballtrikot-fuer-herren","11":"product_tag-fussballtrikot-guenstig-kaufen","12":"product_tag-fussballtrikot-kurzarm","13":"product_tag-guenstiges-fussballtrikot","15":"first","16":"instock","17":"shipping-taxable","18":"purchasable","19":"product-type-variable"},"_links":{"self":[{"href":"https:\/\/www.billigtrikotde.com\/sl\/wp-json\/wp\/v2\/product\/3594","targetHints":{"allow":["GET"]}}],"collection":[{"href":"https:\/\/www.billigtrikotde.com\/sl\/wp-json\/wp\/v2\/product"}],"about":[{"href":"https:\/\/www.billigtrikotde.com\/sl\/wp-json\/wp\/v2\/types\/product"}],"replies":[{"embeddable":true,"href":"https:\/\/www.billigtrikotde.com\/sl\/wp-json\/wp\/v2\/comments?post=3594"}],"wp:featuredmedia":[{"embeddable":true,"href":"https:\/\/www.billigtrikotde.com\/sl\/wp-json\/wp\/v2\/media\/3634"}],"wp:attachment":[{"href":"https:\/\/www.billigtrikotde.com\/sl\/wp-json\/wp\/v2\/media?parent=3594"}],"wp:term":[{"taxonomy":"product_brand","embeddable":true,"href":"https:\/\/www.billigtrikotde.com\/sl\/wp-json\/wp\/v2\/product_brand?post=3594"},{"taxonomy":"product_cat","embeddable":true,"href":"https:\/\/www.billigtrikotde.com\/sl\/wp-json\/wp\/v2\/product_cat?post=3594"},{"taxonomy":"product_tag","embeddable":true,"href":"https:\/\/www.billigtrikotde.com\/sl\/wp-json\/wp\/v2\/product_tag?post=3594"}],"curies":[{"name":"wp","href":"https:\/\/api.w.org\/{rel}","templated":true}]}}