{"id":3588,"date":"2024-10-23T15:09:50","date_gmt":"2024-10-23T13:09:50","guid":{"rendered":"http:\/\/billigtrikots.com\/?post_type=product&#038;p=3588"},"modified":"2025-06-09T04:42:51","modified_gmt":"2025-06-09T02:42:51","slug":"kindertrikot-fc-arsenal-afc-heimtrikot-2022-kinder-rot-weiss","status":"publish","type":"product","link":"https:\/\/www.billigtrikotde.com\/sl\/kindertrikot-fc-arsenal-afc-heimtrikot-2022-kinder-rot-weiss\/","title":{"rendered":"Otro\u0161ka majica FC Arsenal AFC Doma\u010da majica 2022 Otro\u0161ka rde\u010da\/bela"},"content":{"rendered":"<p>Wei\u00dfe Eins\u00e4tze und marineblaue Details? Das erinnert sofort an eine \u00c4ra, in der der FC Arsenal praktisch gar nicht verlieren konnte. Mit diesem adidas Fu\u00dfballtrikot f\u00fcr Kinder und Teens feierst du die goldenen Zeiten und hast es dabei besonders bequem. Es ist aus weichem Material und kommt mit feuchtigkeitsabsorbierender AEROREADY Technologie. Das gewebte Vereinslogo auf der Brust zeigt au\u00dferdem, f\u00fcr welchen Club dein Herz schl\u00e4gt.Dieses Produkt ist Primegreen: hergestellt mit verschiedenen, funktionalen Recyclingmaterialien.<\/p>\n<p>Nasveti za tiskanje: \u010ce sta ime in \u0161tevilka na sliki to\u010dno tak\u0161na, kot ju \u017eelite, ju ni treba ponovno vnesti. \u010ce ni tako, vnesite \u017eeleno ime in \u0161tevilko.<\/p>\n<p>Nasveti za pranje: Priporo\u010dljivo je, da nogometne majice perete ro\u010dno. \u010ce \u017eelite uporabiti pralni stroj, ne pozabite nogometne majice obrniti narobe in jih nato oprati. Stroj napolnite s hladno vodo in uporabite ob\u010dutljiv cikel, da bolje za\u0161\u010ditite barve.<\/p>","protected":false},"excerpt":{"rendered":"<p>Wei\u00dfe Eins\u00e4tze und marineblaue Details? Das erinnert sofort an eine \u00c4ra, in der der FC Arsenal praktisch gar nicht verlieren konnte. Mit diesem adidas Fu\u00dfballtrikot f\u00fcr Kinder und Teens feierst du die goldenen Zeiten und hast es dabei besonders bequem. Es ist aus weichem Material und kommt mit feuchtigkeitsabsorbierender AEROREADY Technologie. Das gewebte Vereinslogo auf [&hellip;]<\/p>","protected":false},"featured_media":3622,"comment_status":"open","ping_status":"closed","template":"","meta":[],"product_brand":[],"product_cat":[167],"product_tag":[20,56,57,168,94],"class_list":{"0":"post-3588","1":"product","2":"type-product","3":"status-publish","4":"has-post-thumbnail","6":"product_cat-arsenal-kindertrikot","7":"product_tag-coole-fussballtrikots","8":"product_tag-fc-arsenal-heimtrikot","9":"product_tag-fc-arsenal-trikots","10":"product_tag-fc-arsenal-trikotsatz-fuer-kinder","11":"product_tag-kinder-fussball-trikotsatz","13":"first","14":"instock","15":"shipping-taxable","16":"purchasable","17":"product-type-variable"},"_links":{"self":[{"href":"https:\/\/www.billigtrikotde.com\/sl\/wp-json\/wp\/v2\/product\/3588","targetHints":{"allow":["GET"]}}],"collection":[{"href":"https:\/\/www.billigtrikotde.com\/sl\/wp-json\/wp\/v2\/product"}],"about":[{"href":"https:\/\/www.billigtrikotde.com\/sl\/wp-json\/wp\/v2\/types\/product"}],"replies":[{"embeddable":true,"href":"https:\/\/www.billigtrikotde.com\/sl\/wp-json\/wp\/v2\/comments?post=3588"}],"wp:featuredmedia":[{"embeddable":true,"href":"https:\/\/www.billigtrikotde.com\/sl\/wp-json\/wp\/v2\/media\/3622"}],"wp:attachment":[{"href":"https:\/\/www.billigtrikotde.com\/sl\/wp-json\/wp\/v2\/media?parent=3588"}],"wp:term":[{"taxonomy":"product_brand","embeddable":true,"href":"https:\/\/www.billigtrikotde.com\/sl\/wp-json\/wp\/v2\/product_brand?post=3588"},{"taxonomy":"product_cat","embeddable":true,"href":"https:\/\/www.billigtrikotde.com\/sl\/wp-json\/wp\/v2\/product_cat?post=3588"},{"taxonomy":"product_tag","embeddable":true,"href":"https:\/\/www.billigtrikotde.com\/sl\/wp-json\/wp\/v2\/product_tag?post=3588"}],"curies":[{"name":"wp","href":"https:\/\/api.w.org\/{rel}","templated":true}]}}