{"id":3580,"date":"2024-10-23T15:09:20","date_gmt":"2024-10-23T13:09:20","guid":{"rendered":"http:\/\/billigtrikots.com\/?post_type=product&#038;p=3580"},"modified":"2025-06-09T04:42:51","modified_gmt":"2025-06-09T02:42:51","slug":"fc-arsenal-trikot-home-kinder-2021-22-rot-weiss-mit-david-luiz-23-aufdruck","status":"publish","type":"product","link":"https:\/\/www.billigtrikotde.com\/sl\/fc-arsenal-trikot-home-kinder-2021-22-rot-weiss-mit-david-luiz-23-aufdruck\/","title":{"rendered":"FC Arsenal majica Home Kids 2021\/22 rde\u010da\/bela z Davidom Luizom 23 Natisni"},"content":{"rendered":"<p>Novi doma\u010di dres Arsenala adidas prihaja v tipi\u010dni rde\u010de-beli doma\u010di barvi in je okra\u0161en z ponosnimi ekipnimi detajli, kot je originalna klubska prijava. Poleg tega se adidas logo in sponzorsko brendiranje ustrezno vklju\u010dita in dokon\u010data dres.<\/p>\n<p>Izdelan iz materiala Aeroready, ki odvaja vlago, ti novi Otro\u0161ki doma\u010di dres Arsenala nudi suho, hladno no\u0161enje. Poleg tega Home Jersey vsebuje 100% recikliranih poliestrskih vlaken (Primegreen), kar ga ne le ohranja oblikovno stabilnega in trajnostnega, ampak ga tudi naredi trajnostnega! Nekaj \u0161ir\u0161e krojen kot igralni dres, prav tako poskrbi za vrhunsko prileganje in odli\u010dno svobodo gibanja v vseh smereh.<\/p>\n<p>Kot pravi navija\u010d ga mora\u0161 nujno imeti Adidas FC Arsenal Otro\u0161ki doma\u010di dres 2021\/22! Pridobi ga \u017ee danes!<\/p>\n<p>Nasveti za tiskanje: \u010ce sta ime in \u0161tevilka na sliki to\u010dno tak\u0161na, kot ju \u017eelite, ju ni treba ponovno vnesti. \u010ce ni tako, vnesite \u017eeleno ime in \u0161tevilko.<\/p>\n<p>Nasveti za pranje: Priporo\u010dljivo je, da nogometne majice perete ro\u010dno. \u010ce \u017eelite uporabiti pralni stroj, ne pozabite nogometne majice obrniti narobe in jih nato oprati. Stroj napolnite s hladno vodo in uporabite ob\u010dutljiv cikel, da bolje za\u0161\u010ditite barve.<\/p>","protected":false},"excerpt":{"rendered":"<p>Das neue Arsenal Heim Trikot von adidas kommt in typischer rot-wei\u00dfer Heimfarbe und ist mit stolzen Teamdetails, wie dem originalen Clublogo geschm\u00fcckt. Au\u00dferdem f\u00fcgen sich das adidas Logo, sowie Sponsorenbrandings passend ein und machen das Trikot komplett. Gefertigt aus feuchtigkeitsableitendem Aeroready Material, bietet dir das neue Arsenal Kinder Trikot einen trockenen, k\u00fchlen Tragekomfort. Zudem besteht [&hellip;]<\/p>","protected":false},"featured_media":3620,"comment_status":"open","ping_status":"closed","template":"","meta":[],"product_brand":[],"product_cat":[167],"product_tag":[20,56,57,168,94],"class_list":{"0":"post-3580","1":"product","2":"type-product","3":"status-publish","4":"has-post-thumbnail","6":"product_cat-arsenal-kindertrikot","7":"product_tag-coole-fussballtrikots","8":"product_tag-fc-arsenal-heimtrikot","9":"product_tag-fc-arsenal-trikots","10":"product_tag-fc-arsenal-trikotsatz-fuer-kinder","11":"product_tag-kinder-fussball-trikotsatz","13":"first","14":"instock","15":"shipping-taxable","16":"purchasable","17":"product-type-variable"},"_links":{"self":[{"href":"https:\/\/www.billigtrikotde.com\/sl\/wp-json\/wp\/v2\/product\/3580","targetHints":{"allow":["GET"]}}],"collection":[{"href":"https:\/\/www.billigtrikotde.com\/sl\/wp-json\/wp\/v2\/product"}],"about":[{"href":"https:\/\/www.billigtrikotde.com\/sl\/wp-json\/wp\/v2\/types\/product"}],"replies":[{"embeddable":true,"href":"https:\/\/www.billigtrikotde.com\/sl\/wp-json\/wp\/v2\/comments?post=3580"}],"wp:featuredmedia":[{"embeddable":true,"href":"https:\/\/www.billigtrikotde.com\/sl\/wp-json\/wp\/v2\/media\/3620"}],"wp:attachment":[{"href":"https:\/\/www.billigtrikotde.com\/sl\/wp-json\/wp\/v2\/media?parent=3580"}],"wp:term":[{"taxonomy":"product_brand","embeddable":true,"href":"https:\/\/www.billigtrikotde.com\/sl\/wp-json\/wp\/v2\/product_brand?post=3580"},{"taxonomy":"product_cat","embeddable":true,"href":"https:\/\/www.billigtrikotde.com\/sl\/wp-json\/wp\/v2\/product_cat?post=3580"},{"taxonomy":"product_tag","embeddable":true,"href":"https:\/\/www.billigtrikotde.com\/sl\/wp-json\/wp\/v2\/product_tag?post=3580"}],"curies":[{"name":"wp","href":"https:\/\/api.w.org\/{rel}","templated":true}]}}