{"id":3544,"date":"2024-10-23T15:07:42","date_gmt":"2024-10-23T13:07:42","guid":{"rendered":"http:\/\/billigtrikots.com\/?post_type=product&#038;p=3544"},"modified":"2025-06-09T04:42:53","modified_gmt":"2025-06-09T02:42:53","slug":"trikotsatz-fc-arsenal-ausweichtrikot-2021-2022-fuer-kinder-blau","status":"publish","type":"product","link":"https:\/\/www.billigtrikotde.com\/sl\/trikotsatz-fc-arsenal-ausweichtrikot-2021-2022-fuer-kinder-blau\/","title":{"rendered":"Komplet dresov FC Arsenal zamenjava dresa 2021\/2022 za otroke modra"},"content":{"rendered":"<p>Tle se vra\u010da 90-ih designov \u2013 kot blisk iz preteklosti. Ta zamenjava dres FC Arsenal, tukaj v razli\u010dici za otroke in najstnike, slavi desetletje uspeha za nogomet in za adidas. Navija\u0161ki dres zdru\u017euje retro videz, ki ga navdihuje oprema, z modernim, funkcionalnim materialom z vlago vpijajo\u010do tehnologijo AEROREADY. Ta izdelek je Primegreen: izdelan z razli\u010dnimi, funkcionalnimi recikliranimi materiali.<\/p>\n<p>Nasveti za tiskanje: \u010ce sta ime in \u0161tevilka na sliki to\u010dno tak\u0161na, kot ju \u017eelite, ju ni treba ponovno vnesti. \u010ce ni tako, vnesite \u017eeleno ime in \u0161tevilko.<\/p>\n<p>Nasveti za pranje: Priporo\u010dljivo je, da nogometne majice perete ro\u010dno. \u010ce \u017eelite uporabiti pralni stroj, ne pozabite nogometne majice obrniti narobe in jih nato oprati. Stroj napolnite s hladno vodo in uporabite ob\u010dutljiv cikel, da bolje za\u0161\u010ditite barve.<\/p>","protected":false},"excerpt":{"rendered":"<p>Hier kommt das Revival eines 90s-Designs \u2013 wie ein Blitz aus der Vergangenheit. Dieses FC Arsenal Ausweichtrikot, hier in der Version f\u00fcr Kinder und Teens, feiert ein Erfolgsjahrzehnt f\u00fcr den Fu\u00dfball und f\u00fcr adidas. Das Fan-Trikot verbindet einen vom Equipment Style inspirierten Retrolook mit einem modernen, funktionalen Material mit feuchtigkeitsabsorbierender AEROREADY Technologie.Dieses Produkt ist Primegreen: [&hellip;]<\/p>","protected":false},"featured_media":3585,"comment_status":"open","ping_status":"closed","template":"","meta":[],"product_brand":[],"product_cat":[167],"product_tag":[20,169,57,168,94],"class_list":{"0":"post-3544","1":"product","2":"type-product","3":"status-publish","4":"has-post-thumbnail","6":"product_cat-arsenal-kindertrikot","7":"product_tag-coole-fussballtrikots","8":"product_tag-fc-arsenal-ausweichtrikot","9":"product_tag-fc-arsenal-trikots","10":"product_tag-fc-arsenal-trikotsatz-fuer-kinder","11":"product_tag-kinder-fussball-trikotsatz","13":"first","14":"instock","15":"shipping-taxable","16":"purchasable","17":"product-type-variable"},"_links":{"self":[{"href":"https:\/\/www.billigtrikotde.com\/sl\/wp-json\/wp\/v2\/product\/3544","targetHints":{"allow":["GET"]}}],"collection":[{"href":"https:\/\/www.billigtrikotde.com\/sl\/wp-json\/wp\/v2\/product"}],"about":[{"href":"https:\/\/www.billigtrikotde.com\/sl\/wp-json\/wp\/v2\/types\/product"}],"replies":[{"embeddable":true,"href":"https:\/\/www.billigtrikotde.com\/sl\/wp-json\/wp\/v2\/comments?post=3544"}],"wp:featuredmedia":[{"embeddable":true,"href":"https:\/\/www.billigtrikotde.com\/sl\/wp-json\/wp\/v2\/media\/3585"}],"wp:attachment":[{"href":"https:\/\/www.billigtrikotde.com\/sl\/wp-json\/wp\/v2\/media?parent=3544"}],"wp:term":[{"taxonomy":"product_brand","embeddable":true,"href":"https:\/\/www.billigtrikotde.com\/sl\/wp-json\/wp\/v2\/product_brand?post=3544"},{"taxonomy":"product_cat","embeddable":true,"href":"https:\/\/www.billigtrikotde.com\/sl\/wp-json\/wp\/v2\/product_cat?post=3544"},{"taxonomy":"product_tag","embeddable":true,"href":"https:\/\/www.billigtrikotde.com\/sl\/wp-json\/wp\/v2\/product_tag?post=3544"}],"curies":[{"name":"wp","href":"https:\/\/api.w.org\/{rel}","templated":true}]}}