{"id":3540,"date":"2024-10-23T15:07:39","date_gmt":"2024-10-23T13:07:39","guid":{"rendered":"http:\/\/billigtrikots.com\/?post_type=product&#038;p=3540"},"modified":"2024-10-23T15:09:44","modified_gmt":"2024-10-23T13:09:44","slug":"fc-arsenal-london-trikot-3rd-2021-2022-kids-blau-mit-iwobi-17-aufdruck","status":"publish","type":"product","link":"https:\/\/www.billigtrikotde.com\/sl\/fc-arsenal-london-trikot-3rd-2021-2022-kids-blau-mit-iwobi-17-aufdruck\/","title":{"rendered":"FC Arsenal London dres 3rd 2021\/2022 za otroke modra z natisom IWOBI 17"},"content":{"rendered":"<p>S super udobnim modelom v modri barvi tudi najmlaj\u0161i navija\u010di izra\u017eajo naklonjenost svoji najljub\u0161i dru\u017eini. S otro\u0161ko majico iz dru\u017eine adidas res ni mogo\u010de ni\u010d zgre\u0161iti. Poka\u017ei svoje navdu\u0161enje \u2013 s to izmenjevalno majico FC Arsenal London raz\u0161iri svojo zbirko navija\u0161ke opreme za kos obla\u010dila v originalnem dizajnu, kakr\u0161nega nosijo igralci v Premier League. Priporo\u010damo ta zra\u010den in izjemno udoben model z prijetnim ob\u010dutkom za no\u0161enje. Do absolutne to\u010dke ha\u010da bo postal z zvezkom kluba na prsih. S to \u0161portno majico si za vsako enoto popolnoma opremljen.<\/p>\n<p>Nasveti za tiskanje: \u010ce sta ime in \u0161tevilka na sliki to\u010dno tak\u0161na, kot ju \u017eelite, ju ni treba ponovno vnesti. \u010ce ni tako, vnesite \u017eeleno ime in \u0161tevilko.<\/p>\n<p>Nasveti za pranje: Priporo\u010dljivo je, da nogometne majice perete ro\u010dno. \u010ce \u017eelite uporabiti pralni stroj, ne pozabite nogometne majice obrniti narobe in jih nato oprati. Stroj napolnite s hladno vodo in uporabite ob\u010dutljiv cikel, da bolje za\u0161\u010ditite barve.<\/p>","protected":false},"excerpt":{"rendered":"<p>Mit dem super bequemen Modell in Blau zeigen auch die j\u00fcngsten Fans ihre Zuneigung zu ihrem Lieblingsverein. Mit dem Kinder-Shirt aus dem Hause adidas kann man wirklich nichts falsch machen. Zeige deine Begeisterung \u2013 mit diesem FC Arsenal London-Ausweich-Shirt erweiterst du deine Fan-Sammlung um ein Kleidungsst\u00fcck im Original-Design, wie es die Spieler in der Premier [&hellip;]<\/p>","protected":false},"featured_media":3583,"comment_status":"open","ping_status":"closed","template":"","meta":[],"product_brand":[],"product_cat":[167],"product_tag":[20,169,57,168,94],"class_list":{"0":"post-3540","1":"product","2":"type-product","3":"status-publish","4":"has-post-thumbnail","6":"product_cat-arsenal-kindertrikot","7":"product_tag-coole-fussballtrikots","8":"product_tag-fc-arsenal-ausweichtrikot","9":"product_tag-fc-arsenal-trikots","10":"product_tag-fc-arsenal-trikotsatz-fuer-kinder","11":"product_tag-kinder-fussball-trikotsatz","13":"first","14":"instock","15":"shipping-taxable","16":"purchasable","17":"product-type-variable"},"_links":{"self":[{"href":"https:\/\/www.billigtrikotde.com\/sl\/wp-json\/wp\/v2\/product\/3540","targetHints":{"allow":["GET"]}}],"collection":[{"href":"https:\/\/www.billigtrikotde.com\/sl\/wp-json\/wp\/v2\/product"}],"about":[{"href":"https:\/\/www.billigtrikotde.com\/sl\/wp-json\/wp\/v2\/types\/product"}],"replies":[{"embeddable":true,"href":"https:\/\/www.billigtrikotde.com\/sl\/wp-json\/wp\/v2\/comments?post=3540"}],"wp:featuredmedia":[{"embeddable":true,"href":"https:\/\/www.billigtrikotde.com\/sl\/wp-json\/wp\/v2\/media\/3583"}],"wp:attachment":[{"href":"https:\/\/www.billigtrikotde.com\/sl\/wp-json\/wp\/v2\/media?parent=3540"}],"wp:term":[{"taxonomy":"product_brand","embeddable":true,"href":"https:\/\/www.billigtrikotde.com\/sl\/wp-json\/wp\/v2\/product_brand?post=3540"},{"taxonomy":"product_cat","embeddable":true,"href":"https:\/\/www.billigtrikotde.com\/sl\/wp-json\/wp\/v2\/product_cat?post=3540"},{"taxonomy":"product_tag","embeddable":true,"href":"https:\/\/www.billigtrikotde.com\/sl\/wp-json\/wp\/v2\/product_tag?post=3540"}],"curies":[{"name":"wp","href":"https:\/\/api.w.org\/{rel}","templated":true}]}}