{"id":3532,"date":"2024-10-23T15:07:06","date_gmt":"2024-10-23T13:07:06","guid":{"rendered":"http:\/\/billigtrikots.com\/?post_type=product&#038;p=3532"},"modified":"2024-10-23T15:09:13","modified_gmt":"2024-10-23T13:09:13","slug":"fc-arsenal-london-trikot-3rd-2021-2022-blau-fuer-kinder-mit-torreira-11-aufdruck","status":"publish","type":"product","link":"https:\/\/www.billigtrikotde.com\/sl\/fc-arsenal-london-trikot-3rd-2021-2022-blau-fuer-kinder-mit-torreira-11-aufdruck\/","title":{"rendered":"FC Arsenal London dres 3rd 2021\/2022 za otroke modra z natisom Torreira 11"},"content":{"rendered":"<p>Prozoren, zra\u010den model v modri barvi tudi najmlaj\u0161im navija\u010dem razkrije pripadnost njihovemu najljub\u0161emu klubu. Z otro\u0161kim \u0161portnim topom iz podjetja adidas res ni \u010desa zgre\u0161iti. V nobeni navija\u0161ki kolekciji ne sme manjkati ta outgow-and away \u0161portni top FC Arsenal London, tak\u0161en kot ga nosijo igralci v Premier League. Udoben in zra\u010den model navdu\u0161uje na vseh ravneh. Vizualno ga odlikuje klubska grba na prsih. Ta dres je ustvarjen, da tvojo formo dvigne na vi\u0161jo raven.<\/p>\n<p>Nasveti za tiskanje: \u010ce sta ime in \u0161tevilka na sliki to\u010dno tak\u0161na, kot ju \u017eelite, ju ni treba ponovno vnesti. \u010ce ni tako, vnesite \u017eeleno ime in \u0161tevilko.<\/p>\n<p>Nasveti za pranje: Priporo\u010dljivo je, da nogometne majice perete ro\u010dno. \u010ce \u017eelite uporabiti pralni stroj, ne pozabite nogometne majice obrniti narobe in jih nato oprati. Stroj napolnite s hladno vodo in uporabite ob\u010dutljiv cikel, da bolje za\u0161\u010ditite barve.<\/p>","protected":false},"excerpt":{"rendered":"<p>Das atmungsaktive Modell in Blau l\u00e4sst auch junge Fans ihre Zugeh\u00f6rigkeit zum Lieblingsteam zeigen. Mit dem Kinder-Sporttop aus dem Hause adidas kann man wirklich nichts falsch machen. In keiner Fan-Kollektion darf dieses FC Arsenal London-Ausweich-Sporttop, wie es die Spieler in der Premier League tragen, fehlen. Das bequeme und atmungsaktive Modell \u00fcberzeugt auf ganzer Linie. Optisch [&hellip;]<\/p>","protected":false},"featured_media":3573,"comment_status":"open","ping_status":"closed","template":"","meta":[],"product_brand":[],"product_cat":[167],"product_tag":[20,169,57,168,94],"class_list":{"0":"post-3532","1":"product","2":"type-product","3":"status-publish","4":"has-post-thumbnail","6":"product_cat-arsenal-kindertrikot","7":"product_tag-coole-fussballtrikots","8":"product_tag-fc-arsenal-ausweichtrikot","9":"product_tag-fc-arsenal-trikots","10":"product_tag-fc-arsenal-trikotsatz-fuer-kinder","11":"product_tag-kinder-fussball-trikotsatz","13":"first","14":"instock","15":"shipping-taxable","16":"purchasable","17":"product-type-variable"},"_links":{"self":[{"href":"https:\/\/www.billigtrikotde.com\/sl\/wp-json\/wp\/v2\/product\/3532","targetHints":{"allow":["GET"]}}],"collection":[{"href":"https:\/\/www.billigtrikotde.com\/sl\/wp-json\/wp\/v2\/product"}],"about":[{"href":"https:\/\/www.billigtrikotde.com\/sl\/wp-json\/wp\/v2\/types\/product"}],"replies":[{"embeddable":true,"href":"https:\/\/www.billigtrikotde.com\/sl\/wp-json\/wp\/v2\/comments?post=3532"}],"wp:featuredmedia":[{"embeddable":true,"href":"https:\/\/www.billigtrikotde.com\/sl\/wp-json\/wp\/v2\/media\/3573"}],"wp:attachment":[{"href":"https:\/\/www.billigtrikotde.com\/sl\/wp-json\/wp\/v2\/media?parent=3532"}],"wp:term":[{"taxonomy":"product_brand","embeddable":true,"href":"https:\/\/www.billigtrikotde.com\/sl\/wp-json\/wp\/v2\/product_brand?post=3532"},{"taxonomy":"product_cat","embeddable":true,"href":"https:\/\/www.billigtrikotde.com\/sl\/wp-json\/wp\/v2\/product_cat?post=3532"},{"taxonomy":"product_tag","embeddable":true,"href":"https:\/\/www.billigtrikotde.com\/sl\/wp-json\/wp\/v2\/product_tag?post=3532"}],"curies":[{"name":"wp","href":"https:\/\/api.w.org\/{rel}","templated":true}]}}