{"id":3509,"date":"2024-10-23T15:05:59","date_gmt":"2024-10-23T13:05:59","guid":{"rendered":"http:\/\/billigtrikots.com\/?post_type=product&#038;p=3509"},"modified":"2024-10-23T15:08:09","modified_gmt":"2024-10-23T13:08:09","slug":"kinder-fussball-trikotsatz-arsenal-fc-auswaerts-2021-22-gelb-mit-aufdruck-lacazette-9","status":"publish","type":"product","link":"https:\/\/www.billigtrikotde.com\/sl\/kinder-fussball-trikotsatz-arsenal-fc-auswaerts-2021-22-gelb-mit-aufdruck-lacazette-9\/","title":{"rendered":"Otro\u0161ki nogometni komplet dresov Arsenal FC gostovanje 2021\/22 rumen z napisom Lacazette 9"},"content":{"rendered":"<p>Od zmage v dvojicah leta 1971 do legendarne naslovne lovorike leta 1989 \u2013 nekateri najve\u010dji uspehi FC Arsenal so bili postavljeni v rumeni barvi. Ni \u010dudno, da to barvo znova prina\u0161amo na to gostujo\u010do majico v otro\u0161ki razli\u010dici, skupaj z tiskanimi kanonskimi grafi\u010dnimi elementi za popoln retro klubovski slog. Mehko material in vlagotesno\u2011absorbirajo\u010da tehnologija AEROREADY zagotavljata prijetno suho nosenje. Ta izdelek je Primegreen: proizveden z razli\u010dnimi funkcionalnimi recikliranimi materiali.<\/p>\n<p>Nasveti za tiskanje: \u010ce sta ime in \u0161tevilka na sliki to\u010dno tak\u0161na, kot ju \u017eelite, ju ni treba ponovno vnesti. \u010ce ni tako, vnesite \u017eeleno ime in \u0161tevilko.<\/p>\n<p>Nasveti za pranje: Priporo\u010dljivo je, da nogometne majice perete ro\u010dno. \u010ce \u017eelite uporabiti pralni stroj, ne pozabite nogometne majice obrniti narobe in jih nato oprati. Stroj napolnite s hladno vodo in uporabite ob\u010dutljiv cikel, da bolje za\u0161\u010ditite barve.<\/p>","protected":false},"excerpt":{"rendered":"<p>Vom Gewinn des Doubles im Jahr 1971 bis zum legend\u00e4ren Titelgewinn 1989 \u2013 einige der gr\u00f6\u00dften Erfolge des FC Arsenal wurden in Gelb eingefahren. Kein Wunder, dass wir diese Farbe bei diesem Ausw\u00e4rtstrikot in der Version f\u00fcr Kinder wieder ins Spiel bringen, inklusive gewebter Kanonengrafik f\u00fcr den perfekten Retro-Vereinsstyle. Das weiche Material und die feuchtigkeitsabsorbierende [&hellip;]<\/p>","protected":false},"featured_media":3548,"comment_status":"open","ping_status":"closed","template":"","meta":[],"product_brand":[],"product_cat":[167],"product_tag":[20,58,57,168,94],"class_list":{"0":"post-3509","1":"product","2":"type-product","3":"status-publish","4":"has-post-thumbnail","6":"product_cat-arsenal-kindertrikot","7":"product_tag-coole-fussballtrikots","8":"product_tag-fc-arsenal-auswaertstrikot","9":"product_tag-fc-arsenal-trikots","10":"product_tag-fc-arsenal-trikotsatz-fuer-kinder","11":"product_tag-kinder-fussball-trikotsatz","13":"first","14":"instock","15":"shipping-taxable","16":"purchasable","17":"product-type-variable"},"_links":{"self":[{"href":"https:\/\/www.billigtrikotde.com\/sl\/wp-json\/wp\/v2\/product\/3509","targetHints":{"allow":["GET"]}}],"collection":[{"href":"https:\/\/www.billigtrikotde.com\/sl\/wp-json\/wp\/v2\/product"}],"about":[{"href":"https:\/\/www.billigtrikotde.com\/sl\/wp-json\/wp\/v2\/types\/product"}],"replies":[{"embeddable":true,"href":"https:\/\/www.billigtrikotde.com\/sl\/wp-json\/wp\/v2\/comments?post=3509"}],"wp:featuredmedia":[{"embeddable":true,"href":"https:\/\/www.billigtrikotde.com\/sl\/wp-json\/wp\/v2\/media\/3548"}],"wp:attachment":[{"href":"https:\/\/www.billigtrikotde.com\/sl\/wp-json\/wp\/v2\/media?parent=3509"}],"wp:term":[{"taxonomy":"product_brand","embeddable":true,"href":"https:\/\/www.billigtrikotde.com\/sl\/wp-json\/wp\/v2\/product_brand?post=3509"},{"taxonomy":"product_cat","embeddable":true,"href":"https:\/\/www.billigtrikotde.com\/sl\/wp-json\/wp\/v2\/product_cat?post=3509"},{"taxonomy":"product_tag","embeddable":true,"href":"https:\/\/www.billigtrikotde.com\/sl\/wp-json\/wp\/v2\/product_tag?post=3509"}],"curies":[{"name":"wp","href":"https:\/\/api.w.org\/{rel}","templated":true}]}}