{"id":3505,"date":"2024-10-23T15:05:55","date_gmt":"2024-10-23T13:05:55","guid":{"rendered":"http:\/\/billigtrikots.com\/?post_type=product&#038;p=3505"},"modified":"2025-10-16T16:04:43","modified_gmt":"2025-10-16T14:04:43","slug":"personalisierbar-kinder-heimtrikot-real-madrid-home-trikot-weiss-blau-2021-22","status":"publish","type":"product","link":"https:\/\/www.billigtrikotde.com\/sl\/personalisierbar-kinder-heimtrikot-real-madrid-home-trikot-weiss-blau-2021-22\/","title":{"rendered":"Prilagodljiva otro\u0161ka majica Real Madrid Home Jersey white blue 2021\/22"},"content":{"rendered":"<p>Trej izhneva popolnoma nova in zelo uradna adidas Real Madrid otrokova doma\u010da kratka hla\u010da 2021\/22 in z njo avtenti\u010den videz va\u0161e najljub\u0161e vile! V teh hla\u010dah va\u0161i najve\u010dji idoli vse svoje doma\u010de tekme \u2013 bodite vedno tik ob njih in si jih takoj zagotovite!<\/p>\n<p>V novi Junior doma\u010di hla\u010dnici \u201eKraljev\u201c vedno izka\u017eete svojo povezanost in zvestobo celotni ekipi okoli Balea, Benzeme, Ramosa in Co. Nosijo jo na desnem stegnu neizpodbitno klubsko znamenje in je okra\u0161ena z adidas 3-Stripes dizajnom ter logotipom adidas. Tako vsak takoj na prvi pogled ve, za katero mo\u0161tvo bije va\u0161e nogometno srce!<\/p>\n<p>Izdelana iz funkcionalnega, recikliranega in zato zelo trajnostnega poliestra ter opremljena z adidas AEROREADY tehnologijo, hla\u010dnice Real Madrid prav tako nudi optimalno toplozra\u010dnost in odvajanje vlage. Mesh zareza dodatno poskrbi za izjemno zra\u010dnost. Tako kratka hla\u010da vedno zagotavlja prijetno lahkoten in suh ob\u010dutek med navija\u0161kim slavjem ali lastnim treningom!<\/p>\n<p>Nasveti za tiskanje: \u010ce sta ime in \u0161tevilka na sliki to\u010dno tak\u0161na, kot ju \u017eelite, ju ni treba ponovno vnesti. \u010ce ni tako, vnesite \u017eeleno ime in \u0161tevilko.<\/p>\n<p>Nasveti za pranje: Priporo\u010dljivo je, da nogometne majice perete ro\u010dno. \u010ce \u017eelite uporabiti pralni stroj, ne pozabite nogometne majice obrniti narobe in jih nato oprati. Stroj napolnite s hladno vodo in uporabite ob\u010dutljiv cikel, da bolje za\u0161\u010ditite barve.<\/p>","protected":false},"excerpt":{"rendered":"<p>Hier kommt die brandneue und hoch offizielle adidas Real Madrid Kinder Heim Short 2021\/22 und mit ihr der authentische Look deiner Lieblingself! In dieser Short bestreiten deine gro\u00dfen Idole alle ihre Heimspiele \u2013 sei stets hautnah dabei und sichere sie dir gleich! In der neuen Junior Heimshort der \u201eK\u00f6niglichen\u201c zeigst du stets deine Verbundenheit und [&hellip;]<\/p>","protected":false},"featured_media":3545,"comment_status":"open","ping_status":"closed","template":"","meta":[],"product_brand":[],"product_cat":[165],"product_tag":[20,21,22,23,24,94,46,47,166],"class_list":{"0":"post-3505","1":"product","2":"type-product","3":"status-publish","4":"has-post-thumbnail","6":"product_cat-real-madrid-kindertrikot","7":"product_tag-coole-fussballtrikots","8":"product_tag-fussballtrikot-fuer-herren","9":"product_tag-fussballtrikot-guenstig-kaufen","10":"product_tag-fussballtrikot-kurzarm","11":"product_tag-guenstiges-fussballtrikot","12":"product_tag-kinder-fussball-trikotsatz","13":"product_tag-real-madrid-heimtrikot","14":"product_tag-real-madrid-trikots","15":"product_tag-real-madrid-trikotsatz-fuer-kinder","17":"first","18":"instock","19":"shipping-taxable","20":"purchasable","21":"product-type-variable"},"_links":{"self":[{"href":"https:\/\/www.billigtrikotde.com\/sl\/wp-json\/wp\/v2\/product\/3505","targetHints":{"allow":["GET"]}}],"collection":[{"href":"https:\/\/www.billigtrikotde.com\/sl\/wp-json\/wp\/v2\/product"}],"about":[{"href":"https:\/\/www.billigtrikotde.com\/sl\/wp-json\/wp\/v2\/types\/product"}],"replies":[{"embeddable":true,"href":"https:\/\/www.billigtrikotde.com\/sl\/wp-json\/wp\/v2\/comments?post=3505"}],"wp:featuredmedia":[{"embeddable":true,"href":"https:\/\/www.billigtrikotde.com\/sl\/wp-json\/wp\/v2\/media\/3545"}],"wp:attachment":[{"href":"https:\/\/www.billigtrikotde.com\/sl\/wp-json\/wp\/v2\/media?parent=3505"}],"wp:term":[{"taxonomy":"product_brand","embeddable":true,"href":"https:\/\/www.billigtrikotde.com\/sl\/wp-json\/wp\/v2\/product_brand?post=3505"},{"taxonomy":"product_cat","embeddable":true,"href":"https:\/\/www.billigtrikotde.com\/sl\/wp-json\/wp\/v2\/product_cat?post=3505"},{"taxonomy":"product_tag","embeddable":true,"href":"https:\/\/www.billigtrikotde.com\/sl\/wp-json\/wp\/v2\/product_tag?post=3505"}],"curies":[{"name":"wp","href":"https:\/\/api.w.org\/{rel}","templated":true}]}}