{"id":3493,"date":"2024-10-23T15:05:20","date_gmt":"2024-10-23T13:05:20","guid":{"rendered":"http:\/\/billigtrikots.com\/?post_type=product&#038;p=3493"},"modified":"2025-10-16T16:04:45","modified_gmt":"2025-10-16T14:04:45","slug":"kinder-real-madrid-2021-22-heimtrikot-weiss-blau-mit-aufdruck-odriozola-19","status":"publish","type":"product","link":"https:\/\/www.billigtrikotde.com\/sl\/kinder-real-madrid-2021-22-heimtrikot-weiss-blau-mit-aufdruck-odriozola-19\/","title":{"rendered":"Otro\u0161ka majica Real Madrid 2021\/22 Home Jersey belo modra s potiskom Odriozola 19"},"content":{"rendered":"<p>Doma\u010da majica Real Madrid za sezono 2021\/22 iz adidas Performance se ka\u017ee v posodobljenem dizajnu, ki je navdihnjen s Plaza de Cibeles \u2013 kraja, kjer Real Madrid skupaj s svojimi navija\u010di praznuje naslove. Zahvaljujo\u010d vrhunski funkcionalni opremi se majica odli\u010dno obnese pri \u0161portu in v prostem \u010dasu z ob\u010dutkom suhosti in idealno telesno klimo.<\/p>\n<p>Nasveti za tiskanje: \u010ce sta ime in \u0161tevilka na sliki to\u010dno tak\u0161na, kot ju \u017eelite, ju ni treba ponovno vnesti. \u010ce ni tako, vnesite \u017eeleno ime in \u0161tevilko.<\/p>\n<p>Nasveti za pranje: Priporo\u010dljivo je, da nogometne majice perete ro\u010dno. \u010ce \u017eelite uporabiti pralni stroj, ne pozabite nogometne majice obrniti narobe in jih nato oprati. Stroj napolnite s hladno vodo in uporabite ob\u010dutljiv cikel, da bolje za\u0161\u010ditite barve.<\/p>","protected":false},"excerpt":{"rendered":"<p>Doma\u010da majica Real Madrid za sezono 2021\/22 iz adidas Performance se ka\u017ee v posodobljenem dizajnu, ki je navdihnjen s Plaza de Cibeles \u2013 kraja, kjer Real Madrid skupaj s svojimi navija\u010di praznuje naslove. Zahvaljujo\u010d vrhunski funkcionalni opremi se majica odli\u010dno obnese pri \u0161portu in v prostem \u010dasu z ob\u010dutkom suhosti in idealno telesno klimo.<\/p>","protected":false},"featured_media":3533,"comment_status":"open","ping_status":"closed","template":"","meta":[],"product_brand":[],"product_cat":[165],"product_tag":[20,21,22,23,24,94,46,47,166],"class_list":{"0":"post-3493","1":"product","2":"type-product","3":"status-publish","4":"has-post-thumbnail","6":"product_cat-real-madrid-kindertrikot","7":"product_tag-coole-fussballtrikots","8":"product_tag-fussballtrikot-fuer-herren","9":"product_tag-fussballtrikot-guenstig-kaufen","10":"product_tag-fussballtrikot-kurzarm","11":"product_tag-guenstiges-fussballtrikot","12":"product_tag-kinder-fussball-trikotsatz","13":"product_tag-real-madrid-heimtrikot","14":"product_tag-real-madrid-trikots","15":"product_tag-real-madrid-trikotsatz-fuer-kinder","17":"first","18":"instock","19":"shipping-taxable","20":"purchasable","21":"product-type-variable"},"_links":{"self":[{"href":"https:\/\/www.billigtrikotde.com\/sl\/wp-json\/wp\/v2\/product\/3493","targetHints":{"allow":["GET"]}}],"collection":[{"href":"https:\/\/www.billigtrikotde.com\/sl\/wp-json\/wp\/v2\/product"}],"about":[{"href":"https:\/\/www.billigtrikotde.com\/sl\/wp-json\/wp\/v2\/types\/product"}],"replies":[{"embeddable":true,"href":"https:\/\/www.billigtrikotde.com\/sl\/wp-json\/wp\/v2\/comments?post=3493"}],"wp:featuredmedia":[{"embeddable":true,"href":"https:\/\/www.billigtrikotde.com\/sl\/wp-json\/wp\/v2\/media\/3533"}],"wp:attachment":[{"href":"https:\/\/www.billigtrikotde.com\/sl\/wp-json\/wp\/v2\/media?parent=3493"}],"wp:term":[{"taxonomy":"product_brand","embeddable":true,"href":"https:\/\/www.billigtrikotde.com\/sl\/wp-json\/wp\/v2\/product_brand?post=3493"},{"taxonomy":"product_cat","embeddable":true,"href":"https:\/\/www.billigtrikotde.com\/sl\/wp-json\/wp\/v2\/product_cat?post=3493"},{"taxonomy":"product_tag","embeddable":true,"href":"https:\/\/www.billigtrikotde.com\/sl\/wp-json\/wp\/v2\/product_tag?post=3493"}],"curies":[{"name":"wp","href":"https:\/\/api.w.org\/{rel}","templated":true}]}}