{"id":3426,"date":"2024-10-23T15:01:52","date_gmt":"2024-10-23T13:01:52","guid":{"rendered":"http:\/\/billigtrikots.com\/?post_type=product&#038;p=3426"},"modified":"2025-10-16T16:04:56","modified_gmt":"2025-10-16T14:04:56","slug":"real-madrid-auswaertstrikot-set-blau-2021-22-away-trikot-fuer-kinder-mit-aufdruck-modric-10","status":"publish","type":"product","link":"https:\/\/www.billigtrikotde.com\/sl\/real-madrid-auswaertstrikot-set-blau-2021-22-away-trikot-fuer-kinder-mit-aufdruck-modric-10\/","title":{"rendered":"Real Madrid komplet dresov za gostovanja modra 2021\/22 Dres za otroke s potiskom Modric 10"},"content":{"rendered":"<p>Ne samo profesionalci iz Real Madrid naredijo \u017eivljenje v glavnem mestu \u0160panije bolj pisano. Ta adidas nogometni dres v razli\u010dici za otroke in najstnike je navdihnjen z grafiti v street art sceni v Madridu. To dokazujejo tudi diskretni detajli \u2013 eden izmed njih je na vratu. Za udobno in suho ob\u010dutje pri no\u0161enju je mehka tkanina poleg tega opremljena z tehnologijo AEROREADY, ki absorbira vlago. Ta izdelek je Primegreen: izdelan z razli\u010dnimi funkcionalnimi recikliranimi materiali.<\/p>\n<p>Nasveti za tiskanje: \u010ce sta ime in \u0161tevilka na sliki to\u010dno tak\u0161na, kot ju \u017eelite, ju ni treba ponovno vnesti. \u010ce ni tako, vnesite \u017eeleno ime in \u0161tevilko.<\/p>\n<p>Nasveti za pranje: Priporo\u010dljivo je, da nogometne majice perete ro\u010dno. \u010ce \u017eelite uporabiti pralni stroj, ne pozabite nogometne majice obrniti narobe in jih nato oprati. Stroj napolnite s hladno vodo in uporabite ob\u010dutljiv cikel, da bolje za\u0161\u010ditite barve.<\/p>","protected":false},"excerpt":{"rendered":"<p>Nicht nur die Profis von Real Madrid machen das Leben in der spanischen Hauptstadt bunter. Dieses adidas Fu\u00dfballtrikot in der Version f\u00fcr Kinder und Teens ist von den Graffitis der Streetartszene in Madrid inspiriert. Das beweisen auch die dezenten Details \u2013 eins davon im Nackenbereich. F\u00fcr ein bequemes und trockenes Tragegef\u00fchl ist das weiche Material [&hellip;]<\/p>","protected":false},"featured_media":3465,"comment_status":"open","ping_status":"closed","template":"","meta":[],"product_brand":[],"product_cat":[165],"product_tag":[20,21,22,23,24,94,49,47,166],"class_list":{"0":"post-3426","1":"product","2":"type-product","3":"status-publish","4":"has-post-thumbnail","6":"product_cat-real-madrid-kindertrikot","7":"product_tag-coole-fussballtrikots","8":"product_tag-fussballtrikot-fuer-herren","9":"product_tag-fussballtrikot-guenstig-kaufen","10":"product_tag-fussballtrikot-kurzarm","11":"product_tag-guenstiges-fussballtrikot","12":"product_tag-kinder-fussball-trikotsatz","13":"product_tag-real-madrid-auswaertstrikot","14":"product_tag-real-madrid-trikots","15":"product_tag-real-madrid-trikotsatz-fuer-kinder","17":"first","18":"instock","19":"shipping-taxable","20":"purchasable","21":"product-type-variable"},"_links":{"self":[{"href":"https:\/\/www.billigtrikotde.com\/sl\/wp-json\/wp\/v2\/product\/3426","targetHints":{"allow":["GET"]}}],"collection":[{"href":"https:\/\/www.billigtrikotde.com\/sl\/wp-json\/wp\/v2\/product"}],"about":[{"href":"https:\/\/www.billigtrikotde.com\/sl\/wp-json\/wp\/v2\/types\/product"}],"replies":[{"embeddable":true,"href":"https:\/\/www.billigtrikotde.com\/sl\/wp-json\/wp\/v2\/comments?post=3426"}],"wp:featuredmedia":[{"embeddable":true,"href":"https:\/\/www.billigtrikotde.com\/sl\/wp-json\/wp\/v2\/media\/3465"}],"wp:attachment":[{"href":"https:\/\/www.billigtrikotde.com\/sl\/wp-json\/wp\/v2\/media?parent=3426"}],"wp:term":[{"taxonomy":"product_brand","embeddable":true,"href":"https:\/\/www.billigtrikotde.com\/sl\/wp-json\/wp\/v2\/product_brand?post=3426"},{"taxonomy":"product_cat","embeddable":true,"href":"https:\/\/www.billigtrikotde.com\/sl\/wp-json\/wp\/v2\/product_cat?post=3426"},{"taxonomy":"product_tag","embeddable":true,"href":"https:\/\/www.billigtrikotde.com\/sl\/wp-json\/wp\/v2\/product_tag?post=3426"}],"curies":[{"name":"wp","href":"https:\/\/api.w.org\/{rel}","templated":true}]}}