{"id":3260,"date":"2024-10-23T14:53:56","date_gmt":"2024-10-23T12:53:56","guid":{"rendered":"http:\/\/billigtrikots.com\/?post_type=product&#038;p=3260"},"modified":"2024-10-23T14:56:10","modified_gmt":"2024-10-23T12:56:10","slug":"personalisierbar-heimtrikot-kinder-fc-liverpool-trikot-home-2021-22-in-rot","status":"publish","type":"product","link":"https:\/\/www.billigtrikotde.com\/sl\/personalisierbar-heimtrikot-kinder-fc-liverpool-trikot-home-2021-22-in-rot\/","title":{"rendered":"Prilagodljiva otro\u0161ka majica FC Liverpool Home Jersey 2021\/22 v rde\u010di barvi"},"content":{"rendered":"<p>Podpri FC Liverpool v sezoni 2021\/2022 in poka\u017ei svoj ponos z uradno Nike Replika doma\u010do majico. Avtenti\u010den dizajn doma\u010de majice za otroke temelji na igrah profesionalcev. Funkcijski material, ki je 100 % recikliran z Dri-FIT tehnologijo, je \u0161e posebej zra\u010den in zagotavlja hladen ob\u010dutek pri no\u0161enju. Grb kluba na prsih prikazuje tvoje navdu\u0161enje za svojo ekipo, ne glede na to, ali si na igri\u0161\u010du ali na ulici.<\/p>\n<p>Nasveti za tiskanje: \u010ce sta ime in \u0161tevilka na sliki to\u010dno tak\u0161na, kot ju \u017eelite, ju ni treba ponovno vnesti. \u010ce ni tako, vnesite \u017eeleno ime in \u0161tevilko.<\/p>\n<p>Nasveti za pranje: Priporo\u010dljivo je, da nogometne majice perete ro\u010dno. \u010ce \u017eelite uporabiti pralni stroj, ne pozabite nogometne majice obrniti narobe in jih nato oprati. Stroj napolnite s hladno vodo in uporabite ob\u010dutljiv cikel, da bolje za\u0161\u010ditite barve.<\/p>","protected":false},"excerpt":{"rendered":"<p>Unterst\u00fctze den FC Liverpool in der Saison 2021\/2022 und zeige deinen Stolz im offiziellen Nike Replica Heimtrikot. Das authentische Design des Home Jerseys f\u00fcr Kinder basiert auf den Spieltrikots der Profis. Das zu 100 % recycelte Funktionsmaterial mit Dri-FIT-Technologie ist besonders atmungsaktiv und sorgt f\u00fcr ein k\u00fchles Tragegef\u00fchl. Das Vereinswappen auf der Brust zeigt deine [&hellip;]<\/p>","protected":false},"featured_media":3302,"comment_status":"open","ping_status":"closed","template":"","meta":[],"product_brand":[],"product_cat":[151],"product_tag":[20,21,22,23,24,94,152,153,154],"class_list":{"0":"post-3260","1":"product","2":"type-product","3":"status-publish","4":"has-post-thumbnail","6":"product_cat-liverpool-kindertrikot","7":"product_tag-coole-fussballtrikots","8":"product_tag-fussballtrikot-fuer-herren","9":"product_tag-fussballtrikot-guenstig-kaufen","10":"product_tag-fussballtrikot-kurzarm","11":"product_tag-guenstiges-fussballtrikot","12":"product_tag-kinder-fussball-trikotsatz","13":"product_tag-liverpool-heimtrikot","14":"product_tag-liverpool-trikots","15":"product_tag-liverpool-trikotsatz-fuer-kinder","17":"first","18":"instock","19":"shipping-taxable","20":"purchasable","21":"product-type-variable"},"_links":{"self":[{"href":"https:\/\/www.billigtrikotde.com\/sl\/wp-json\/wp\/v2\/product\/3260","targetHints":{"allow":["GET"]}}],"collection":[{"href":"https:\/\/www.billigtrikotde.com\/sl\/wp-json\/wp\/v2\/product"}],"about":[{"href":"https:\/\/www.billigtrikotde.com\/sl\/wp-json\/wp\/v2\/types\/product"}],"replies":[{"embeddable":true,"href":"https:\/\/www.billigtrikotde.com\/sl\/wp-json\/wp\/v2\/comments?post=3260"}],"wp:featuredmedia":[{"embeddable":true,"href":"https:\/\/www.billigtrikotde.com\/sl\/wp-json\/wp\/v2\/media\/3302"}],"wp:attachment":[{"href":"https:\/\/www.billigtrikotde.com\/sl\/wp-json\/wp\/v2\/media?parent=3260"}],"wp:term":[{"taxonomy":"product_brand","embeddable":true,"href":"https:\/\/www.billigtrikotde.com\/sl\/wp-json\/wp\/v2\/product_brand?post=3260"},{"taxonomy":"product_cat","embeddable":true,"href":"https:\/\/www.billigtrikotde.com\/sl\/wp-json\/wp\/v2\/product_cat?post=3260"},{"taxonomy":"product_tag","embeddable":true,"href":"https:\/\/www.billigtrikotde.com\/sl\/wp-json\/wp\/v2\/product_tag?post=3260"}],"curies":[{"name":"wp","href":"https:\/\/api.w.org\/{rel}","templated":true}]}}