{"id":3238,"date":"2024-10-23T14:52:52","date_gmt":"2024-10-23T12:52:52","guid":{"rendered":"http:\/\/billigtrikots.com\/?post_type=product&#038;p=3238"},"modified":"2024-10-23T14:54:59","modified_gmt":"2024-10-23T12:54:59","slug":"fussball-trikot-liverpool-fc-2021-22-heimtrikot-rot-fuer-kinder-mit-aufdruck-milner-7","status":"publish","type":"product","link":"https:\/\/www.billigtrikotde.com\/sl\/fussball-trikot-liverpool-fc-2021-22-heimtrikot-rot-fuer-kinder-mit-aufdruck-milner-7\/","title":{"rendered":"Liverpool FC 2021\/22 doma\u010da majica rde\u010da za otroke s potiskom MILNER 7"},"content":{"rendered":"<p>Z izjemno udobnim modelom v rde\u010di barvi tudi najmlaj\u0161i navija\u010di ka\u017eejo svojo naklonjenost svojemu najljub\u0161emu klubu. Blagovna znamka Nike na trg uvaja edinstven izdelek za otroke \u2013 majico. Vsak pravi navija\u010d FC Liverpool potrebuje to doma\u010do majico, saj jo nosijo tudi igralci v Premier ligi. Odsevni, izjemno udoben, zra\u010den in lahek model je popoln. Vizualno izstopa z grbom kluba na prsih. S to \u0161portno majico lahko postane\u0161 \u0161e bolj zmogljiv in se pripravi\u0161 na naslednjo tekmo.<\/p>\n<p>Nasveti za tiskanje: \u010ce sta ime in \u0161tevilka na sliki to\u010dno tak\u0161na, kot ju \u017eelite, ju ni treba ponovno vnesti. \u010ce ni tako, vnesite \u017eeleno ime in \u0161tevilko.<\/p>\n<p>Nasveti za pranje: Priporo\u010dljivo je, da nogometne majice perete ro\u010dno. \u010ce \u017eelite uporabiti pralni stroj, ne pozabite nogometne majice obrniti narobe in jih nato oprati. Stroj napolnite s hladno vodo in uporabite ob\u010dutljiv cikel, da bolje za\u0161\u010ditite barve.<\/p>","protected":false},"excerpt":{"rendered":"<p>Mit dem super bequemen Modell in Rot zeigen auch die j\u00fcngsten Fans ihre Zuneigung zu ihrem Lieblingsverein. Die Marke Nike bringt mit dem Kinder-Shirt ein einmaliges Produkt auf den Markt. Jeder waschechte FC Liverpool-Unterst\u00fctzer ben\u00f6tigt dieses Heim-Shirt, denn auch die Spieler tragen es in der Premier League. Das schwei\u00dfableitende, super bequeme, atmungsaktive und leichte Modell [&hellip;]<\/p>","protected":false},"featured_media":3279,"comment_status":"open","ping_status":"closed","template":"","meta":[],"product_brand":[],"product_cat":[151],"product_tag":[20,21,22,23,24,94,152,153,154],"class_list":{"0":"post-3238","1":"product","2":"type-product","3":"status-publish","4":"has-post-thumbnail","6":"product_cat-liverpool-kindertrikot","7":"product_tag-coole-fussballtrikots","8":"product_tag-fussballtrikot-fuer-herren","9":"product_tag-fussballtrikot-guenstig-kaufen","10":"product_tag-fussballtrikot-kurzarm","11":"product_tag-guenstiges-fussballtrikot","12":"product_tag-kinder-fussball-trikotsatz","13":"product_tag-liverpool-heimtrikot","14":"product_tag-liverpool-trikots","15":"product_tag-liverpool-trikotsatz-fuer-kinder","17":"first","18":"instock","19":"shipping-taxable","20":"purchasable","21":"product-type-variable"},"_links":{"self":[{"href":"https:\/\/www.billigtrikotde.com\/sl\/wp-json\/wp\/v2\/product\/3238","targetHints":{"allow":["GET"]}}],"collection":[{"href":"https:\/\/www.billigtrikotde.com\/sl\/wp-json\/wp\/v2\/product"}],"about":[{"href":"https:\/\/www.billigtrikotde.com\/sl\/wp-json\/wp\/v2\/types\/product"}],"replies":[{"embeddable":true,"href":"https:\/\/www.billigtrikotde.com\/sl\/wp-json\/wp\/v2\/comments?post=3238"}],"wp:featuredmedia":[{"embeddable":true,"href":"https:\/\/www.billigtrikotde.com\/sl\/wp-json\/wp\/v2\/media\/3279"}],"wp:attachment":[{"href":"https:\/\/www.billigtrikotde.com\/sl\/wp-json\/wp\/v2\/media?parent=3238"}],"wp:term":[{"taxonomy":"product_brand","embeddable":true,"href":"https:\/\/www.billigtrikotde.com\/sl\/wp-json\/wp\/v2\/product_brand?post=3238"},{"taxonomy":"product_cat","embeddable":true,"href":"https:\/\/www.billigtrikotde.com\/sl\/wp-json\/wp\/v2\/product_cat?post=3238"},{"taxonomy":"product_tag","embeddable":true,"href":"https:\/\/www.billigtrikotde.com\/sl\/wp-json\/wp\/v2\/product_tag?post=3238"}],"curies":[{"name":"wp","href":"https:\/\/api.w.org\/{rel}","templated":true}]}}