{"id":3226,"date":"2024-10-23T14:52:19","date_gmt":"2024-10-23T12:52:19","guid":{"rendered":"http:\/\/billigtrikots.com\/?post_type=product&#038;p=3226"},"modified":"2024-10-23T14:54:25","modified_gmt":"2024-10-23T12:54:25","slug":"kinder-fussball-trikot-liverpool-fc-stadium-away-2021-22-mit-aufdruck-alexander-arnold-66","status":"publish","type":"product","link":"https:\/\/www.billigtrikotde.com\/sl\/kinder-fussball-trikot-liverpool-fc-stadium-away-2021-22-mit-aufdruck-alexander-arnold-66\/","title":{"rendered":"Otro\u0161ka nogometna majica Liverpool FC Stadium Away 2021\/22 s potiskom Alexander-Arnold 66"},"content":{"rendered":"<p>S potenjem odvzemajo\u010dim modelom v be\u017e barvi tudi najmlaj\u0161i navija\u010di izra\u017eajo svojo naklonjenost do svojega najljub\u0161ega kluba. Nike otro\u0161ka majica je popolna izbira. Kot pravi navija\u010d FC Liverpoolja potrebuje\u0161 to doma\u010do majico, ki jo igralci nosijo v Premier ligi. Lahka, potenje odvzemajo\u010da, zra\u010dna in udobna razli\u010dica navdu\u0161uje na vsej \u010drti. Tako si \u0161e zmogljivej\u0161i in lahko v vsakem treningu da\u0161 vse. Posebnost lepega videza majice poudarja klubna krona na prsih.<\/p>\n<p>Nasveti za tiskanje: \u010ce sta ime in \u0161tevilka na sliki to\u010dno tak\u0161na, kot ju \u017eelite, ju ni treba ponovno vnesti. \u010ce ni tako, vnesite \u017eeleno ime in \u0161tevilko.<\/p>\n<p>Nasveti za pranje: Priporo\u010dljivo je, da nogometne majice perete ro\u010dno. \u010ce \u017eelite uporabiti pralni stroj, ne pozabite nogometne majice obrniti narobe in jih nato oprati. Stroj napolnite s hladno vodo in uporabite ob\u010dutljiv cikel, da bolje za\u0161\u010ditite barve.<\/p>","protected":false},"excerpt":{"rendered":"<p>Mit dem schwei\u00dfableitenden Modell in Beige zeigen auch die j\u00fcngsten Fans ihre Zuneigung zu ihrem Lieblingsverein. Das Nike Kinder-Shirt ist die perfekte Wahl. Als echter FC Liverpool-Fan brauchst du dieses Ausw\u00e4rts-Shirt, das die Spieler in der Premier League tragen. Das leichte, schwei\u00dfableitende, atmungsaktive und bequeme Modell \u00fcberzeugt auf ganzer Linie. So bist du noch leistungsf\u00e4higer [&hellip;]<\/p>","protected":false},"featured_media":3267,"comment_status":"open","ping_status":"closed","template":"","meta":[],"product_brand":[],"product_cat":[151],"product_tag":[20,21,22,23,24,94,156,153,154],"class_list":{"0":"post-3226","1":"product","2":"type-product","3":"status-publish","4":"has-post-thumbnail","6":"product_cat-liverpool-kindertrikot","7":"product_tag-coole-fussballtrikots","8":"product_tag-fussballtrikot-fuer-herren","9":"product_tag-fussballtrikot-guenstig-kaufen","10":"product_tag-fussballtrikot-kurzarm","11":"product_tag-guenstiges-fussballtrikot","12":"product_tag-kinder-fussball-trikotsatz","13":"product_tag-liverpool-auswaertstrikot","14":"product_tag-liverpool-trikots","15":"product_tag-liverpool-trikotsatz-fuer-kinder","17":"first","18":"instock","19":"shipping-taxable","20":"purchasable","21":"product-type-variable"},"_links":{"self":[{"href":"https:\/\/www.billigtrikotde.com\/sl\/wp-json\/wp\/v2\/product\/3226","targetHints":{"allow":["GET"]}}],"collection":[{"href":"https:\/\/www.billigtrikotde.com\/sl\/wp-json\/wp\/v2\/product"}],"about":[{"href":"https:\/\/www.billigtrikotde.com\/sl\/wp-json\/wp\/v2\/types\/product"}],"replies":[{"embeddable":true,"href":"https:\/\/www.billigtrikotde.com\/sl\/wp-json\/wp\/v2\/comments?post=3226"}],"wp:featuredmedia":[{"embeddable":true,"href":"https:\/\/www.billigtrikotde.com\/sl\/wp-json\/wp\/v2\/media\/3267"}],"wp:attachment":[{"href":"https:\/\/www.billigtrikotde.com\/sl\/wp-json\/wp\/v2\/media?parent=3226"}],"wp:term":[{"taxonomy":"product_brand","embeddable":true,"href":"https:\/\/www.billigtrikotde.com\/sl\/wp-json\/wp\/v2\/product_brand?post=3226"},{"taxonomy":"product_cat","embeddable":true,"href":"https:\/\/www.billigtrikotde.com\/sl\/wp-json\/wp\/v2\/product_cat?post=3226"},{"taxonomy":"product_tag","embeddable":true,"href":"https:\/\/www.billigtrikotde.com\/sl\/wp-json\/wp\/v2\/product_tag?post=3226"}],"curies":[{"name":"wp","href":"https:\/\/api.w.org\/{rel}","templated":true}]}}