{"id":3212,"date":"2024-10-23T14:51:47","date_gmt":"2024-10-23T12:51:47","guid":{"rendered":"http:\/\/billigtrikots.com\/?post_type=product&#038;p=3212"},"modified":"2024-10-23T14:53:50","modified_gmt":"2024-10-23T12:53:50","slug":"fc-liverpool-heimtrikot-2021-22-trikotsatz-langarm-in-rot-fuer-kinder-shaqiri-23","status":"publish","type":"product","link":"https:\/\/www.billigtrikotde.com\/sl\/fc-liverpool-heimtrikot-2021-22-trikotsatz-langarm-in-rot-fuer-kinder-shaqiri-23\/","title":{"rendered":"Liverpool FC doma\u010di komplet 2021\/22 z dolgimi rokavi v rde\u010di barvi za otroke SHAQIRI 23"},"content":{"rendered":"<p>Predstavi svojo ekipo z doma\u010do majico Liverpool FC Stadium. Izjemno zra\u010dno material odvaja znoj od ko\u017ee in zagotavlja hladen ob\u010dutek med no\u0161enjem na igri\u0161\u010du ali ob navijanju za svojo ekipo na tribunah. Ta izdelek je izdelan iz 100% recikliranega poliestra. Posebej zra\u010den material z Nike Dri-FIT tehnologijo odvaja znoj od ko\u017ee, kar pospe\u0161i izhlapevanje in omogo\u010da suh ob\u010dutek med no\u0161enjem. Avtenti\u010den dizajn temelji na igralnih majicah profesionalcev. Standardna velikost za spro\u0161\u010deno, enostavno no\u0161enje. Material: 100% poliestra.<\/p>\n<p>Nasveti za tiskanje: \u010ce sta ime in \u0161tevilka na sliki to\u010dno tak\u0161na, kot ju \u017eelite, ju ni treba ponovno vnesti. \u010ce ni tako, vnesite \u017eeleno ime in \u0161tevilko.<\/p>\n<p>Nasveti za pranje: Priporo\u010dljivo je, da nogometne majice perete ro\u010dno. \u010ce \u017eelite uporabiti pralni stroj, ne pozabite nogometne majice obrniti narobe in jih nato oprati. Stroj napolnite s hladno vodo in uporabite ob\u010dutljiv cikel, da bolje za\u0161\u010ditite barve.<\/p>","protected":false},"excerpt":{"rendered":"<p>Repr\u00e4sentiere dein Team mit dem Liverpool FC Stadium-Heimtrikot. Das \u00e4u\u00dferst atmungsaktive Material leitet den Schwei\u00df von der Haut ab und sorgt damit f\u00fcr k\u00fchlen Tragekomfort auf dem Spielfeld oder beim Anfeuern deines Teams auf der Trib\u00fcne. Dieses Produkt besteht zu 100% aus recyceltem Polyester. Besonders atmungsaktives Material mit Nike Dri-FIT-Technologie leitet Schwei\u00df von der Haut [&hellip;]<\/p>","protected":false},"featured_media":3246,"comment_status":"open","ping_status":"closed","template":"","meta":[],"product_brand":[],"product_cat":[151],"product_tag":[20,38,21,24,94,152,153,154],"class_list":{"0":"post-3212","1":"product","2":"type-product","3":"status-publish","4":"has-post-thumbnail","6":"product_cat-liverpool-kindertrikot","7":"product_tag-coole-fussballtrikots","8":"product_tag-fussball-trikot-langarm","9":"product_tag-fussballtrikot-fuer-herren","10":"product_tag-guenstiges-fussballtrikot","11":"product_tag-kinder-fussball-trikotsatz","12":"product_tag-liverpool-heimtrikot","13":"product_tag-liverpool-trikots","14":"product_tag-liverpool-trikotsatz-fuer-kinder","16":"first","17":"instock","18":"shipping-taxable","19":"purchasable","20":"product-type-variable"},"_links":{"self":[{"href":"https:\/\/www.billigtrikotde.com\/sl\/wp-json\/wp\/v2\/product\/3212","targetHints":{"allow":["GET"]}}],"collection":[{"href":"https:\/\/www.billigtrikotde.com\/sl\/wp-json\/wp\/v2\/product"}],"about":[{"href":"https:\/\/www.billigtrikotde.com\/sl\/wp-json\/wp\/v2\/types\/product"}],"replies":[{"embeddable":true,"href":"https:\/\/www.billigtrikotde.com\/sl\/wp-json\/wp\/v2\/comments?post=3212"}],"wp:featuredmedia":[{"embeddable":true,"href":"https:\/\/www.billigtrikotde.com\/sl\/wp-json\/wp\/v2\/media\/3246"}],"wp:attachment":[{"href":"https:\/\/www.billigtrikotde.com\/sl\/wp-json\/wp\/v2\/media?parent=3212"}],"wp:term":[{"taxonomy":"product_brand","embeddable":true,"href":"https:\/\/www.billigtrikotde.com\/sl\/wp-json\/wp\/v2\/product_brand?post=3212"},{"taxonomy":"product_cat","embeddable":true,"href":"https:\/\/www.billigtrikotde.com\/sl\/wp-json\/wp\/v2\/product_cat?post=3212"},{"taxonomy":"product_tag","embeddable":true,"href":"https:\/\/www.billigtrikotde.com\/sl\/wp-json\/wp\/v2\/product_tag?post=3212"}],"curies":[{"name":"wp","href":"https:\/\/api.w.org\/{rel}","templated":true}]}}