{"id":3202,"date":"2024-10-23T14:51:16","date_gmt":"2024-10-23T12:51:16","guid":{"rendered":"http:\/\/billigtrikots.com\/?post_type=product&#038;p=3202"},"modified":"2024-10-23T14:53:19","modified_gmt":"2024-10-23T12:53:19","slug":"fc-liverpool-heimtrikot-2021-22-trikotsatz-langarm-in-rot-fuer-kinder-firmino-9","status":"publish","type":"product","link":"https:\/\/www.billigtrikotde.com\/sl\/fc-liverpool-heimtrikot-2021-22-trikotsatz-langarm-in-rot-fuer-kinder-firmino-9\/","title":{"rendered":"Liverpool FC doma\u010di komplet 2021\/22 z dolgimi rokavi v rde\u010di barvi za otroke FIRMINO 9"},"content":{"rendered":"<p>Stadionska doma\u010da majica NIKE FC Liverpool 2021\/22 izhaja iz posebej zra\u010dno prepustnega materiala, ki \u0161\u010diti va\u0161o ko\u017eo pred potenjem medtem ko navijate za svojo ekipo. Ta izdelek je narejen iz najmanj 75 % recikliranega poliestra %.<\/p>\n<p>Nasveti za tiskanje: \u010ce sta ime in \u0161tevilka na sliki to\u010dno tak\u0161na, kot ju \u017eelite, ju ni treba ponovno vnesti. \u010ce ni tako, vnesite \u017eeleno ime in \u0161tevilko.<\/p>\n<p>Nasveti za pranje: Priporo\u010dljivo je, da nogometne majice perete ro\u010dno. \u010ce \u017eelite uporabiti pralni stroj, ne pozabite nogometne majice obrniti narobe in jih nato oprati. Stroj napolnite s hladno vodo in uporabite ob\u010dutljiv cikel, da bolje za\u0161\u010ditite barve.<\/p>","protected":false},"excerpt":{"rendered":"<p>Das NIKE FC Liverpool 2021\/22 Stadium Heimtrikot besteht aus besonders atmungsaktivem Material, das deine Haut vor Schwei\u00df sch\u00fctzt, w\u00e4hrend du dein Team anfeuerst. Dieses Produkt besteht aus mindestens 75 % recyceltem Polyester. Tipps zum Drucken: Wenn der Name und die Nummer auf dem Bild genau Ihren W\u00fcnschen entsprechen, m\u00fcssen Sie sie nicht erneut eingeben. Wenn [&hellip;]<\/p>","protected":false},"featured_media":3243,"comment_status":"open","ping_status":"closed","template":"","meta":[],"product_brand":[],"product_cat":[151],"product_tag":[20,38,21,24,94,152,153,154],"class_list":{"0":"post-3202","1":"product","2":"type-product","3":"status-publish","4":"has-post-thumbnail","6":"product_cat-liverpool-kindertrikot","7":"product_tag-coole-fussballtrikots","8":"product_tag-fussball-trikot-langarm","9":"product_tag-fussballtrikot-fuer-herren","10":"product_tag-guenstiges-fussballtrikot","11":"product_tag-kinder-fussball-trikotsatz","12":"product_tag-liverpool-heimtrikot","13":"product_tag-liverpool-trikots","14":"product_tag-liverpool-trikotsatz-fuer-kinder","16":"first","17":"instock","18":"shipping-taxable","19":"purchasable","20":"product-type-variable"},"_links":{"self":[{"href":"https:\/\/www.billigtrikotde.com\/sl\/wp-json\/wp\/v2\/product\/3202","targetHints":{"allow":["GET"]}}],"collection":[{"href":"https:\/\/www.billigtrikotde.com\/sl\/wp-json\/wp\/v2\/product"}],"about":[{"href":"https:\/\/www.billigtrikotde.com\/sl\/wp-json\/wp\/v2\/types\/product"}],"replies":[{"embeddable":true,"href":"https:\/\/www.billigtrikotde.com\/sl\/wp-json\/wp\/v2\/comments?post=3202"}],"wp:featuredmedia":[{"embeddable":true,"href":"https:\/\/www.billigtrikotde.com\/sl\/wp-json\/wp\/v2\/media\/3243"}],"wp:attachment":[{"href":"https:\/\/www.billigtrikotde.com\/sl\/wp-json\/wp\/v2\/media?parent=3202"}],"wp:term":[{"taxonomy":"product_brand","embeddable":true,"href":"https:\/\/www.billigtrikotde.com\/sl\/wp-json\/wp\/v2\/product_brand?post=3202"},{"taxonomy":"product_cat","embeddable":true,"href":"https:\/\/www.billigtrikotde.com\/sl\/wp-json\/wp\/v2\/product_cat?post=3202"},{"taxonomy":"product_tag","embeddable":true,"href":"https:\/\/www.billigtrikotde.com\/sl\/wp-json\/wp\/v2\/product_tag?post=3202"}],"curies":[{"name":"wp","href":"https:\/\/api.w.org\/{rel}","templated":true}]}}