{"id":3187,"date":"2024-10-23T14:50:41","date_gmt":"2024-10-23T12:50:41","guid":{"rendered":"http:\/\/billigtrikots.com\/?post_type=product&#038;p=3187"},"modified":"2024-10-23T14:52:45","modified_gmt":"2024-10-23T12:52:45","slug":"juventus-kinder-torwart-trikot-21-22-schwarz-trikotsatz-fussball-fan-trikots","status":"publish","type":"product","link":"https:\/\/www.billigtrikotde.com\/sl\/juventus-kinder-torwart-trikot-21-22-schwarz-trikotsatz-fussball-fan-trikots\/","title":{"rendered":"Juventus Kids Goalkeeper Jersey 21\/22 Black Kit Football Fan Shirts"},"content":{"rendered":"<p>Otro\u0161ki dres a-didas v zeleno ti omogo\u010da, da nosi\u0161 barve svojega kluba in vsem poka\u017ee\u0161, za kaj ti srce mu\u010di. Dres navdu\u0161i pravo navija\u0161ko ob\u010dinstvo FC Juventus Turin. Udobno, znojenje odvijajo\u010de, lahkotno in zra\u010dno delovanje ga prepri\u010da. Vizualno izstopa z utripom klubske grbe na prsih. Tako lahko vsem poka\u017ee\u0161, da si najbolj\u0161i na igri\u0161\u010du.<\/p>\n<p>Nasveti za tiskanje: \u010ce sta ime in \u0161tevilka na sliki to\u010dno tak\u0161na, kot ju \u017eelite, ju ni treba ponovno vnesti. \u010ce ni tako, vnesite \u017eeleno ime in \u0161tevilko.<\/p>\n<p>Nasveti za pranje: Priporo\u010dljivo je, da nogometne majice perete ro\u010dno. \u010ce \u017eelite uporabiti pralni stroj, ne pozabite nogometne majice obrniti narobe in jih nato oprati. Stroj napolnite s hladno vodo in uporabite ob\u010dutljiv cikel, da bolje za\u0161\u010ditite barve.<\/p>","protected":false},"excerpt":{"rendered":"<p>Otro\u0161ki dres a-didas v zeleno ti omogo\u010da, da nosi\u0161 barve svojega kluba in vsem poka\u017ee\u0161, za kaj ti srce mu\u010di. Dres navdu\u0161i pravo navija\u0161ko ob\u010dinstvo FC Juventus Turin. Udobno, znojenje odvijajo\u010de, lahkotno in zra\u010dno delovanje ga prepri\u010da. Vizualno izstopa z utripom klubske grbe na prsih. Tako lahko vsem poka\u017ee\u0161, da si najbolj\u0161i na igri\u0161\u010du.<\/p>","protected":false},"featured_media":3222,"comment_status":"open","ping_status":"closed","template":"","meta":[],"product_brand":[],"product_cat":[148],"product_tag":[20,38,24,149,94],"class_list":{"0":"post-3187","1":"product","2":"type-product","3":"status-publish","4":"has-post-thumbnail","6":"product_cat-juventus-kindertrikot","7":"product_tag-coole-fussballtrikots","8":"product_tag-fussball-trikot-langarm","9":"product_tag-guenstiges-fussballtrikot","10":"product_tag-juventus-trikotsatz-fuer-kinder","11":"product_tag-kinder-fussball-trikotsatz","13":"first","14":"instock","15":"shipping-taxable","16":"purchasable","17":"product-type-variable"},"_links":{"self":[{"href":"https:\/\/www.billigtrikotde.com\/sl\/wp-json\/wp\/v2\/product\/3187","targetHints":{"allow":["GET"]}}],"collection":[{"href":"https:\/\/www.billigtrikotde.com\/sl\/wp-json\/wp\/v2\/product"}],"about":[{"href":"https:\/\/www.billigtrikotde.com\/sl\/wp-json\/wp\/v2\/types\/product"}],"replies":[{"embeddable":true,"href":"https:\/\/www.billigtrikotde.com\/sl\/wp-json\/wp\/v2\/comments?post=3187"}],"wp:featuredmedia":[{"embeddable":true,"href":"https:\/\/www.billigtrikotde.com\/sl\/wp-json\/wp\/v2\/media\/3222"}],"wp:attachment":[{"href":"https:\/\/www.billigtrikotde.com\/sl\/wp-json\/wp\/v2\/media?parent=3187"}],"wp:term":[{"taxonomy":"product_brand","embeddable":true,"href":"https:\/\/www.billigtrikotde.com\/sl\/wp-json\/wp\/v2\/product_brand?post=3187"},{"taxonomy":"product_cat","embeddable":true,"href":"https:\/\/www.billigtrikotde.com\/sl\/wp-json\/wp\/v2\/product_cat?post=3187"},{"taxonomy":"product_tag","embeddable":true,"href":"https:\/\/www.billigtrikotde.com\/sl\/wp-json\/wp\/v2\/product_tag?post=3187"}],"curies":[{"name":"wp","href":"https:\/\/api.w.org\/{rel}","templated":true}]}}