{"id":3181,"date":"2024-10-23T14:50:14","date_gmt":"2024-10-23T12:50:14","guid":{"rendered":"http:\/\/billigtrikots.com\/?post_type=product&#038;p=3181"},"modified":"2025-06-16T16:03:56","modified_gmt":"2025-06-16T14:03:56","slug":"kinder-home-fussball-trikot-juventus-turin-heimtrikot-2021-22-weiss-schwarz","status":"publish","type":"product","link":"https:\/\/www.billigtrikotde.com\/sl\/kinder-home-fussball-trikot-juventus-turin-heimtrikot-2021-22-weiss-schwarz\/","title":{"rendered":"Otro\u0161ka doma\u010da nogometna majica Juventus Torino Doma\u010da majica 2021\/22 Bela\/\u010drna"},"content":{"rendered":"<p>adidas Otro\u0161ka Juventus Turin doma\u010da majica 2021\/22. \u010cast doma\u010demu stadionu. Ta majica za otroke in najstnike praznuje 10. obletnico legendarnega Allianz stadiona. Opazne zvezde stavbe se odra\u017eajo v oblikovanju in dajejo klasi\u010dnemu videzu s \u010drnimi \u010drtami poseben pridih. Mehka tkanina in tehnologija AEROREADY, ki vpija vlago, zagotavljata prijetno suho ob\u010dutje. Navija\u0161ka majica z zvezdno kakovostjo. Vezen logotip kluba Juventus Turin. Redno krojena. Ribi\u010dasti V-izrez. Vpojenost vlage. Ribi\u010dasti man\u0161ete. Ta izdelek je Primegreen: izdelan z uporabo razli\u010dnih funkcionalnih recikliranih materialov. Material: 100% poliester.<\/p>\n<p>Nasveti za tiskanje: \u010ce sta ime in \u0161tevilka na sliki to\u010dno tak\u0161na, kot ju \u017eelite, ju ni treba ponovno vnesti. \u010ce ni tako, vnesite \u017eeleno ime in \u0161tevilko.<\/p>\n<p>Nasveti za pranje: Priporo\u010dljivo je, da nogometne majice perete ro\u010dno. \u010ce \u017eelite uporabiti pralni stroj, ne pozabite nogometne majice obrniti narobe in jih nato oprati. Stroj napolnite s hladno vodo in uporabite ob\u010dutljiv cikel, da bolje za\u0161\u010ditite barve.<\/p>","protected":false},"excerpt":{"rendered":"<p>adidas Kinder Juventus Turin Home Trikot 2021\/22. Eine Hommage an das Heimstadion. Dieses Trikot f\u00fcr Kinder und Teens feiert das 10-j\u00e4hrige Jubil\u00e4um des legend\u00e4ren Allianz Stadiums. Die auff\u00e4lligen Sterne des Geb\u00e4udes finden sich auf dem Design wieder und verleihen dem klassischen Look mit den schwarzen Streifen einen besonderen Touch. Das weiche Material und die feuchtigkeitsabsorbierende [&hellip;]<\/p>","protected":false},"featured_media":3221,"comment_status":"open","ping_status":"closed","template":"","meta":[],"product_brand":[],"product_cat":[148],"product_tag":[20,60,61,149,94],"class_list":{"0":"post-3181","1":"product","2":"type-product","3":"status-publish","4":"has-post-thumbnail","6":"product_cat-juventus-kindertrikot","7":"product_tag-coole-fussballtrikots","8":"product_tag-juventus-heimtrikot","9":"product_tag-juventus-trikots","10":"product_tag-juventus-trikotsatz-fuer-kinder","11":"product_tag-kinder-fussball-trikotsatz","13":"first","14":"instock","15":"shipping-taxable","16":"purchasable","17":"product-type-variable"},"_links":{"self":[{"href":"https:\/\/www.billigtrikotde.com\/sl\/wp-json\/wp\/v2\/product\/3181","targetHints":{"allow":["GET"]}}],"collection":[{"href":"https:\/\/www.billigtrikotde.com\/sl\/wp-json\/wp\/v2\/product"}],"about":[{"href":"https:\/\/www.billigtrikotde.com\/sl\/wp-json\/wp\/v2\/types\/product"}],"replies":[{"embeddable":true,"href":"https:\/\/www.billigtrikotde.com\/sl\/wp-json\/wp\/v2\/comments?post=3181"}],"wp:featuredmedia":[{"embeddable":true,"href":"https:\/\/www.billigtrikotde.com\/sl\/wp-json\/wp\/v2\/media\/3221"}],"wp:attachment":[{"href":"https:\/\/www.billigtrikotde.com\/sl\/wp-json\/wp\/v2\/media?parent=3181"}],"wp:term":[{"taxonomy":"product_brand","embeddable":true,"href":"https:\/\/www.billigtrikotde.com\/sl\/wp-json\/wp\/v2\/product_brand?post=3181"},{"taxonomy":"product_cat","embeddable":true,"href":"https:\/\/www.billigtrikotde.com\/sl\/wp-json\/wp\/v2\/product_cat?post=3181"},{"taxonomy":"product_tag","embeddable":true,"href":"https:\/\/www.billigtrikotde.com\/sl\/wp-json\/wp\/v2\/product_tag?post=3181"}],"curies":[{"name":"wp","href":"https:\/\/api.w.org\/{rel}","templated":true}]}}