{"id":3155,"date":"2024-10-23T14:49:03","date_gmt":"2024-10-23T12:49:03","guid":{"rendered":"http:\/\/billigtrikots.com\/?post_type=product&#038;p=3155"},"modified":"2025-06-16T16:04:07","modified_gmt":"2025-06-16T14:04:07","slug":"juventus-turin-auswaertstrikot-2021-22-kinder-schwarz-mit-aufdruck-bernardeschi-33","status":"publish","type":"product","link":"https:\/\/www.billigtrikotde.com\/sl\/juventus-turin-auswaertstrikot-2021-22-kinder-schwarz-mit-aufdruck-bernardeschi-33\/","title":{"rendered":"Juventus Turin gostujo\u010di komplet 2021\/22 otroci \u010drn s potiskom Bernardeschi 33"},"content":{"rendered":"<p>Tudi gostovanja profesionalcem iz Juventusa Torino ne vzamejo ritma. Pisani detajli in 3-\u010drtice s prelivom barv na tem nogometnem dresu za otroke in najstnike so navdihnjeni z energi\u010dno elektro-sceno Torina. Mehki material z vpojno tehnologijo AEROREADY zagotavlja prijetno suho ob\u010dutje med no\u0161enjem. In tkan logo zveze prikazuje vsakomur, za kateri klub tvoje srce bije. Ta izdelek je Primegreen: izdelan z razli\u010dnimi funkcionalnimi recikliranimi materiali.<\/p>\n<p>Nasveti za tiskanje: \u010ce sta ime in \u0161tevilka na sliki to\u010dno tak\u0161na, kot ju \u017eelite, ju ni treba ponovno vnesti. \u010ce ni tako, vnesite \u017eeleno ime in \u0161tevilko.<\/p>\n<p>Nasveti za pranje: Priporo\u010dljivo je, da nogometne majice perete ro\u010dno. \u010ce \u017eelite uporabiti pralni stroj, ne pozabite nogometne majice obrniti narobe in jih nato oprati. Stroj napolnite s hladno vodo in uporabite ob\u010dutljiv cikel, da bolje za\u0161\u010ditite barve.<\/p>","protected":false},"excerpt":{"rendered":"<p>Auch Ausw\u00e4rtsspiele bringen die Profis von Juventus Turin nicht aus dem Rhythmus. Die bunten Details und die 3-Streifen mit Farbverlauf auf diesem Fu\u00dfballtrikot f\u00fcr Kinder und Teens sind von der energiegeladenen Elektro-Szene Turins inspiriert. Das weiche Material mit feuchtigkeitsabsorbierender AEROREADY Technologie garantiert ein angenehm trockenes Tragegef\u00fchl. Und das gewebte Verbandslogo zeigt jedem, f\u00fcr welches Team [&hellip;]<\/p>","protected":false},"featured_media":3195,"comment_status":"open","ping_status":"closed","template":"","meta":[],"product_brand":[],"product_cat":[148],"product_tag":[20,150,61,149,94],"class_list":{"0":"post-3155","1":"product","2":"type-product","3":"status-publish","4":"has-post-thumbnail","6":"product_cat-juventus-kindertrikot","7":"product_tag-coole-fussballtrikots","8":"product_tag-juventus-auswaertstrikot","9":"product_tag-juventus-trikots","10":"product_tag-juventus-trikotsatz-fuer-kinder","11":"product_tag-kinder-fussball-trikotsatz","13":"first","14":"instock","15":"shipping-taxable","16":"purchasable","17":"product-type-variable"},"_links":{"self":[{"href":"https:\/\/www.billigtrikotde.com\/sl\/wp-json\/wp\/v2\/product\/3155","targetHints":{"allow":["GET"]}}],"collection":[{"href":"https:\/\/www.billigtrikotde.com\/sl\/wp-json\/wp\/v2\/product"}],"about":[{"href":"https:\/\/www.billigtrikotde.com\/sl\/wp-json\/wp\/v2\/types\/product"}],"replies":[{"embeddable":true,"href":"https:\/\/www.billigtrikotde.com\/sl\/wp-json\/wp\/v2\/comments?post=3155"}],"wp:featuredmedia":[{"embeddable":true,"href":"https:\/\/www.billigtrikotde.com\/sl\/wp-json\/wp\/v2\/media\/3195"}],"wp:attachment":[{"href":"https:\/\/www.billigtrikotde.com\/sl\/wp-json\/wp\/v2\/media?parent=3155"}],"wp:term":[{"taxonomy":"product_brand","embeddable":true,"href":"https:\/\/www.billigtrikotde.com\/sl\/wp-json\/wp\/v2\/product_brand?post=3155"},{"taxonomy":"product_cat","embeddable":true,"href":"https:\/\/www.billigtrikotde.com\/sl\/wp-json\/wp\/v2\/product_cat?post=3155"},{"taxonomy":"product_tag","embeddable":true,"href":"https:\/\/www.billigtrikotde.com\/sl\/wp-json\/wp\/v2\/product_tag?post=3155"}],"curies":[{"name":"wp","href":"https:\/\/api.w.org\/{rel}","templated":true}]}}