{"id":3074,"date":"2024-10-23T14:45:04","date_gmt":"2024-10-23T12:45:04","guid":{"rendered":"http:\/\/billigtrikots.com\/?post_type=product&#038;p=3074"},"modified":"2024-10-23T14:47:19","modified_gmt":"2024-10-23T12:47:19","slug":"fc-barcelona-2021-22-heimtrikot-blau-rot-fuer-kinder-mit-aufdruck-sergio-5","status":"publish","type":"product","link":"https:\/\/www.billigtrikotde.com\/sl\/fc-barcelona-2021-22-heimtrikot-blau-rot-fuer-kinder-mit-aufdruck-sergio-5\/","title":{"rendered":"FC Barcelona 2021\/22 doma\u010da majica modra rde\u010da za otroke s potiskom Sergio 5"},"content":{"rendered":"<p>Otro\u0161ka majica Nike v modri barvi ti omogo\u010da, da nosi\u0161 barve svojega kluba in vsem poka\u017ee\u0161, za kaj se tvoja srca borijo. Raz\u0161iri svojo zbirko FC Barcelona z doma\u010do majico, ki jo nosijo tudi igralci v Primera Division. Priporo\u010damo to lahkotno, udobno, zra\u010dno in odvajajo\u010do potenje model z prijetnim ob\u010dutkom pri no\u0161enju. To je \u0161portna majica, ki jo zagotovo lahko izpostavi grb kluba na prsih. Tako si \u0161e bolj zmogljiv in lahko v vsaki enoti da\u0161 vse od sebe. \u010cudovita modra model s \u010drtastim vzorcem izgleda preprosto odli\u010dno.<\/p>\n<p>Nasveti za tiskanje: \u010ce sta ime in \u0161tevilka na sliki to\u010dno tak\u0161na, kot ju \u017eelite, ju ni treba ponovno vnesti. \u010ce ni tako, vnesite \u017eeleno ime in \u0161tevilko.<\/p>\n<p>Nasveti za pranje: Priporo\u010dljivo je, da nogometne majice perete ro\u010dno. \u010ce \u017eelite uporabiti pralni stroj, ne pozabite nogometne majice obrniti narobe in jih nato oprati. Stroj napolnite s hladno vodo in uporabite ob\u010dutljiv cikel, da bolje za\u0161\u010ditite barve.<\/p>","protected":false},"excerpt":{"rendered":"<p>Das Kinder-Trikot von Nike in Blau l\u00e4sst dich die Farben deines Vereins tragen und allen zeigen, wof\u00fcr dein Herz schl\u00e4gt. Erweitere deine FC Barcelona-Kollektion mit dem Heim-Trikot, das auch die Spieler in der Primera Division tragen. Wir empfehlen dieses leichte, bequeme, atmungsaktive und schwei\u00dfableitende Modell mit dem angenehmen Tragegef\u00fchl. Dies ist ein Sportshirt, das durch [&hellip;]<\/p>","protected":false},"featured_media":3114,"comment_status":"open","ping_status":"closed","template":"","meta":[],"product_brand":[],"product_cat":[146],"product_tag":[32,147,20,33,21,22,23,24,94],"class_list":{"0":"post-3074","1":"product","2":"type-product","3":"status-publish","4":"has-post-thumbnail","6":"product_cat-barcelona-kindertrikot","7":"product_tag-barcelona-heimtrikot","8":"product_tag-barcelona-trikotsatz-fuer-kinder","9":"product_tag-coole-fussballtrikots","10":"product_tag-fc-barcelona-trikots","11":"product_tag-fussballtrikot-fuer-herren","12":"product_tag-fussballtrikot-guenstig-kaufen","13":"product_tag-fussballtrikot-kurzarm","14":"product_tag-guenstiges-fussballtrikot","15":"product_tag-kinder-fussball-trikotsatz","17":"first","18":"instock","19":"shipping-taxable","20":"purchasable","21":"product-type-variable"},"_links":{"self":[{"href":"https:\/\/www.billigtrikotde.com\/sl\/wp-json\/wp\/v2\/product\/3074","targetHints":{"allow":["GET"]}}],"collection":[{"href":"https:\/\/www.billigtrikotde.com\/sl\/wp-json\/wp\/v2\/product"}],"about":[{"href":"https:\/\/www.billigtrikotde.com\/sl\/wp-json\/wp\/v2\/types\/product"}],"replies":[{"embeddable":true,"href":"https:\/\/www.billigtrikotde.com\/sl\/wp-json\/wp\/v2\/comments?post=3074"}],"wp:featuredmedia":[{"embeddable":true,"href":"https:\/\/www.billigtrikotde.com\/sl\/wp-json\/wp\/v2\/media\/3114"}],"wp:attachment":[{"href":"https:\/\/www.billigtrikotde.com\/sl\/wp-json\/wp\/v2\/media?parent=3074"}],"wp:term":[{"taxonomy":"product_brand","embeddable":true,"href":"https:\/\/www.billigtrikotde.com\/sl\/wp-json\/wp\/v2\/product_brand?post=3074"},{"taxonomy":"product_cat","embeddable":true,"href":"https:\/\/www.billigtrikotde.com\/sl\/wp-json\/wp\/v2\/product_cat?post=3074"},{"taxonomy":"product_tag","embeddable":true,"href":"https:\/\/www.billigtrikotde.com\/sl\/wp-json\/wp\/v2\/product_tag?post=3074"}],"curies":[{"name":"wp","href":"https:\/\/api.w.org\/{rel}","templated":true}]}}