{"id":3026,"date":"2024-10-23T14:42:58","date_gmt":"2024-10-23T12:42:58","guid":{"rendered":"http:\/\/billigtrikots.com\/?post_type=product&#038;p=3026"},"modified":"2024-10-23T14:44:57","modified_gmt":"2024-10-23T12:44:57","slug":"manchester-city-auswaertstrikot-2022-fuer-kinder-mit-mahrez-26-aufdruck","status":"publish","type":"product","link":"https:\/\/www.billigtrikotde.com\/sl\/manchester-city-auswaertstrikot-2022-fuer-kinder-mit-mahrez-26-aufdruck\/","title":{"rendered":"Manchester City Away Jersey 2022 za otroke z Mahrezom 26 Natisni"},"content":{"rendered":"<p>Lahko najbolje poka\u017ee\u0161 svojo zvestobo in pripadnost svoji klubu s PUMA dresom v beli barvi. Ta Manchester City izven doma\u010dega dresa, kot ga nosijo igralci v Premier ligi, mora biti prisoten v vsaki zbirki navija\u010dev. Je zra\u010den, udoben in lahek. To je \u0161portna majica, ki je zaradi grba kluba na prsih zagotovo pravi adut. Ne glede na to, kako naporno je trening ali tekma, s tem modelom si vedno odli\u010dno viden.<\/p>\n<p>Nasveti za tiskanje: \u010ce sta ime in \u0161tevilka na sliki to\u010dno tak\u0161na, kot ju \u017eelite, ju ni treba ponovno vnesti. \u010ce ni tako, vnesite \u017eeleno ime in \u0161tevilko.<\/p>\n<p>Nasveti za pranje: Priporo\u010dljivo je, da nogometne majice perete ro\u010dno. \u010ce \u017eelite uporabiti pralni stroj, ne pozabite nogometne majice obrniti narobe in jih nato oprati. Stroj napolnite s hladno vodo in uporabite ob\u010dutljiv cikel, da bolje za\u0161\u010ditite barve.<\/p>","protected":false},"excerpt":{"rendered":"<p>Du kannst deine Treue und Zugeh\u00f6rigkeit zu deinem Verein am besten mit dem PUMA Trikot in Wei\u00df zeigen. In keiner Fan-Sammlung darf dieses Manchester City-Ausw\u00e4rts-Trikot, wie es die Spieler in der Premier League tragen, fehlen. Es ist atmungsaktiv, bequem und leicht. Dies ist ein Sportshirt, das durch das Vereinswappen auf der Brust garantiert trumpfen kann. [&hellip;]<\/p>","protected":false},"featured_media":3066,"comment_status":"open","ping_status":"closed","template":"","meta":[],"product_brand":[],"product_cat":[144],"product_tag":[20,94,83,84,145],"class_list":{"0":"post-3026","1":"product","2":"type-product","3":"status-publish","4":"has-post-thumbnail","6":"product_cat-manchester-city-kindertrikot","7":"product_tag-coole-fussballtrikots","8":"product_tag-kinder-fussball-trikotsatz","9":"product_tag-manchester-city-auswaertstrikot","10":"product_tag-manchester-city-trikots","11":"product_tag-manchester-city-trikotsatz-fuer-kinder","13":"first","14":"instock","15":"shipping-taxable","16":"purchasable","17":"product-type-variable"},"_links":{"self":[{"href":"https:\/\/www.billigtrikotde.com\/sl\/wp-json\/wp\/v2\/product\/3026","targetHints":{"allow":["GET"]}}],"collection":[{"href":"https:\/\/www.billigtrikotde.com\/sl\/wp-json\/wp\/v2\/product"}],"about":[{"href":"https:\/\/www.billigtrikotde.com\/sl\/wp-json\/wp\/v2\/types\/product"}],"replies":[{"embeddable":true,"href":"https:\/\/www.billigtrikotde.com\/sl\/wp-json\/wp\/v2\/comments?post=3026"}],"wp:featuredmedia":[{"embeddable":true,"href":"https:\/\/www.billigtrikotde.com\/sl\/wp-json\/wp\/v2\/media\/3066"}],"wp:attachment":[{"href":"https:\/\/www.billigtrikotde.com\/sl\/wp-json\/wp\/v2\/media?parent=3026"}],"wp:term":[{"taxonomy":"product_brand","embeddable":true,"href":"https:\/\/www.billigtrikotde.com\/sl\/wp-json\/wp\/v2\/product_brand?post=3026"},{"taxonomy":"product_cat","embeddable":true,"href":"https:\/\/www.billigtrikotde.com\/sl\/wp-json\/wp\/v2\/product_cat?post=3026"},{"taxonomy":"product_tag","embeddable":true,"href":"https:\/\/www.billigtrikotde.com\/sl\/wp-json\/wp\/v2\/product_tag?post=3026"}],"curies":[{"name":"wp","href":"https:\/\/api.w.org\/{rel}","templated":true}]}}