{"id":2973,"date":"2024-10-23T14:40:46","date_gmt":"2024-10-23T12:40:46","guid":{"rendered":"http:\/\/billigtrikots.com\/?post_type=product&#038;p=2973"},"modified":"2024-10-23T14:42:48","modified_gmt":"2024-10-23T12:42:48","slug":"manchester-united-auswaertstrikot-2022-kinder-mit-aufdruck-de-gea-1","status":"publish","type":"product","link":"https:\/\/www.billigtrikotde.com\/sl\/manchester-united-auswaertstrikot-2022-kinder-mit-aufdruck-de-gea-1\/","title":{"rendered":"Manchester United majica 2022 kids s potiskom DE GEA 1"},"content":{"rendered":"<p>Nikoli ne pozabi, od kod prihaja\u0161! \u010crka \u201eM\u201c za doma\u010de mesto kluba je \u017ee ve\u010dkrat na\u0161la pot na legendarne opreme Manchester Uniteda. Ta adidas nogometna majica v razli\u010dici za otroke in najstnike ponovno uporablja \u010drko in prihaja z modernim videzom, ki spominja na klasi\u010dno majico iz zgodnjih 90-ih. Mehki dvojni pleteni material in tehnologija AEROREADY, ki absorbira vlago, zagotavljata prijetno suho ob\u010dutje. Tkan logo kluba prav tako ka\u017ee, da si pravi navija\u010d Manchester Uniteda. Ta izdelek je Primegreen: izdelan z uporabo razli\u010dnih funkcionalnih recikliranih materialov.<\/p>\n<p>Nasveti za tiskanje: \u010ce sta ime in \u0161tevilka na sliki to\u010dno tak\u0161na, kot ju \u017eelite, ju ni treba ponovno vnesti. \u010ce ni tako, vnesite \u017eeleno ime in \u0161tevilko.<\/p>\n<p>Nasveti za pranje: Priporo\u010dljivo je, da nogometne majice perete ro\u010dno. \u010ce \u017eelite uporabiti pralni stroj, ne pozabite nogometne majice obrniti narobe in jih nato oprati. Stroj napolnite s hladno vodo in uporabite ob\u010dutljiv cikel, da bolje za\u0161\u010ditite barve.<\/p>","protected":false},"excerpt":{"rendered":"<p>Vergiss nie, wo du herkommst! Der Buchstabe \u201eM\u201c f\u00fcr die Heimatstadt des Vereins hat schon oft seinen Weg auf die legend\u00e4ren Ausr\u00fcstungen von Manchester United gefunden. Dieses adidas Fu\u00dfballtrikot in der Version f\u00fcr Kinder und Teens greift den Buchstaben wieder auf und kommt mit einem modernen Look, der an ein klassisches Trikot aus den fr\u00fchen [&hellip;]<\/p>","protected":false},"featured_media":3015,"comment_status":"open","ping_status":"closed","template":"","meta":[],"product_brand":[],"product_cat":[140],"product_tag":[20,94,51,52,142],"class_list":{"0":"post-2973","1":"product","2":"type-product","3":"status-publish","4":"has-post-thumbnail","6":"product_cat-manchester-united-kindertrikot","7":"product_tag-coole-fussballtrikots","8":"product_tag-kinder-fussball-trikotsatz","9":"product_tag-manchester-united-auswaertstrikot","10":"product_tag-manchester-united-trikots","11":"product_tag-manchester-united-trikotsatz-fuer-kinder","13":"first","14":"instock","15":"shipping-taxable","16":"purchasable","17":"product-type-variable"},"_links":{"self":[{"href":"https:\/\/www.billigtrikotde.com\/sl\/wp-json\/wp\/v2\/product\/2973","targetHints":{"allow":["GET"]}}],"collection":[{"href":"https:\/\/www.billigtrikotde.com\/sl\/wp-json\/wp\/v2\/product"}],"about":[{"href":"https:\/\/www.billigtrikotde.com\/sl\/wp-json\/wp\/v2\/types\/product"}],"replies":[{"embeddable":true,"href":"https:\/\/www.billigtrikotde.com\/sl\/wp-json\/wp\/v2\/comments?post=2973"}],"wp:featuredmedia":[{"embeddable":true,"href":"https:\/\/www.billigtrikotde.com\/sl\/wp-json\/wp\/v2\/media\/3015"}],"wp:attachment":[{"href":"https:\/\/www.billigtrikotde.com\/sl\/wp-json\/wp\/v2\/media?parent=2973"}],"wp:term":[{"taxonomy":"product_brand","embeddable":true,"href":"https:\/\/www.billigtrikotde.com\/sl\/wp-json\/wp\/v2\/product_brand?post=2973"},{"taxonomy":"product_cat","embeddable":true,"href":"https:\/\/www.billigtrikotde.com\/sl\/wp-json\/wp\/v2\/product_cat?post=2973"},{"taxonomy":"product_tag","embeddable":true,"href":"https:\/\/www.billigtrikotde.com\/sl\/wp-json\/wp\/v2\/product_tag?post=2973"}],"curies":[{"name":"wp","href":"https:\/\/api.w.org\/{rel}","templated":true}]}}