{"id":2941,"date":"2024-10-23T14:39:06","date_gmt":"2024-10-23T12:39:06","guid":{"rendered":"http:\/\/billigtrikots.com\/?post_type=product&#038;p=2941"},"modified":"2024-10-23T14:41:13","modified_gmt":"2024-10-23T12:41:13","slug":"trikotsatz-manchester-united-heimtrikot-2022-kinder-rot-mit-aufdruck-martial-9","status":"publish","type":"product","link":"https:\/\/www.billigtrikotde.com\/sl\/trikotsatz-manchester-united-heimtrikot-2022-kinder-rot-mit-aufdruck-martial-9\/","title":{"rendered":"Manchester United doma\u010di komplet 2022 kids rde\u010d s potiskom MARTIAL 9"},"content":{"rendered":"<p>Mladi talenti, zagretost in potrebna mera ambicije. Te tri stebre \u017ee ve\u010d kot sto let prina\u0161ajo Manchester Unitedu bu\u010dne uspehe. Ta adidas Manchester United dres za otroke in najstnike je s svojim \u010distim rde\u010dim dizajnom in belim, ribanim ovratnikom navdihnjen s legendarno opremo, s katero je ekipa dosegla nepozabne zmage. Dizajn za navija\u010de je iz mehkega materiala z vla\u017eilno tehnologijo AEROREADY in zagotavlja prijetno suho in udobno ob\u010dutje. Podrobnost na hrbtni strani prav tako ka\u017ee, da si pravi navija\u010d. Ta izdelek je Primegreen: izdelan z uporabo razli\u010dnih funkcionalnih recikliranih materialov.<\/p>\n<p>Nasveti za tiskanje: \u010ce sta ime in \u0161tevilka na sliki to\u010dno tak\u0161na, kot ju \u017eelite, ju ni treba ponovno vnesti. \u010ce ni tako, vnesite \u017eeleno ime in \u0161tevilko.<\/p>\n<p>Nasveti za pranje: Priporo\u010dljivo je, da nogometne majice perete ro\u010dno. \u010ce \u017eelite uporabiti pralni stroj, ne pozabite nogometne majice obrniti narobe in jih nato oprati. Stroj napolnite s hladno vodo in uporabite ob\u010dutljiv cikel, da bolje za\u0161\u010ditite barve.<\/p>","protected":false},"excerpt":{"rendered":"<p>Junge Talente, Biss und die n\u00f6tige Portion Ehrgeiz. Diese drei S\u00e4ulen bescheren Manchester United schon mehr als ein Jahrhundert lang rauschende Erfolge. Dieses adidas Manchester United Trikot f\u00fcr Kinder und Teens ist mit seinem cleanen roten Design und dem wei\u00dfen, gerippten Rundhalsausschnitt von der legend\u00e4ren Ausr\u00fcstung inspiriert, mit der die Mannschaft einige ihrer unvergesslichsten Triumphe [&hellip;]<\/p>","protected":false},"featured_media":2980,"comment_status":"open","ping_status":"closed","template":"","meta":[],"product_brand":[],"product_cat":[140],"product_tag":[20,94,141,52,142],"class_list":{"0":"post-2941","1":"product","2":"type-product","3":"status-publish","4":"has-post-thumbnail","6":"product_cat-manchester-united-kindertrikot","7":"product_tag-coole-fussballtrikots","8":"product_tag-kinder-fussball-trikotsatz","9":"product_tag-manchester-united-heimtrikot","10":"product_tag-manchester-united-trikots","11":"product_tag-manchester-united-trikotsatz-fuer-kinder","13":"first","14":"instock","15":"shipping-taxable","16":"purchasable","17":"product-type-variable"},"_links":{"self":[{"href":"https:\/\/www.billigtrikotde.com\/sl\/wp-json\/wp\/v2\/product\/2941","targetHints":{"allow":["GET"]}}],"collection":[{"href":"https:\/\/www.billigtrikotde.com\/sl\/wp-json\/wp\/v2\/product"}],"about":[{"href":"https:\/\/www.billigtrikotde.com\/sl\/wp-json\/wp\/v2\/types\/product"}],"replies":[{"embeddable":true,"href":"https:\/\/www.billigtrikotde.com\/sl\/wp-json\/wp\/v2\/comments?post=2941"}],"wp:featuredmedia":[{"embeddable":true,"href":"https:\/\/www.billigtrikotde.com\/sl\/wp-json\/wp\/v2\/media\/2980"}],"wp:attachment":[{"href":"https:\/\/www.billigtrikotde.com\/sl\/wp-json\/wp\/v2\/media?parent=2941"}],"wp:term":[{"taxonomy":"product_brand","embeddable":true,"href":"https:\/\/www.billigtrikotde.com\/sl\/wp-json\/wp\/v2\/product_brand?post=2941"},{"taxonomy":"product_cat","embeddable":true,"href":"https:\/\/www.billigtrikotde.com\/sl\/wp-json\/wp\/v2\/product_cat?post=2941"},{"taxonomy":"product_tag","embeddable":true,"href":"https:\/\/www.billigtrikotde.com\/sl\/wp-json\/wp\/v2\/product_tag?post=2941"}],"curies":[{"name":"wp","href":"https:\/\/api.w.org\/{rel}","templated":true}]}}